{"id":49,"date":"2013-09-06T15:54:42","date_gmt":"2013-09-06T18:54:42","guid":{"rendered":"http:\/\/localhost\/portal_old\/biblioteca-audepp\/"},"modified":"2025-10-30T21:38:55","modified_gmt":"2025-10-31T00:38:55","slug":"biblioteca-audepp","status":"publish","type":"page","link":"https:\/\/audepp.org\/portal\/biblioteca-audepp\/","title":{"rendered":"Biblioteca"},"content":{"rendered":"\n<div class=\"wp-block-uagb-container uagb-block-ho3j9fxg alignfull uagb-is-root-container\"><div class=\"uagb-container-inner-blocks-wrap\">\n<div class=\"wp-block-uagb-container uagb-block-02c70d62\">\n<div class=\"wp-block-uagb-image alignleft uagb-block-bagelvf5 wp-block-uagb-image--layout-default wp-block-uagb-image--effect-static wp-block-uagb-image--align-left\"><figure class=\"wp-block-uagb-image__figure\"><img decoding=\"async\" srcset=\"https:\/\/audepp.org\/portal\/wp-content\/uploads\/2025\/08\/biblioteca_libros_logo-683x1024.png ,https:\/\/audepp.org\/portal\/wp-content\/uploads\/2025\/08\/biblioteca_libros_logo.png 780w, https:\/\/audepp.org\/portal\/wp-content\/uploads\/2025\/08\/biblioteca_libros_logo.png 360w\" sizes=\"auto, (max-width: 480px) 150px\" src=\"https:\/\/audepp.org\/portal\/wp-content\/uploads\/2025\/08\/biblioteca_libros_logo-683x1024.png\" alt=\"\" class=\"uag-image-17749\" width=\"250\" height=\"380\" title=\"biblioteca_libros_logo\" loading=\"lazy\" role=\"img\"\/><\/figure><\/div>\n\n\n\n<div class=\"wp-block-uagb-image alignleft uagb-block-vviottuu wp-block-uagb-image--layout-default wp-block-uagb-image--effect-static wp-block-uagb-image--align-left\"><figure class=\"wp-block-uagb-image__figure\"><img decoding=\"async\" srcset=\"https:\/\/audepp.org\/portal\/wp-content\/uploads\/2025\/08\/biblioteca_4-683x1024.png ,https:\/\/audepp.org\/portal\/wp-content\/uploads\/2025\/08\/biblioteca_4.png 780w, https:\/\/audepp.org\/portal\/wp-content\/uploads\/2025\/08\/biblioteca_4.png 360w\" sizes=\"auto, (max-width: 480px) 150px\" src=\"https:\/\/audepp.org\/portal\/wp-content\/uploads\/2025\/08\/biblioteca_4-683x1024.png\" alt=\"\" class=\"uag-image-17750\" width=\"250\" height=\"380\" title=\"biblioteca_4\" loading=\"lazy\" role=\"img\"\/><\/figure><\/div>\n<\/div>\n\n\n\n<div class=\"wp-block-uagb-container uagb-block-tm8cjufm\">\n<h4 class=\"wp-block-heading ticss-74028f1a has-black-color has-text-color has-link-color wp-elements-a598277ddd523d5e03604aa8738606ac\" style=\"font-size:32px;font-style:normal;font-weight:700\">Biblioteca de la Asociaci\u00f3n Uruguaya de Psicoterapia Psicoanal\u00edtica<\/h4>\n\n\n\n<p class=\"ticss-94cacda0\" style=\"font-size:16px;line-height:1.7\"><br>La biblioteca de AUDEPP es un centro de informaci\u00f3n especializado en psicoan\u00e1lisis, psicoterapia psicoanal\u00edtica y \u00e1reas tem\u00e1ticas afines. Cuenta en su acervo con 4.000 libros y 30 t\u00edtulos de publicaciones peri\u00f3dicas nacionales y extranjeras. La base de datos documental tiene m\u00e1s de 12.000 registros bibliogr\u00e1ficos de libros, cap\u00edtulos de libros, art\u00edculos de publicaciones peri\u00f3dicas y materiales audiovisuales.<\/p>\n\n\n\n<p class=\"ticss-94cacda0\" style=\"font-size:16px;font-style:normal;font-weight:700;line-height:1.7\"><br><strong>Informaci\u00f3n<\/strong><\/p>\n\n\n\n<div class=\"wp-block-uagb-icon-list uagb-block-bhfosj4n\"><div class=\"uagb-icon-list__wrap\">\n<div class=\"wp-block-uagb-icon-list-child uagb-block-xpnrpngl\"><span class=\"uagb-icon-list__source-wrap\"><svg xmlns=\"https:\/\/www.w3.org\/2000\/svg\" viewBox=\"0 0 448 512\"><path d=\"M438.6 105.4C451.1 117.9 451.1 138.1 438.6 150.6L182.6 406.6C170.1 419.1 149.9 419.1 137.4 406.6L9.372 278.6C-3.124 266.1-3.124 245.9 9.372 233.4C21.87 220.9 42.13 220.9 54.63 233.4L159.1 338.7L393.4 105.4C405.9 92.88 426.1 92.88 438.6 105.4H438.6z\"><\/path><\/svg><\/span><span class=\"uagb-icon-list__label\"><strong>Coordinador<\/strong>: N\u00e9stor Gamarra<\/span><\/div>\n\n\n\n<div class=\"wp-block-uagb-icon-list-child uagb-block-tdgsztup\"><span class=\"uagb-icon-list__source-wrap\"><svg xmlns=\"https:\/\/www.w3.org\/2000\/svg\" viewBox=\"0 0 448 512\"><path d=\"M438.6 105.4C451.1 117.9 451.1 138.1 438.6 150.6L182.6 406.6C170.1 419.1 149.9 419.1 137.4 406.6L9.372 278.6C-3.124 266.1-3.124 245.9 9.372 233.4C21.87 220.9 42.13 220.9 54.63 233.4L159.1 338.7L393.4 105.4C405.9 92.88 426.1 92.88 438.6 105.4H438.6z\"><\/path><\/svg><\/span><span class=\"uagb-icon-list__label\"><strong>Direcci\u00f3n:<\/strong> Canelones 2208 (CP 11.200), Montevideo, Uruguay<\/span><\/div>\n\n\n\n<div class=\"wp-block-uagb-icon-list-child uagb-block-xj5julyn\"><span class=\"uagb-icon-list__source-wrap\"><svg xmlns=\"https:\/\/www.w3.org\/2000\/svg\" viewBox=\"0 0 448 512\"><path d=\"M438.6 105.4C451.1 117.9 451.1 138.1 438.6 150.6L182.6 406.6C170.1 419.1 149.9 419.1 137.4 406.6L9.372 278.6C-3.124 266.1-3.124 245.9 9.372 233.4C21.87 220.9 42.13 220.9 54.63 233.4L159.1 338.7L393.4 105.4C405.9 92.88 426.1 92.88 438.6 105.4H438.6z\"><\/path><\/svg><\/span><span class=\"uagb-icon-list__label\"><strong>Tel\u00e9fono:<\/strong> +598 2402 8453<\/span><\/div>\n\n\n\n<div class=\"wp-block-uagb-icon-list-child uagb-block-a600fac1\"><span class=\"uagb-icon-list__source-wrap\"><svg xmlns=\"https:\/\/www.w3.org\/2000\/svg\" viewBox=\"0 0 448 512\"><path d=\"M438.6 105.4C451.1 117.9 451.1 138.1 438.6 150.6L182.6 406.6C170.1 419.1 149.9 419.1 137.4 406.6L9.372 278.6C-3.124 266.1-3.124 245.9 9.372 233.4C21.87 220.9 42.13 220.9 54.63 233.4L159.1 338.7L393.4 105.4C405.9 92.88 426.1 92.88 438.6 105.4H438.6z\"><\/path><\/svg><\/span><span class=\"uagb-icon-list__label\"><strong>Correo:<\/strong> biblioteca@audepp.org<\/span><\/div>\n\n\n\n<div class=\"wp-block-uagb-icon-list-child uagb-block-622bdebd\"><span class=\"uagb-icon-list__source-wrap\"><svg xmlns=\"https:\/\/www.w3.org\/2000\/svg\" viewBox=\"0 0 448 512\"><path d=\"M438.6 105.4C451.1 117.9 451.1 138.1 438.6 150.6L182.6 406.6C170.1 419.1 149.9 419.1 137.4 406.6L9.372 278.6C-3.124 266.1-3.124 245.9 9.372 233.4C21.87 220.9 42.13 220.9 54.63 233.4L159.1 338.7L393.4 105.4C405.9 92.88 426.1 92.88 438.6 105.4H438.6z\"><\/path><\/svg><\/span><span class=\"uagb-icon-list__label\"><strong>Horarios:<\/strong> Martes y Jueves de 16 a 22 horas, y Viernes de 9 a 15 hs.<\/span><\/div>\n<\/div><\/div>\n<\/div>\n<\/div><\/div>\n\n\n\n<h5 class=\"wp-block-heading has-black-color has-text-color has-link-color wp-elements-f0946570f97df009eeac3d2073390426\" style=\"margin-right:40px;margin-left:40px;font-size:28px;line-height:1.7\"><strong>Servicios<\/strong><\/h5>\n\n\n\n<p class=\"has-black-color has-text-color has-link-color wp-elements-c33e174dd617024dbf4fde159fb109fc\" style=\"margin-right:40px;margin-left:40px;font-size:16px;line-height:1.7\">B\u00fasqueda de informaci\u00f3n y elaboraci\u00f3n de bibliograf\u00edas<\/p>\n\n\n<div class=\"wp-block-uagb-faq uagb-faq__outer-wrap uagb-block-wkidzcmc uagb-faq-icon-row-reverse uagb-faq-layout-accordion uagb-faq-expand-first-true uagb-faq-inactive-other-false uagb-faq__wrap uagb-buttons-layout-wrap uagb-faq-equal-height     \" data-faqtoggle=\"true\" role=\"tablist\"><div class=\"wp-block-uagb-faq-child uagb-faq-child__outer-wrap uagb-faq-item uagb-block-bxp5wixy ticss-82931621\" role=\"tab\" tabindex=\"0\"><div class=\"uagb-faq-questions-button uagb-faq-questions\">\t\t\t<span class=\"uagb-icon uagb-faq-icon-wrap\">\n\t\t\t\t\t\t\t<\/span>\n\t\t\t\t\t\t<span class=\"uagb-icon-active uagb-faq-icon-wrap\">\n\t\t\t\t\t\t\t<\/span>\n\t\t\t<p class=\"uagb-question\">Circulaci\u00f3n y pr\u00e9stamo<\/p><\/div><div class=\"uagb-faq-content\"><p> \u27a4 El pr\u00e9stamo domiciliario es para socios de AUDEPP, estudiantes del IUPA y asistentes a cursos de formaci\u00f3n continua.<br><br>\u27a4 El pr\u00e9stamo en sala incluye a no socios de la instituci\u00f3n.<\/p><\/div><\/div><div class=\"wp-block-uagb-faq-child uagb-faq-child__outer-wrap uagb-faq-item uagb-block-rvl1o05e ticss-a731b80f\" role=\"tab\" tabindex=\"0\"><div class=\"uagb-faq-questions-button uagb-faq-questions\">\t\t\t<span class=\"uagb-icon uagb-faq-icon-wrap\">\n\t\t\t\t\t\t\t<\/span>\n\t\t\t\t\t\t<span class=\"uagb-icon-active uagb-faq-icon-wrap\">\n\t\t\t\t\t\t\t<\/span>\n\t\t\t<p class=\"uagb-question\">Convenio de Biblioteca APU-AUDEPP<\/p><\/div><div class=\"uagb-faq-content\"><p>El 15 de mayo de 2015 se firm\u00f3 un Convenio denominado Servicio de Pr\u00e9stamo Interbibliotecario entre la Asociaci\u00f3n Psicoanal\u00edtica del Uruguay y la Asociaci\u00f3n Uruguaya de Psicoterapia Psicoanal\u00edtica. Dicho convenio tiene como fin facilitar el acceso a recursos de informaci\u00f3n bibliogr\u00e1fica, brindando a los usuarios de ambas instituciones informaci\u00f3n de calidad.<\/p><\/div><\/div><\/div>\n\n\n<div class=\"wp-block-uagb-image uagb-block-f33c85c2 wp-block-uagb-image--layout-default wp-block-uagb-image--effect-zoomin wp-block-uagb-image--align-none\"><figure class=\"wp-block-uagb-image__figure\"><a class=\"\" href=\"https:\/\/www.audepp.org\/cgi-bin\/wxis.exe\/iah\/scripts\/?IsisScript=iah.xis&amp;lang=es&amp;base=EDIPO\" target=\"_blank\" rel=\"noreferrer noopener\"><img decoding=\"async\" srcset=\"https:\/\/audepp.org\/portal\/wp-content\/uploads\/2025\/08\/logo_biblioteca_virtual.png ,https:\/\/audepp.org\/portal\/wp-content\/uploads\/2025\/08\/logo_biblioteca_virtual.png 780w, https:\/\/audepp.org\/portal\/wp-content\/uploads\/2025\/08\/logo_biblioteca_virtual.png 360w\" sizes=\"auto, (max-width: 480px) 150px\" src=\"https:\/\/audepp.org\/portal\/wp-content\/uploads\/2025\/08\/logo_biblioteca_virtual.png\" alt=\"\" class=\"uag-image-17474\" width=\"1450\" height=\"545\" title=\"logo_biblioteca_virtual\" loading=\"lazy\" role=\"img\"\/><\/a><figcaption class=\"uagb-image-caption\">Click en la imagen para ingresar a la biblioteca virtual. <\/figcaption><\/figure><\/div>\n\n\n\n<p><\/p>\n","protected":false},"excerpt":{"rendered":"<p>Biblioteca de la Asociaci\u00f3n Uruguaya de Psicoterapia Psicoanal\u00edtica La biblioteca de AUDEPP es un centro de informaci\u00f3n especializado en psicoan\u00e1lisis, psicoterapia psicoanal\u00edtica y \u00e1reas tem\u00e1ticas afines. Cuenta en su acervo con 4.000 libros y 30 t\u00edtulos de publicaciones peri\u00f3dicas nacionales y extranjeras. La base de datos documental tiene m\u00e1s de 12.000 registros bibliogr\u00e1ficos de libros, [&hellip;]<\/p>\n","protected":false},"author":1,"featured_media":0,"parent":0,"menu_order":5,"comment_status":"closed","ping_status":"closed","template":"","meta":{"_uag_custom_page_level_css":"","site-sidebar-layout":"default","site-content-layout":"","ast-site-content-layout":"","site-content-style":"default","site-sidebar-style":"default","ast-global-header-display":"","ast-banner-title-visibility":"","ast-main-header-display":"","ast-hfb-above-header-display":"","ast-hfb-below-header-display":"","ast-hfb-mobile-header-display":"","site-post-title":"","ast-breadcrumbs-content":"","ast-featured-img":"","footer-sml-layout":"","theme-transparent-header-meta":"","adv-header-id-meta":"","stick-header-meta":"","header-above-stick-meta":"","header-main-stick-meta":"","header-below-stick-meta":"","astra-migrate-meta-layouts":"default","ast-page-background-enabled":"default","ast-page-background-meta":{"desktop":{"background-color":"var(--ast-global-color-4)","background-image":"","background-repeat":"repeat","background-position":"center center","background-size":"auto","background-attachment":"scroll","background-type":"","background-media":"","overlay-type":"","overlay-color":"","overlay-opacity":"","overlay-gradient":""},"tablet":{"background-color":"","background-image":"","background-repeat":"repeat","background-position":"center center","background-size":"auto","background-attachment":"scroll","background-type":"","background-media":"","overlay-type":"","overlay-color":"","overlay-opacity":"","overlay-gradient":""},"mobile":{"background-color":"","background-image":"","background-repeat":"repeat","background-position":"center center","background-size":"auto","background-attachment":"scroll","background-type":"","background-media":"","overlay-type":"","overlay-color":"","overlay-opacity":"","overlay-gradient":""}},"ast-content-background-meta":{"desktop":{"background-color":"var(--ast-global-color-5)","background-image":"","background-repeat":"repeat","background-position":"center center","background-size":"auto","background-attachment":"scroll","background-type":"","background-media":"","overlay-type":"","overlay-color":"","overlay-opacity":"","overlay-gradient":""},"tablet":{"background-color":"var(--ast-global-color-5)","background-image":"","background-repeat":"repeat","background-position":"center center","background-size":"auto","background-attachment":"scroll","background-type":"","background-media":"","overlay-type":"","overlay-color":"","overlay-opacity":"","overlay-gradient":""},"mobile":{"background-color":"var(--ast-global-color-5)","background-image":"","background-repeat":"repeat","background-position":"center center","background-size":"auto","background-attachment":"scroll","background-type":"","background-media":"","overlay-type":"","overlay-color":"","overlay-opacity":"","overlay-gradient":""}},"_themeisle_gutenberg_block_has_review":false,"footnotes":""},"class_list":["post-49","page","type-page","status-publish","hentry"],"yoast_head":"<!-- This site is optimized with the Yoast SEO plugin v25.5 - https:\/\/yoast.com\/wordpress\/plugins\/seo\/ -->\n<title>Biblioteca - Audepp<\/title>\n<meta name=\"description\" content=\"Biblioteca AUDEPP, centro de informaci\u00f3n especializado en psicoan\u00e1lisis, psicoterapia psicoanal\u00edtica y \u00e1reas tem\u00e1ticas afines.\" \/>\n<meta name=\"robots\" content=\"index, follow, max-snippet:-1, max-image-preview:large, max-video-preview:-1\" \/>\n<link rel=\"canonical\" href=\"https:\/\/audepp.org\/portal\/biblioteca-audepp\/\" \/>\n<meta property=\"og:locale\" content=\"es_ES\" \/>\n<meta property=\"og:type\" content=\"article\" \/>\n<meta property=\"og:title\" content=\"Biblioteca - Audepp\" \/>\n<meta property=\"og:description\" content=\"Biblioteca AUDEPP, centro de informaci\u00f3n especializado en psicoan\u00e1lisis, psicoterapia psicoanal\u00edtica y \u00e1reas tem\u00e1ticas afines.\" \/>\n<meta property=\"og:url\" content=\"https:\/\/audepp.org\/portal\/biblioteca-audepp\/\" \/>\n<meta property=\"og:site_name\" content=\"Audepp\" \/>\n<meta property=\"article:modified_time\" content=\"2025-10-31T00:38:55+00:00\" \/>\n<meta property=\"og:image\" content=\"https:\/\/audepp.org\/portal\/wp-content\/uploads\/2025\/08\/biblioteca_libros_logo-683x1024.png\" \/>\n<meta name=\"twitter:card\" content=\"summary_large_image\" \/>\n<meta name=\"twitter:label1\" content=\"Tiempo de lectura\" \/>\n\t<meta name=\"twitter:data1\" content=\"2 minutos\" \/>\n<script type=\"application\/ld+json\" class=\"yoast-schema-graph\">{\"@context\":\"https:\/\/schema.org\",\"@graph\":[{\"@type\":\"WebPage\",\"@id\":\"https:\/\/audepp.org\/portal\/biblioteca-audepp\/\",\"url\":\"https:\/\/audepp.org\/portal\/biblioteca-audepp\/\",\"name\":\"Biblioteca - Audepp\",\"isPartOf\":{\"@id\":\"https:\/\/audepp.org\/portal\/#website\"},\"primaryImageOfPage\":{\"@id\":\"https:\/\/audepp.org\/portal\/biblioteca-audepp\/#primaryimage\"},\"image\":{\"@id\":\"https:\/\/audepp.org\/portal\/biblioteca-audepp\/#primaryimage\"},\"thumbnailUrl\":\"https:\/\/audepp.org\/portal\/wp-content\/uploads\/2025\/08\/biblioteca_libros_logo-683x1024.png\",\"datePublished\":\"2013-09-06T18:54:42+00:00\",\"dateModified\":\"2025-10-31T00:38:55+00:00\",\"description\":\"Biblioteca AUDEPP, centro de informaci\u00f3n especializado en psicoan\u00e1lisis, psicoterapia psicoanal\u00edtica y \u00e1reas tem\u00e1ticas afines.\",\"breadcrumb\":{\"@id\":\"https:\/\/audepp.org\/portal\/biblioteca-audepp\/#breadcrumb\"},\"inLanguage\":\"es\",\"potentialAction\":[{\"@type\":\"ReadAction\",\"target\":[\"https:\/\/audepp.org\/portal\/biblioteca-audepp\/\"]}]},{\"@type\":\"ImageObject\",\"inLanguage\":\"es\",\"@id\":\"https:\/\/audepp.org\/portal\/biblioteca-audepp\/#primaryimage\",\"url\":\"https:\/\/audepp.org\/portal\/wp-content\/uploads\/2025\/08\/biblioteca_libros_logo.png\",\"contentUrl\":\"https:\/\/audepp.org\/portal\/wp-content\/uploads\/2025\/08\/biblioteca_libros_logo.png\",\"width\":1024,\"height\":1536},{\"@type\":\"BreadcrumbList\",\"@id\":\"https:\/\/audepp.org\/portal\/biblioteca-audepp\/#breadcrumb\",\"itemListElement\":[{\"@type\":\"ListItem\",\"position\":1,\"name\":\"Home\",\"item\":\"https:\/\/audepp.org\/portal\/\"},{\"@type\":\"ListItem\",\"position\":2,\"name\":\"Biblioteca\"}]},{\"@type\":\"WebSite\",\"@id\":\"https:\/\/audepp.org\/portal\/#website\",\"url\":\"https:\/\/audepp.org\/portal\/\",\"name\":\"Audepp\",\"description\":\"\",\"publisher\":{\"@id\":\"https:\/\/audepp.org\/portal\/#organization\"},\"potentialAction\":[{\"@type\":\"SearchAction\",\"target\":{\"@type\":\"EntryPoint\",\"urlTemplate\":\"https:\/\/audepp.org\/portal\/?s={search_term_string}\"},\"query-input\":{\"@type\":\"PropertyValueSpecification\",\"valueRequired\":true,\"valueName\":\"search_term_string\"}}],\"inLanguage\":\"es\"},{\"@type\":\"Organization\",\"@id\":\"https:\/\/audepp.org\/portal\/#organization\",\"name\":\"Audepp\",\"url\":\"https:\/\/audepp.org\/portal\/\",\"logo\":{\"@type\":\"ImageObject\",\"inLanguage\":\"es\",\"@id\":\"https:\/\/audepp.org\/portal\/#\/schema\/logo\/image\/\",\"url\":\"https:\/\/audepp.org\/portal\/wp-content\/uploads\/2025\/02\/cropped-cropped-cropped-image_invertida-1.png\",\"contentUrl\":\"https:\/\/audepp.org\/portal\/wp-content\/uploads\/2025\/02\/cropped-cropped-cropped-image_invertida-1.png\",\"width\":980,\"height\":254,\"caption\":\"Audepp\"},\"image\":{\"@id\":\"https:\/\/audepp.org\/portal\/#\/schema\/logo\/image\/\"}}]}<\/script>\n<!-- \/ Yoast SEO plugin. -->","yoast_head_json":{"title":"Biblioteca - Audepp","description":"Biblioteca AUDEPP, centro de informaci\u00f3n especializado en psicoan\u00e1lisis, psicoterapia psicoanal\u00edtica y \u00e1reas tem\u00e1ticas afines.","robots":{"index":"index","follow":"follow","max-snippet":"max-snippet:-1","max-image-preview":"max-image-preview:large","max-video-preview":"max-video-preview:-1"},"canonical":"https:\/\/audepp.org\/portal\/biblioteca-audepp\/","og_locale":"es_ES","og_type":"article","og_title":"Biblioteca - Audepp","og_description":"Biblioteca AUDEPP, centro de informaci\u00f3n especializado en psicoan\u00e1lisis, psicoterapia psicoanal\u00edtica y \u00e1reas tem\u00e1ticas afines.","og_url":"https:\/\/audepp.org\/portal\/biblioteca-audepp\/","og_site_name":"Audepp","article_modified_time":"2025-10-31T00:38:55+00:00","og_image":[{"url":"https:\/\/audepp.org\/portal\/wp-content\/uploads\/2025\/08\/biblioteca_libros_logo-683x1024.png","type":"","width":"","height":""}],"twitter_card":"summary_large_image","twitter_misc":{"Tiempo de lectura":"2 minutos"},"schema":{"@context":"https:\/\/schema.org","@graph":[{"@type":"WebPage","@id":"https:\/\/audepp.org\/portal\/biblioteca-audepp\/","url":"https:\/\/audepp.org\/portal\/biblioteca-audepp\/","name":"Biblioteca - Audepp","isPartOf":{"@id":"https:\/\/audepp.org\/portal\/#website"},"primaryImageOfPage":{"@id":"https:\/\/audepp.org\/portal\/biblioteca-audepp\/#primaryimage"},"image":{"@id":"https:\/\/audepp.org\/portal\/biblioteca-audepp\/#primaryimage"},"thumbnailUrl":"https:\/\/audepp.org\/portal\/wp-content\/uploads\/2025\/08\/biblioteca_libros_logo-683x1024.png","datePublished":"2013-09-06T18:54:42+00:00","dateModified":"2025-10-31T00:38:55+00:00","description":"Biblioteca AUDEPP, centro de informaci\u00f3n especializado en psicoan\u00e1lisis, psicoterapia psicoanal\u00edtica y \u00e1reas tem\u00e1ticas afines.","breadcrumb":{"@id":"https:\/\/audepp.org\/portal\/biblioteca-audepp\/#breadcrumb"},"inLanguage":"es","potentialAction":[{"@type":"ReadAction","target":["https:\/\/audepp.org\/portal\/biblioteca-audepp\/"]}]},{"@type":"ImageObject","inLanguage":"es","@id":"https:\/\/audepp.org\/portal\/biblioteca-audepp\/#primaryimage","url":"https:\/\/audepp.org\/portal\/wp-content\/uploads\/2025\/08\/biblioteca_libros_logo.png","contentUrl":"https:\/\/audepp.org\/portal\/wp-content\/uploads\/2025\/08\/biblioteca_libros_logo.png","width":1024,"height":1536},{"@type":"BreadcrumbList","@id":"https:\/\/audepp.org\/portal\/biblioteca-audepp\/#breadcrumb","itemListElement":[{"@type":"ListItem","position":1,"name":"Home","item":"https:\/\/audepp.org\/portal\/"},{"@type":"ListItem","position":2,"name":"Biblioteca"}]},{"@type":"WebSite","@id":"https:\/\/audepp.org\/portal\/#website","url":"https:\/\/audepp.org\/portal\/","name":"Audepp","description":"","publisher":{"@id":"https:\/\/audepp.org\/portal\/#organization"},"potentialAction":[{"@type":"SearchAction","target":{"@type":"EntryPoint","urlTemplate":"https:\/\/audepp.org\/portal\/?s={search_term_string}"},"query-input":{"@type":"PropertyValueSpecification","valueRequired":true,"valueName":"search_term_string"}}],"inLanguage":"es"},{"@type":"Organization","@id":"https:\/\/audepp.org\/portal\/#organization","name":"Audepp","url":"https:\/\/audepp.org\/portal\/","logo":{"@type":"ImageObject","inLanguage":"es","@id":"https:\/\/audepp.org\/portal\/#\/schema\/logo\/image\/","url":"https:\/\/audepp.org\/portal\/wp-content\/uploads\/2025\/02\/cropped-cropped-cropped-image_invertida-1.png","contentUrl":"https:\/\/audepp.org\/portal\/wp-content\/uploads\/2025\/02\/cropped-cropped-cropped-image_invertida-1.png","width":980,"height":254,"caption":"Audepp"},"image":{"@id":"https:\/\/audepp.org\/portal\/#\/schema\/logo\/image\/"}}]}},"uagb_featured_image_src":{"full":false,"thumbnail":false,"medium":false,"medium_large":false,"large":false,"1536x1536":false,"2048x2048":false,"ultp_layout_landscape_large":false,"ultp_layout_landscape":false,"ultp_layout_portrait":false,"ultp_layout_square":false},"uagb_author_info":{"display_name":"admin","author_link":"https:\/\/audepp.org\/portal\/author\/admin\/"},"uagb_comment_info":0,"uagb_excerpt":"Biblioteca de la Asociaci\u00f3n Uruguaya de Psicoterapia Psicoanal\u00edtica La biblioteca de AUDEPP es un centro de informaci\u00f3n especializado en psicoan\u00e1lisis, psicoterapia psicoanal\u00edtica y \u00e1reas tem\u00e1ticas afines. Cuenta en su acervo con 4.000 libros y 30 t\u00edtulos de publicaciones peri\u00f3dicas nacionales y extranjeras. La base de datos documental tiene m\u00e1s de 12.000 registros bibliogr\u00e1ficos de libros,&hellip;","_links":{"self":[{"href":"https:\/\/audepp.org\/portal\/wp-json\/wp\/v2\/pages\/49","targetHints":{"allow":["GET"]}}],"collection":[{"href":"https:\/\/audepp.org\/portal\/wp-json\/wp\/v2\/pages"}],"about":[{"href":"https:\/\/audepp.org\/portal\/wp-json\/wp\/v2\/types\/page"}],"author":[{"embeddable":true,"href":"https:\/\/audepp.org\/portal\/wp-json\/wp\/v2\/users\/1"}],"replies":[{"embeddable":true,"href":"https:\/\/audepp.org\/portal\/wp-json\/wp\/v2\/comments?post=49"}],"version-history":[{"count":37,"href":"https:\/\/audepp.org\/portal\/wp-json\/wp\/v2\/pages\/49\/revisions"}],"predecessor-version":[{"id":18460,"href":"https:\/\/audepp.org\/portal\/wp-json\/wp\/v2\/pages\/49\/revisions\/18460"}],"wp:attachment":[{"href":"https:\/\/audepp.org\/portal\/wp-json\/wp\/v2\/media?parent=49"}],"curies":[{"name":"wp","href":"https:\/\/api.w.org\/{rel}","templated":true}]}}