{"id":31,"date":"2013-06-21T19:44:19","date_gmt":"2013-06-21T22:44:19","guid":{"rendered":"http:\/\/localhost\/portal_old\/fps\/"},"modified":"2025-08-22T15:12:03","modified_gmt":"2025-08-22T18:12:03","slug":"fondo-de-proteccion-social","status":"publish","type":"page","link":"https:\/\/audepp.org\/portal\/fondo-de-proteccion-social\/","title":{"rendered":"Fondo de Protecci\u00f3n Social"},"content":{"rendered":"\n<section id=\"wp-block-themeisle-blocks-advanced-columns-546fa8db\" class=\"wp-block-themeisle-blocks-advanced-columns alignfull has-1-columns has-desktop-equal-layout has-tablet-equal-layout has-mobile-equal-layout has-vertical-flex-start\"><div class=\"wp-block-themeisle-blocks-advanced-columns-overlay\"><\/div><div class=\"innerblocks-wrap\">\n<div id=\"wp-block-themeisle-blocks-advanced-column-a03592cc\" class=\"wp-block-themeisle-blocks-advanced-column ticss-dd1d7fb6\">\n<h4 class=\"wp-block-heading has-text-align-center ticss-eafd8e70 has-black-color has-text-color has-link-color wp-elements-cadc061c091318d768163152374c6137\" style=\"font-size:32px\"><strong>Fondo de protecci\u00f3n social<\/strong><\/h4>\n\n\n\n<p class=\"has-text-align-left has-black-color has-text-color has-link-color wp-elements-f1de19c2ad51a5be3c9c8abcfa28f237\" style=\"font-size:16px;line-height:1.7\">Fundado el 21 de noviembre de 1990 el Fondo de Protecci\u00f3n Social de los afiliados a la Asociaci\u00f3n Uruguaya de Psicoterapia Psicoanal\u00edtica (F.P.S. de AUDEPP) tiene la finalidad de asistir social, cultural y econ\u00f3micamente al asociado.<\/p>\n\n\n\n<p class=\"has-text-align-left has-black-color has-text-color has-link-color wp-elements-1fe5902590c8feb93e5426e49b427ac8\" style=\"font-size:16px;line-height:1.7\">El Fondo de Protecci\u00f3n Social posee estatutos, autoridades y reglamentos propios.<\/p>\n\n\n\n<p style=\"font-size:16px;line-height:1.7\">Por resoluci\u00f3n de Asamblea General de AUDEPP, a partir del mes de diciembre de 1995 todos los profesionales que ingresan a AUDEPP ingresan autom\u00e1ticamente al F.P.S.<\/p>\n\n\n\n<p class=\"no_mb_no_pb\" style=\"font-size:16px;line-height:1.7\">Las elecciones de autoridades se realizan cada dos a\u00f1os el mismo d\u00eda que las elecciones de AUDEPP.<\/p>\n<\/div>\n<\/div><\/section>\n\n\n\n<hr class=\"wp-block-separator has-alpha-channel-opacity ticss-46805a3d\"\/>\n\n\n\n<section id=\"wp-block-themeisle-blocks-advanced-columns-fc03116d\" class=\"wp-block-themeisle-blocks-advanced-columns alignfull has-1-columns has-desktop-equal-layout has-tablet-equal-layout has-mobile-equal-layout has-vertical-flex-start\"><div class=\"wp-block-themeisle-blocks-advanced-columns-overlay\"><\/div><div class=\"innerblocks-wrap\">\n<div id=\"wp-block-themeisle-blocks-advanced-column-298160a9\" class=\"wp-block-themeisle-blocks-advanced-column ticss-298160a9\">\n<h5 class=\"wp-block-heading has-text-align-left ticss-eafd8e70 has-black-color has-text-color has-link-color wp-elements-cd9e2afeda52e3fd7890990c906386e7\" style=\"font-size:28px\"><strong><strong>Prestaciones para sus asociados<\/strong><\/strong><\/h5>\n<\/div>\n<\/div><\/section>\n\n\n\n<section id=\"wp-block-themeisle-blocks-advanced-columns-2b81e8a8\" class=\"wp-block-themeisle-blocks-advanced-columns alignfull has-3-columns has-desktop-equal-layout has-tablet-equal-layout has-mobile-collapsedRows-layout has-vertical-flex-start\"><div class=\"wp-block-themeisle-blocks-advanced-columns-overlay\"><\/div><div class=\"innerblocks-wrap\">\n<div id=\"wp-block-themeisle-blocks-advanced-column-18f48ba0\" class=\"wp-block-themeisle-blocks-advanced-column\">\n<p>01<\/p>\n\n\n\n<h6 class=\"wp-block-heading has-black-color has-text-color has-link-color wp-elements-10c2893d41db2d696911bd499b2d3599\"><strong>Prestaciones por incapacidad laboral temporaria<\/strong><\/h6>\n\n\n\n<p class=\"no_mb_no_pb ticss-b592d437\" style=\"font-size:16px;line-height:1.7\">Los socios del FPS que est\u00e9n imposibilitados para el ejercicio de su profesi\u00f3n por incapacidad laboral temporaria por un tiempo de 12 d\u00edas o m\u00e1s, tendr\u00e1n derecho a una prestaci\u00f3n econ\u00f3mica mensual.<\/p>\n<\/div>\n\n\n\n<div id=\"wp-block-themeisle-blocks-advanced-column-25106d96\" class=\"wp-block-themeisle-blocks-advanced-column\">\n<p>02<\/p>\n\n\n\n<h6 class=\"wp-block-heading has-black-color has-text-color has-link-color wp-elements-4adbe872c174e5f7236796056305f4bc\"><strong>Prima por nacimiento o adopci\u00f3n de un hijo<\/strong>      <\/h6>\n\n\n\n<p class=\"no_mb_no_pb ticss-924f08fb\" style=\"font-size:16px;line-height:1.7\">En caso de nacimiento de un hijo de un asociado del FPS, \u00e9ste recibir\u00e1 una prestaci\u00f3n de la categor\u00eda correspondiente. Este monto no variar\u00e1 en caso de nacimiento m\u00faltiple. Si ambos padres son asociados del FPS el beneficio se otorgar\u00e1 a cada uno de ellos.<\/p>\n<\/div>\n\n\n\n<div id=\"wp-block-themeisle-blocks-advanced-column-96eaa53a\" class=\"wp-block-themeisle-blocks-advanced-column\">\n<p>03<\/p>\n\n\n\n<h6 class=\"wp-block-heading has-black-color has-text-color has-link-color wp-elements-1e8571c1749dd580ca9c5a301fdb4b65\"><strong>Prestaci\u00f3n por fallecimiento<\/strong><\/h6>\n\n\n\n<p class=\"no_mb_no_pb ticss-729fec47\" style=\"font-size:16px;line-height:1.7\">En caso de fallecimiento de un asociado del FPS, que tenga m\u00e1s de 6 meses de antig\u00fcedad y se encuentre al d\u00eda con Tesorer\u00eda, el FPS pagar\u00e1 a los beneficiarios una prestaci\u00f3n por \u00fanica vez. Ser\u00e1n reconocidos como beneficiarios los hijos leg\u00edtimos y el c\u00f3nyuge del socio fallecido.<\/p>\n<\/div>\n<\/div><\/section>\n\n\n\n<hr class=\"wp-block-separator has-alpha-channel-opacity ticss-46805a3d\"\/>\n\n\n\n<section id=\"wp-block-themeisle-blocks-advanced-columns-ccb1c521\" class=\"wp-block-themeisle-blocks-advanced-columns alignfull has-1-columns has-desktop-equal-layout has-tablet-equal-layout has-mobile-equal-layout has-vertical-flex-start\"><div class=\"wp-block-themeisle-blocks-advanced-columns-overlay\"><\/div><div class=\"innerblocks-wrap\">\n<div id=\"wp-block-themeisle-blocks-advanced-column-9775978b\" class=\"wp-block-themeisle-blocks-advanced-column ticss-298160a9 no_mt_no_pt\">\n<h5 class=\"wp-block-heading has-text-align-center ticss-eafd8e70 has-black-color has-text-color has-link-color wp-elements-96a785e3b1bb56bde623b69f1ef36f19\" style=\"font-size:28px\"><strong><strong><strong>\u00bfQu\u00e9 debe hacer para solicitar estas prestaciones?<\/strong><\/strong><\/strong><\/h5>\n\n\n\n<p class=\"has-text-align-center\">Para acceder a la prestaci\u00f3n por incapacidad laboral temporaria es indispensable seguir los siguientes pasos<\/p>\n<\/div>\n<\/div><\/section>\n\n\n\n<div class=\"wp-block-uagb-container uagb-block-tjeo4ijy alignfull uagb-is-root-container\"><div class=\"uagb-container-inner-blocks-wrap\">\n<div class=\"wp-block-uagb-container uagb-block-qcelu5zb\">\n<div class=\"wp-block-uagb-info-box uagb-block-ahyoqyre uagb-infobox__content-wrap  uagb-infobox-icon-above-title uagb-infobox-image-valign-top wp-block-uagb-info-box--has-margin\"><div class=\"uagb-infobox-margin-wrapper\"><div class=\"uagb-ifb-content\"><div class=\"uagb-ifb-icon-wrap\"><svg xmlns=\"https:\/\/www.w3.org\/2000\/svg\" viewBox=\"0 0 448 512\"><path d=\"M438.6 105.4C451.1 117.9 451.1 138.1 438.6 150.6L182.6 406.6C170.1 419.1 149.9 419.1 137.4 406.6L9.372 278.6C-3.124 266.1-3.124 245.9 9.372 233.4C21.87 220.9 42.13 220.9 54.63 233.4L159.1 338.7L393.4 105.4C405.9 92.88 426.1 92.88 438.6 105.4H438.6z\"><\/path><\/svg><\/div><div class=\"uagb-ifb-title-wrap\"><p class=\"uagb-ifb-title-prefix\">01<\/p><\/div><p class=\"uagb-ifb-desc\">Aviso telef\u00f3nico o personal (con familiar o conocido), de la interrupci\u00f3n laboral dentro de las primeras 48hs. al 091045547.<\/p><\/div><\/div><\/div>\n\n\n\n<div class=\"wp-block-uagb-info-box uagb-block-7rm93u1w uagb-infobox__content-wrap  uagb-infobox-icon-above-title uagb-infobox-image-valign-top wp-block-uagb-info-box--has-margin\"><div class=\"uagb-infobox-margin-wrapper\"><div class=\"uagb-ifb-content\"><div class=\"uagb-ifb-icon-wrap\"><svg xmlns=\"https:\/\/www.w3.org\/2000\/svg\" viewBox=\"0 0 448 512\"><path d=\"M438.6 105.4C451.1 117.9 451.1 138.1 438.6 150.6L182.6 406.6C170.1 419.1 149.9 419.1 137.4 406.6L9.372 278.6C-3.124 266.1-3.124 245.9 9.372 233.4C21.87 220.9 42.13 220.9 54.63 233.4L159.1 338.7L393.4 105.4C405.9 92.88 426.1 92.88 438.6 105.4H438.6z\"><\/path><\/svg><\/div><div class=\"uagb-ifb-title-wrap\"><p class=\"uagb-ifb-title-prefix\">02<\/p><\/div><p class=\"uagb-ifb-desc\">Presentar certificado del m\u00e9dico tratante y nota solicitando el pago de la prestaci\u00f3n si la incapacidad se extendiera por 12 o m\u00e1s d\u00edas consecutivos.<\/p><\/div><\/div><\/div>\n\n\n\n<div class=\"wp-block-uagb-info-box uagb-block-pncdq63x uagb-infobox__content-wrap  uagb-infobox-icon-above-title uagb-infobox-image-valign-top wp-block-uagb-info-box--has-margin\"><div class=\"uagb-infobox-margin-wrapper\"><div class=\"uagb-ifb-content\"><div class=\"uagb-ifb-icon-wrap\"><svg xmlns=\"https:\/\/www.w3.org\/2000\/svg\" viewBox=\"0 0 448 512\"><path d=\"M438.6 105.4C451.1 117.9 451.1 138.1 438.6 150.6L182.6 406.6C170.1 419.1 149.9 419.1 137.4 406.6L9.372 278.6C-3.124 266.1-3.124 245.9 9.372 233.4C21.87 220.9 42.13 220.9 54.63 233.4L159.1 338.7L393.4 105.4C405.9 92.88 426.1 92.88 438.6 105.4H438.6z\"><\/path><\/svg><\/div><div class=\"uagb-ifb-title-wrap\"><p class=\"uagb-ifb-title-prefix\">03<\/p><\/div><p class=\"uagb-ifb-desc\">Una vez realizado lo anterior, el FPS enviar\u00e1 M\u00e9dico Certificador quien definir\u00e1 seg\u00fan el diagn\u00f3stico los d\u00edas de prestaci\u00f3n a cubrir.<\/p><\/div><\/div><\/div>\n<\/div>\n\n\n\n<p class=\"no_mb_no_pb has-black-color has-text-color has-link-color wp-elements-c4be0a29e6483e097cf6e65ba838059c\" style=\"font-size:16px;line-height:1.7\">Para acceder a la prima por nacimiento de hijo es indispensable: Presentar certificado de nacimiento y la respectiva solicitud escrita dentro de los 60 d\u00edas de producido el mismo. En caso de adopci\u00f3n, se considera el mismo criterio<\/p>\n<\/div><\/div>\n\n\n\n<hr class=\"wp-block-separator has-alpha-channel-opacity ticss-46805a3d\"\/>\n\n\n\n<section id=\"wp-block-themeisle-blocks-advanced-columns-dccbfc31\" class=\"wp-block-themeisle-blocks-advanced-columns alignfull has-1-columns has-desktop-equal-layout has-tablet-equal-layout has-mobile-equal-layout has-vertical-flex-start\"><div class=\"wp-block-themeisle-blocks-advanced-columns-overlay\"><\/div><div class=\"innerblocks-wrap\">\n<div id=\"wp-block-themeisle-blocks-advanced-column-a784b9ac\" class=\"wp-block-themeisle-blocks-advanced-column ticss-298160a9\">\n<h5 class=\"wp-block-heading has-text-align-center ticss-eafd8e70 has-black-color has-text-color has-link-color wp-elements-4bea3e7e2379e4d3112502fd754a3c88\" style=\"font-size:28px\"><strong>Otros beneficios<\/strong><\/h5>\n\n\n\n<p class=\"has-text-align-center no_mb_no_pb\" style=\"font-size:16px;line-height:1.7\">Pr\u00e9stamos de hasta 2 prestaciones para asistencia a Congresos Latinoamericanos.<\/p>\n<\/div>\n<\/div><\/section>\n","protected":false},"excerpt":{"rendered":"<p>Para acceder a la prima por nacimiento de hijo es indispensable: Presentar certificado de nacimiento y la respectiva solicitud escrita dentro de los 60 d\u00edas de producido el mismo. En caso de adopci\u00f3n, se considera el mismo criterio<\/p>\n","protected":false},"author":1,"featured_media":0,"parent":0,"menu_order":1,"comment_status":"closed","ping_status":"closed","template":"","meta":{"_uag_custom_page_level_css":"","site-sidebar-layout":"default","site-content-layout":"","ast-site-content-layout":"","site-content-style":"default","site-sidebar-style":"default","ast-global-header-display":"","ast-banner-title-visibility":"","ast-main-header-display":"","ast-hfb-above-header-display":"","ast-hfb-below-header-display":"","ast-hfb-mobile-header-display":"","site-post-title":"","ast-breadcrumbs-content":"","ast-featured-img":"","footer-sml-layout":"","theme-transparent-header-meta":"","adv-header-id-meta":"","stick-header-meta":"","header-above-stick-meta":"","header-main-stick-meta":"","header-below-stick-meta":"","astra-migrate-meta-layouts":"default","ast-page-background-enabled":"default","ast-page-background-meta":{"desktop":{"background-color":"var(--ast-global-color-4)","background-image":"","background-repeat":"repeat","background-position":"center center","background-size":"auto","background-attachment":"scroll","background-type":"","background-media":"","overlay-type":"","overlay-color":"","overlay-opacity":"","overlay-gradient":""},"tablet":{"background-color":"","background-image":"","background-repeat":"repeat","background-position":"center center","background-size":"auto","background-attachment":"scroll","background-type":"","background-media":"","overlay-type":"","overlay-color":"","overlay-opacity":"","overlay-gradient":""},"mobile":{"background-color":"","background-image":"","background-repeat":"repeat","background-position":"center center","background-size":"auto","background-attachment":"scroll","background-type":"","background-media":"","overlay-type":"","overlay-color":"","overlay-opacity":"","overlay-gradient":""}},"ast-content-background-meta":{"desktop":{"background-color":"var(--ast-global-color-5)","background-image":"","background-repeat":"repeat","background-position":"center center","background-size":"auto","background-attachment":"scroll","background-type":"","background-media":"","overlay-type":"","overlay-color":"","overlay-opacity":"","overlay-gradient":""},"tablet":{"background-color":"var(--ast-global-color-5)","background-image":"","background-repeat":"repeat","background-position":"center center","background-size":"auto","background-attachment":"scroll","background-type":"","background-media":"","overlay-type":"","overlay-color":"","overlay-opacity":"","overlay-gradient":""},"mobile":{"background-color":"var(--ast-global-color-5)","background-image":"","background-repeat":"repeat","background-position":"center center","background-size":"auto","background-attachment":"scroll","background-type":"","background-media":"","overlay-type":"","overlay-color":"","overlay-opacity":"","overlay-gradient":""}},"_themeisle_gutenberg_block_has_review":false,"footnotes":""},"class_list":["post-31","page","type-page","status-publish","hentry"],"yoast_head":"<!-- This site is optimized with the Yoast SEO plugin v25.5 - https:\/\/yoast.com\/wordpress\/plugins\/seo\/ -->\n<title>Fondo de Protecci\u00f3n Social - Audepp<\/title>\n<meta name=\"robots\" content=\"index, follow, max-snippet:-1, max-image-preview:large, max-video-preview:-1\" \/>\n<link rel=\"canonical\" href=\"https:\/\/audepp.org\/portal\/fondo-de-proteccion-social\/\" \/>\n<meta property=\"og:locale\" content=\"es_ES\" \/>\n<meta property=\"og:type\" content=\"article\" \/>\n<meta property=\"og:title\" content=\"Fondo de Protecci\u00f3n Social - Audepp\" \/>\n<meta property=\"og:description\" content=\"Para acceder a la prima por nacimiento de hijo es indispensable: Presentar certificado de nacimiento y la respectiva solicitud escrita dentro de los 60 d\u00edas de producido el mismo. En caso de adopci\u00f3n, se considera el mismo criterio\" \/>\n<meta property=\"og:url\" content=\"https:\/\/audepp.org\/portal\/fondo-de-proteccion-social\/\" \/>\n<meta property=\"og:site_name\" content=\"Audepp\" \/>\n<meta property=\"article:modified_time\" content=\"2025-08-22T18:12:03+00:00\" \/>\n<meta name=\"twitter:card\" content=\"summary_large_image\" \/>\n<meta name=\"twitter:label1\" content=\"Tiempo de lectura\" \/>\n\t<meta name=\"twitter:data1\" content=\"2 minutos\" \/>\n<script type=\"application\/ld+json\" class=\"yoast-schema-graph\">{\"@context\":\"https:\/\/schema.org\",\"@graph\":[{\"@type\":\"WebPage\",\"@id\":\"https:\/\/audepp.org\/portal\/fondo-de-proteccion-social\/\",\"url\":\"https:\/\/audepp.org\/portal\/fondo-de-proteccion-social\/\",\"name\":\"Fondo de Protecci\u00f3n Social - Audepp\",\"isPartOf\":{\"@id\":\"https:\/\/audepp.org\/portal\/#website\"},\"datePublished\":\"2013-06-21T22:44:19+00:00\",\"dateModified\":\"2025-08-22T18:12:03+00:00\",\"breadcrumb\":{\"@id\":\"https:\/\/audepp.org\/portal\/fondo-de-proteccion-social\/#breadcrumb\"},\"inLanguage\":\"es\",\"potentialAction\":[{\"@type\":\"ReadAction\",\"target\":[\"https:\/\/audepp.org\/portal\/fondo-de-proteccion-social\/\"]}]},{\"@type\":\"BreadcrumbList\",\"@id\":\"https:\/\/audepp.org\/portal\/fondo-de-proteccion-social\/#breadcrumb\",\"itemListElement\":[{\"@type\":\"ListItem\",\"position\":1,\"name\":\"Home\",\"item\":\"https:\/\/audepp.org\/portal\/\"},{\"@type\":\"ListItem\",\"position\":2,\"name\":\"Fondo de Protecci\u00f3n Social\"}]},{\"@type\":\"WebSite\",\"@id\":\"https:\/\/audepp.org\/portal\/#website\",\"url\":\"https:\/\/audepp.org\/portal\/\",\"name\":\"Audepp\",\"description\":\"\",\"publisher\":{\"@id\":\"https:\/\/audepp.org\/portal\/#organization\"},\"potentialAction\":[{\"@type\":\"SearchAction\",\"target\":{\"@type\":\"EntryPoint\",\"urlTemplate\":\"https:\/\/audepp.org\/portal\/?s={search_term_string}\"},\"query-input\":{\"@type\":\"PropertyValueSpecification\",\"valueRequired\":true,\"valueName\":\"search_term_string\"}}],\"inLanguage\":\"es\"},{\"@type\":\"Organization\",\"@id\":\"https:\/\/audepp.org\/portal\/#organization\",\"name\":\"Audepp\",\"url\":\"https:\/\/audepp.org\/portal\/\",\"logo\":{\"@type\":\"ImageObject\",\"inLanguage\":\"es\",\"@id\":\"https:\/\/audepp.org\/portal\/#\/schema\/logo\/image\/\",\"url\":\"https:\/\/audepp.org\/portal\/wp-content\/uploads\/2025\/02\/cropped-cropped-cropped-image_invertida-1.png\",\"contentUrl\":\"https:\/\/audepp.org\/portal\/wp-content\/uploads\/2025\/02\/cropped-cropped-cropped-image_invertida-1.png\",\"width\":980,\"height\":254,\"caption\":\"Audepp\"},\"image\":{\"@id\":\"https:\/\/audepp.org\/portal\/#\/schema\/logo\/image\/\"}}]}<\/script>\n<!-- \/ Yoast SEO plugin. -->","yoast_head_json":{"title":"Fondo de Protecci\u00f3n Social - Audepp","robots":{"index":"index","follow":"follow","max-snippet":"max-snippet:-1","max-image-preview":"max-image-preview:large","max-video-preview":"max-video-preview:-1"},"canonical":"https:\/\/audepp.org\/portal\/fondo-de-proteccion-social\/","og_locale":"es_ES","og_type":"article","og_title":"Fondo de Protecci\u00f3n Social - Audepp","og_description":"Para acceder a la prima por nacimiento de hijo es indispensable: Presentar certificado de nacimiento y la respectiva solicitud escrita dentro de los 60 d\u00edas de producido el mismo. En caso de adopci\u00f3n, se considera el mismo criterio","og_url":"https:\/\/audepp.org\/portal\/fondo-de-proteccion-social\/","og_site_name":"Audepp","article_modified_time":"2025-08-22T18:12:03+00:00","twitter_card":"summary_large_image","twitter_misc":{"Tiempo de lectura":"2 minutos"},"schema":{"@context":"https:\/\/schema.org","@graph":[{"@type":"WebPage","@id":"https:\/\/audepp.org\/portal\/fondo-de-proteccion-social\/","url":"https:\/\/audepp.org\/portal\/fondo-de-proteccion-social\/","name":"Fondo de Protecci\u00f3n Social - Audepp","isPartOf":{"@id":"https:\/\/audepp.org\/portal\/#website"},"datePublished":"2013-06-21T22:44:19+00:00","dateModified":"2025-08-22T18:12:03+00:00","breadcrumb":{"@id":"https:\/\/audepp.org\/portal\/fondo-de-proteccion-social\/#breadcrumb"},"inLanguage":"es","potentialAction":[{"@type":"ReadAction","target":["https:\/\/audepp.org\/portal\/fondo-de-proteccion-social\/"]}]},{"@type":"BreadcrumbList","@id":"https:\/\/audepp.org\/portal\/fondo-de-proteccion-social\/#breadcrumb","itemListElement":[{"@type":"ListItem","position":1,"name":"Home","item":"https:\/\/audepp.org\/portal\/"},{"@type":"ListItem","position":2,"name":"Fondo de Protecci\u00f3n Social"}]},{"@type":"WebSite","@id":"https:\/\/audepp.org\/portal\/#website","url":"https:\/\/audepp.org\/portal\/","name":"Audepp","description":"","publisher":{"@id":"https:\/\/audepp.org\/portal\/#organization"},"potentialAction":[{"@type":"SearchAction","target":{"@type":"EntryPoint","urlTemplate":"https:\/\/audepp.org\/portal\/?s={search_term_string}"},"query-input":{"@type":"PropertyValueSpecification","valueRequired":true,"valueName":"search_term_string"}}],"inLanguage":"es"},{"@type":"Organization","@id":"https:\/\/audepp.org\/portal\/#organization","name":"Audepp","url":"https:\/\/audepp.org\/portal\/","logo":{"@type":"ImageObject","inLanguage":"es","@id":"https:\/\/audepp.org\/portal\/#\/schema\/logo\/image\/","url":"https:\/\/audepp.org\/portal\/wp-content\/uploads\/2025\/02\/cropped-cropped-cropped-image_invertida-1.png","contentUrl":"https:\/\/audepp.org\/portal\/wp-content\/uploads\/2025\/02\/cropped-cropped-cropped-image_invertida-1.png","width":980,"height":254,"caption":"Audepp"},"image":{"@id":"https:\/\/audepp.org\/portal\/#\/schema\/logo\/image\/"}}]}},"uagb_featured_image_src":{"full":false,"thumbnail":false,"medium":false,"medium_large":false,"large":false,"1536x1536":false,"2048x2048":false,"ultp_layout_landscape_large":false,"ultp_layout_landscape":false,"ultp_layout_portrait":false,"ultp_layout_square":false},"uagb_author_info":{"display_name":"admin","author_link":"https:\/\/audepp.org\/portal\/author\/admin\/"},"uagb_comment_info":0,"uagb_excerpt":"Para acceder a la prima por nacimiento de hijo es indispensable: Presentar certificado de nacimiento y la respectiva solicitud escrita dentro de los 60 d\u00edas de producido el mismo. En caso de adopci\u00f3n, se considera el mismo criterio","_links":{"self":[{"href":"https:\/\/audepp.org\/portal\/wp-json\/wp\/v2\/pages\/31","targetHints":{"allow":["GET"]}}],"collection":[{"href":"https:\/\/audepp.org\/portal\/wp-json\/wp\/v2\/pages"}],"about":[{"href":"https:\/\/audepp.org\/portal\/wp-json\/wp\/v2\/types\/page"}],"author":[{"embeddable":true,"href":"https:\/\/audepp.org\/portal\/wp-json\/wp\/v2\/users\/1"}],"replies":[{"embeddable":true,"href":"https:\/\/audepp.org\/portal\/wp-json\/wp\/v2\/comments?post=31"}],"version-history":[{"count":72,"href":"https:\/\/audepp.org\/portal\/wp-json\/wp\/v2\/pages\/31\/revisions"}],"predecessor-version":[{"id":18359,"href":"https:\/\/audepp.org\/portal\/wp-json\/wp\/v2\/pages\/31\/revisions\/18359"}],"wp:attachment":[{"href":"https:\/\/audepp.org\/portal\/wp-json\/wp\/v2\/media?parent=31"}],"curies":[{"name":"wp","href":"https:\/\/api.w.org\/{rel}","templated":true}]}}