{"id":12444,"date":"2020-09-07T10:46:48","date_gmt":"2020-09-07T13:46:48","guid":{"rendered":"http:\/\/localhost\/portal_old\/comision-cientifica\/"},"modified":"2025-08-22T14:52:28","modified_gmt":"2025-08-22T17:52:28","slug":"comision-cientifica","status":"publish","type":"page","link":"https:\/\/audepp.org\/portal\/comision-cientifica\/","title":{"rendered":"Comisi\u00f3n Cient\u00edfica"},"content":{"rendered":"\n<div class=\"wp-block-uagb-container uagb-block-w2fphi58 alignfull uagb-is-root-container\"><div class=\"uagb-container-inner-blocks-wrap\">\n<div class=\"wp-block-uagb-container uagb-block-c4ijad3y\">\n<div class=\"wp-block-uagb-container uagb-block-tm8cjufm\">\n<p style=\"font-size:16px;line-height:1.7\">PER\u00cdODO 2026\/2027<\/p>\n\n\n\n<h4 class=\"wp-block-heading ticss-74028f1a has-black-color has-text-color has-link-color wp-elements-e9edd7f736d3f07b14f4ed157fd12065\" style=\"font-size:32px;font-style:normal;font-weight:700;line-height:1.7\">Comisi\u00f3n Cient\u00edfica<\/h4>\n\n\n\n<p class=\"ticss-b636b833\" style=\"font-size:16px;font-style:normal;font-weight:600;line-height:1.7\"><strong>D\u00eda de reuni\u00f3n:<\/strong>\u00a0Jueves 15:00 a 17:00 hrs.<br><br><strong>Integrantes<\/strong><\/p>\n\n\n\n<div class=\"wp-block-uagb-icon-list uagb-block-bhfosj4n\"><div class=\"uagb-icon-list__wrap\">\n<div class=\"wp-block-uagb-icon-list-child uagb-block-10e6bfdb\"><span class=\"uagb-icon-list__source-wrap\"><svg xmlns=\"https:\/\/www.w3.org\/2000\/svg\" viewBox=\"0 0 448 512\"><path d=\"M438.6 105.4C451.1 117.9 451.1 138.1 438.6 150.6L182.6 406.6C170.1 419.1 149.9 419.1 137.4 406.6L9.372 278.6C-3.124 266.1-3.124 245.9 9.372 233.4C21.87 220.9 42.13 220.9 54.63 233.4L159.1 338.7L393.4 105.4C405.9 92.88 426.1 92.88 438.6 105.4H438.6z\"><\/path><\/svg><\/span><span class=\"uagb-icon-list__label\"><strong>Coordinaci\u00f3n<\/strong>: Violeta Garc\u00eda <\/span><\/div>\n\n\n\n<div class=\"wp-block-uagb-icon-list-child uagb-block-572f646c\"><span class=\"uagb-icon-list__source-wrap\"><svg xmlns=\"https:\/\/www.w3.org\/2000\/svg\" viewBox=\"0 0 448 512\"><path d=\"M438.6 105.4C451.1 117.9 451.1 138.1 438.6 150.6L182.6 406.6C170.1 419.1 149.9 419.1 137.4 406.6L9.372 278.6C-3.124 266.1-3.124 245.9 9.372 233.4C21.87 220.9 42.13 220.9 54.63 233.4L159.1 338.7L393.4 105.4C405.9 92.88 426.1 92.88 438.6 105.4H438.6z\"><\/path><\/svg><\/span><span class=\"uagb-icon-list__label\">F\u00e9lix Miranda<\/span><\/div>\n\n\n\n<div class=\"wp-block-uagb-icon-list-child uagb-block-joawcv8y\"><span class=\"uagb-icon-list__source-wrap\"><svg xmlns=\"https:\/\/www.w3.org\/2000\/svg\" viewBox=\"0 0 448 512\"><path d=\"M438.6 105.4C451.1 117.9 451.1 138.1 438.6 150.6L182.6 406.6C170.1 419.1 149.9 419.1 137.4 406.6L9.372 278.6C-3.124 266.1-3.124 245.9 9.372 233.4C21.87 220.9 42.13 220.9 54.63 233.4L159.1 338.7L393.4 105.4C405.9 92.88 426.1 92.88 438.6 105.4H438.6z\"><\/path><\/svg><\/span><span class=\"uagb-icon-list__label\">Patricia Rodr\u00edguez<\/span><\/div>\n\n\n\n<div class=\"wp-block-uagb-icon-list-child uagb-block-xpnrpngl\"><span class=\"uagb-icon-list__source-wrap\"><svg xmlns=\"https:\/\/www.w3.org\/2000\/svg\" viewBox=\"0 0 448 512\"><path d=\"M438.6 105.4C451.1 117.9 451.1 138.1 438.6 150.6L182.6 406.6C170.1 419.1 149.9 419.1 137.4 406.6L9.372 278.6C-3.124 266.1-3.124 245.9 9.372 233.4C21.87 220.9 42.13 220.9 54.63 233.4L159.1 338.7L393.4 105.4C405.9 92.88 426.1 92.88 438.6 105.4H438.6z\"><\/path><\/svg><\/span><span class=\"uagb-icon-list__label\">Fernando Mier<\/span><\/div>\n\n\n\n<div class=\"wp-block-uagb-icon-list-child uagb-block-tdgsztup\"><span class=\"uagb-icon-list__source-wrap\"><svg xmlns=\"https:\/\/www.w3.org\/2000\/svg\" viewBox=\"0 0 448 512\"><path d=\"M438.6 105.4C451.1 117.9 451.1 138.1 438.6 150.6L182.6 406.6C170.1 419.1 149.9 419.1 137.4 406.6L9.372 278.6C-3.124 266.1-3.124 245.9 9.372 233.4C21.87 220.9 42.13 220.9 54.63 233.4L159.1 338.7L393.4 105.4C405.9 92.88 426.1 92.88 438.6 105.4H438.6z\"><\/path><\/svg><\/span><span class=\"uagb-icon-list__label\">Jos\u00e9 de Souza<\/span><\/div>\n<\/div><\/div>\n<\/div>\n\n\n\n<p class=\"ticss-8ae746e6\" style=\"font-size:16px;line-height:1.7\"><strong>Mail de la Comisi\u00f3n<\/strong>: comisioncientifica.audepp@gmail.com<\/p>\n<\/div>\n\n\n\n<div class=\"wp-block-uagb-container uagb-layout-grid uagb-block-y3kxxekc\">\n<div class=\"wp-block-uagb-image alignleft uagb-block-6bn2oxvc wp-block-uagb-image--layout-default wp-block-uagb-image--effect-static wp-block-uagb-image--align-left\"><figure class=\"wp-block-uagb-image__figure\"><img decoding=\"async\" srcset=\"https:\/\/audepp.org\/portal\/wp-content\/uploads\/2025\/07\/jaula.png ,https:\/\/audepp.org\/portal\/wp-content\/uploads\/2025\/07\/jaula.png 780w, https:\/\/audepp.org\/portal\/wp-content\/uploads\/2025\/07\/jaula.png 360w\" sizes=\"auto, (max-width: 480px) 150px\" src=\"https:\/\/audepp.org\/portal\/wp-content\/uploads\/2025\/07\/jaula.png\" alt=\"\" class=\"uag-image-16958\" width=\"270\" height=\"330\" title=\"jaula\" loading=\"lazy\" role=\"img\"\/><\/figure><\/div>\n\n\n\n<div class=\"wp-block-uagb-image alignleft uagb-block-6p4riu0d wp-block-uagb-image--layout-default wp-block-uagb-image--effect-static wp-block-uagb-image--align-left\"><figure class=\"wp-block-uagb-image__figure\"><img decoding=\"async\" srcset=\"https:\/\/audepp.org\/portal\/wp-content\/uploads\/2025\/07\/IMG_20250516_162320-549x1024.jpg ,https:\/\/audepp.org\/portal\/wp-content\/uploads\/2025\/07\/IMG_20250516_162320-scaled.jpg 780w, https:\/\/audepp.org\/portal\/wp-content\/uploads\/2025\/07\/IMG_20250516_162320-scaled.jpg 360w\" sizes=\"auto, (max-width: 480px) 150px\" src=\"https:\/\/audepp.org\/portal\/wp-content\/uploads\/2025\/07\/IMG_20250516_162320-549x1024.jpg\" alt=\"\" class=\"uag-image-16955\" width=\"270\" height=\"270\" title=\"IMG_20250516_162320\" loading=\"lazy\" role=\"img\"\/><\/figure><\/div>\n\n\n\n<div class=\"wp-block-uagb-image uagb-block-xto46d5l wp-block-uagb-image--layout-default wp-block-uagb-image--effect-static wp-block-uagb-image--align-none\"><figure class=\"wp-block-uagb-image__figure\"><img decoding=\"async\" srcset=\"https:\/\/audepp.org\/portal\/wp-content\/uploads\/2025\/07\/bancos-939x1024.jpg ,https:\/\/audepp.org\/portal\/wp-content\/uploads\/2025\/07\/bancos-scaled.jpg 780w, https:\/\/audepp.org\/portal\/wp-content\/uploads\/2025\/07\/bancos-scaled.jpg 360w\" sizes=\"auto, (max-width: 480px) 150px\" src=\"https:\/\/audepp.org\/portal\/wp-content\/uploads\/2025\/07\/bancos-939x1024.jpg\" alt=\"\" class=\"uag-image-16927\" width=\"270\" height=\"270\" title=\"bancos\" loading=\"lazy\" role=\"img\"\/><\/figure><\/div>\n\n\n\n<div class=\"wp-block-uagb-image uagb-block-m2ixlsp1 wp-block-uagb-image--layout-default wp-block-uagb-image--effect-static wp-block-uagb-image--align-none\"><figure class=\"wp-block-uagb-image__figure\"><img decoding=\"async\" srcset=\"https:\/\/audepp.org\/portal\/wp-content\/uploads\/2025\/07\/butacas_169-1024x683.png ,https:\/\/audepp.org\/portal\/wp-content\/uploads\/2025\/07\/butacas_169.png 780w, https:\/\/audepp.org\/portal\/wp-content\/uploads\/2025\/07\/butacas_169.png 360w\" sizes=\"auto, (max-width: 480px) 150px\" src=\"https:\/\/audepp.org\/portal\/wp-content\/uploads\/2025\/07\/butacas_169-1024x683.png\" alt=\"\" class=\"uag-image-16930\" width=\"270\" height=\"330\" title=\"butacas_169\" loading=\"lazy\" role=\"img\"\/><\/figure><\/div>\n<\/div>\n<\/div><\/div>\n","protected":false},"excerpt":{"rendered":"<p>PER\u00cdODO 2026\/2027 Comisi\u00f3n Cient\u00edfica D\u00eda de reuni\u00f3n:\u00a0Jueves 15:00 a 17:00 hrs. Integrantes Mail de la Comisi\u00f3n: comisioncientifica.audepp@gmail.com<\/p>\n","protected":false},"author":1,"featured_media":0,"parent":0,"menu_order":0,"comment_status":"closed","ping_status":"closed","template":"","meta":{"_uag_custom_page_level_css":"","site-sidebar-layout":"default","site-content-layout":"","ast-site-content-layout":"","site-content-style":"default","site-sidebar-style":"default","ast-global-header-display":"","ast-banner-title-visibility":"","ast-main-header-display":"","ast-hfb-above-header-display":"","ast-hfb-below-header-display":"","ast-hfb-mobile-header-display":"","site-post-title":"","ast-breadcrumbs-content":"","ast-featured-img":"","footer-sml-layout":"","theme-transparent-header-meta":"","adv-header-id-meta":"","stick-header-meta":"","header-above-stick-meta":"","header-main-stick-meta":"","header-below-stick-meta":"","astra-migrate-meta-layouts":"default","ast-page-background-enabled":"default","ast-page-background-meta":{"desktop":{"background-color":"var(--ast-global-color-4)","background-image":"","background-repeat":"repeat","background-position":"center center","background-size":"auto","background-attachment":"scroll","background-type":"","background-media":"","overlay-type":"","overlay-color":"","overlay-opacity":"","overlay-gradient":""},"tablet":{"background-color":"","background-image":"","background-repeat":"repeat","background-position":"center center","background-size":"auto","background-attachment":"scroll","background-type":"","background-media":"","overlay-type":"","overlay-color":"","overlay-opacity":"","overlay-gradient":""},"mobile":{"background-color":"","background-image":"","background-repeat":"repeat","background-position":"center center","background-size":"auto","background-attachment":"scroll","background-type":"","background-media":"","overlay-type":"","overlay-color":"","overlay-opacity":"","overlay-gradient":""}},"ast-content-background-meta":{"desktop":{"background-color":"var(--ast-global-color-5)","background-image":"","background-repeat":"repeat","background-position":"center center","background-size":"auto","background-attachment":"scroll","background-type":"","background-media":"","overlay-type":"","overlay-color":"","overlay-opacity":"","overlay-gradient":""},"tablet":{"background-color":"var(--ast-global-color-5)","background-image":"","background-repeat":"repeat","background-position":"center center","background-size":"auto","background-attachment":"scroll","background-type":"","background-media":"","overlay-type":"","overlay-color":"","overlay-opacity":"","overlay-gradient":""},"mobile":{"background-color":"var(--ast-global-color-5)","background-image":"","background-repeat":"repeat","background-position":"center center","background-size":"auto","background-attachment":"scroll","background-type":"","background-media":"","overlay-type":"","overlay-color":"","overlay-opacity":"","overlay-gradient":""}},"_themeisle_gutenberg_block_has_review":false,"footnotes":""},"class_list":["post-12444","page","type-page","status-publish","hentry"],"yoast_head":"<!-- This site is optimized with the Yoast SEO plugin v25.5 - https:\/\/yoast.com\/wordpress\/plugins\/seo\/ -->\n<title>Comisi\u00f3n Cient\u00edfica - Audepp<\/title>\n<meta name=\"robots\" content=\"index, follow, max-snippet:-1, max-image-preview:large, max-video-preview:-1\" \/>\n<link rel=\"canonical\" href=\"https:\/\/audepp.org\/portal\/comision-cientifica\/\" \/>\n<meta property=\"og:locale\" content=\"es_ES\" \/>\n<meta property=\"og:type\" content=\"article\" \/>\n<meta property=\"og:title\" content=\"Comisi\u00f3n Cient\u00edfica - Audepp\" \/>\n<meta property=\"og:description\" content=\"PER\u00cdODO 2026\/2027 Comisi\u00f3n Cient\u00edfica D\u00eda de reuni\u00f3n:\u00a0Jueves 15:00 a 17:00 hrs. Integrantes Mail de la Comisi\u00f3n: comisioncientifica.audepp@gmail.com\" \/>\n<meta property=\"og:url\" content=\"https:\/\/audepp.org\/portal\/comision-cientifica\/\" \/>\n<meta property=\"og:site_name\" content=\"Audepp\" \/>\n<meta property=\"article:modified_time\" content=\"2025-08-22T17:52:28+00:00\" \/>\n<meta property=\"og:image\" content=\"https:\/\/audepp.org\/portal\/wp-content\/uploads\/2025\/07\/jaula.png\" \/>\n<meta name=\"twitter:card\" content=\"summary_large_image\" \/>\n<meta name=\"twitter:label1\" content=\"Tiempo de lectura\" \/>\n\t<meta name=\"twitter:data1\" content=\"1 minuto\" \/>\n<script type=\"application\/ld+json\" class=\"yoast-schema-graph\">{\"@context\":\"https:\/\/schema.org\",\"@graph\":[{\"@type\":\"WebPage\",\"@id\":\"https:\/\/audepp.org\/portal\/comision-cientifica\/\",\"url\":\"https:\/\/audepp.org\/portal\/comision-cientifica\/\",\"name\":\"Comisi\u00f3n Cient\u00edfica - Audepp\",\"isPartOf\":{\"@id\":\"https:\/\/audepp.org\/portal\/#website\"},\"primaryImageOfPage\":{\"@id\":\"https:\/\/audepp.org\/portal\/comision-cientifica\/#primaryimage\"},\"image\":{\"@id\":\"https:\/\/audepp.org\/portal\/comision-cientifica\/#primaryimage\"},\"thumbnailUrl\":\"https:\/\/audepp.org\/portal\/wp-content\/uploads\/2025\/07\/jaula.png\",\"datePublished\":\"2020-09-07T13:46:48+00:00\",\"dateModified\":\"2025-08-22T17:52:28+00:00\",\"breadcrumb\":{\"@id\":\"https:\/\/audepp.org\/portal\/comision-cientifica\/#breadcrumb\"},\"inLanguage\":\"es\",\"potentialAction\":[{\"@type\":\"ReadAction\",\"target\":[\"https:\/\/audepp.org\/portal\/comision-cientifica\/\"]}]},{\"@type\":\"ImageObject\",\"inLanguage\":\"es\",\"@id\":\"https:\/\/audepp.org\/portal\/comision-cientifica\/#primaryimage\",\"url\":\"https:\/\/audepp.org\/portal\/wp-content\/uploads\/2025\/07\/jaula.png\",\"contentUrl\":\"https:\/\/audepp.org\/portal\/wp-content\/uploads\/2025\/07\/jaula.png\",\"width\":1024,\"height\":1024},{\"@type\":\"BreadcrumbList\",\"@id\":\"https:\/\/audepp.org\/portal\/comision-cientifica\/#breadcrumb\",\"itemListElement\":[{\"@type\":\"ListItem\",\"position\":1,\"name\":\"Home\",\"item\":\"https:\/\/audepp.org\/portal\/\"},{\"@type\":\"ListItem\",\"position\":2,\"name\":\"Comisi\u00f3n Cient\u00edfica\"}]},{\"@type\":\"WebSite\",\"@id\":\"https:\/\/audepp.org\/portal\/#website\",\"url\":\"https:\/\/audepp.org\/portal\/\",\"name\":\"Audepp\",\"description\":\"\",\"publisher\":{\"@id\":\"https:\/\/audepp.org\/portal\/#organization\"},\"potentialAction\":[{\"@type\":\"SearchAction\",\"target\":{\"@type\":\"EntryPoint\",\"urlTemplate\":\"https:\/\/audepp.org\/portal\/?s={search_term_string}\"},\"query-input\":{\"@type\":\"PropertyValueSpecification\",\"valueRequired\":true,\"valueName\":\"search_term_string\"}}],\"inLanguage\":\"es\"},{\"@type\":\"Organization\",\"@id\":\"https:\/\/audepp.org\/portal\/#organization\",\"name\":\"Audepp\",\"url\":\"https:\/\/audepp.org\/portal\/\",\"logo\":{\"@type\":\"ImageObject\",\"inLanguage\":\"es\",\"@id\":\"https:\/\/audepp.org\/portal\/#\/schema\/logo\/image\/\",\"url\":\"https:\/\/audepp.org\/portal\/wp-content\/uploads\/2025\/02\/cropped-cropped-cropped-image_invertida-1.png\",\"contentUrl\":\"https:\/\/audepp.org\/portal\/wp-content\/uploads\/2025\/02\/cropped-cropped-cropped-image_invertida-1.png\",\"width\":980,\"height\":254,\"caption\":\"Audepp\"},\"image\":{\"@id\":\"https:\/\/audepp.org\/portal\/#\/schema\/logo\/image\/\"}}]}<\/script>\n<!-- \/ Yoast SEO plugin. -->","yoast_head_json":{"title":"Comisi\u00f3n Cient\u00edfica - Audepp","robots":{"index":"index","follow":"follow","max-snippet":"max-snippet:-1","max-image-preview":"max-image-preview:large","max-video-preview":"max-video-preview:-1"},"canonical":"https:\/\/audepp.org\/portal\/comision-cientifica\/","og_locale":"es_ES","og_type":"article","og_title":"Comisi\u00f3n Cient\u00edfica - Audepp","og_description":"PER\u00cdODO 2026\/2027 Comisi\u00f3n Cient\u00edfica D\u00eda de reuni\u00f3n:\u00a0Jueves 15:00 a 17:00 hrs. Integrantes Mail de la Comisi\u00f3n: comisioncientifica.audepp@gmail.com","og_url":"https:\/\/audepp.org\/portal\/comision-cientifica\/","og_site_name":"Audepp","article_modified_time":"2025-08-22T17:52:28+00:00","og_image":[{"url":"https:\/\/audepp.org\/portal\/wp-content\/uploads\/2025\/07\/jaula.png","type":"","width":"","height":""}],"twitter_card":"summary_large_image","twitter_misc":{"Tiempo de lectura":"1 minuto"},"schema":{"@context":"https:\/\/schema.org","@graph":[{"@type":"WebPage","@id":"https:\/\/audepp.org\/portal\/comision-cientifica\/","url":"https:\/\/audepp.org\/portal\/comision-cientifica\/","name":"Comisi\u00f3n Cient\u00edfica - Audepp","isPartOf":{"@id":"https:\/\/audepp.org\/portal\/#website"},"primaryImageOfPage":{"@id":"https:\/\/audepp.org\/portal\/comision-cientifica\/#primaryimage"},"image":{"@id":"https:\/\/audepp.org\/portal\/comision-cientifica\/#primaryimage"},"thumbnailUrl":"https:\/\/audepp.org\/portal\/wp-content\/uploads\/2025\/07\/jaula.png","datePublished":"2020-09-07T13:46:48+00:00","dateModified":"2025-08-22T17:52:28+00:00","breadcrumb":{"@id":"https:\/\/audepp.org\/portal\/comision-cientifica\/#breadcrumb"},"inLanguage":"es","potentialAction":[{"@type":"ReadAction","target":["https:\/\/audepp.org\/portal\/comision-cientifica\/"]}]},{"@type":"ImageObject","inLanguage":"es","@id":"https:\/\/audepp.org\/portal\/comision-cientifica\/#primaryimage","url":"https:\/\/audepp.org\/portal\/wp-content\/uploads\/2025\/07\/jaula.png","contentUrl":"https:\/\/audepp.org\/portal\/wp-content\/uploads\/2025\/07\/jaula.png","width":1024,"height":1024},{"@type":"BreadcrumbList","@id":"https:\/\/audepp.org\/portal\/comision-cientifica\/#breadcrumb","itemListElement":[{"@type":"ListItem","position":1,"name":"Home","item":"https:\/\/audepp.org\/portal\/"},{"@type":"ListItem","position":2,"name":"Comisi\u00f3n Cient\u00edfica"}]},{"@type":"WebSite","@id":"https:\/\/audepp.org\/portal\/#website","url":"https:\/\/audepp.org\/portal\/","name":"Audepp","description":"","publisher":{"@id":"https:\/\/audepp.org\/portal\/#organization"},"potentialAction":[{"@type":"SearchAction","target":{"@type":"EntryPoint","urlTemplate":"https:\/\/audepp.org\/portal\/?s={search_term_string}"},"query-input":{"@type":"PropertyValueSpecification","valueRequired":true,"valueName":"search_term_string"}}],"inLanguage":"es"},{"@type":"Organization","@id":"https:\/\/audepp.org\/portal\/#organization","name":"Audepp","url":"https:\/\/audepp.org\/portal\/","logo":{"@type":"ImageObject","inLanguage":"es","@id":"https:\/\/audepp.org\/portal\/#\/schema\/logo\/image\/","url":"https:\/\/audepp.org\/portal\/wp-content\/uploads\/2025\/02\/cropped-cropped-cropped-image_invertida-1.png","contentUrl":"https:\/\/audepp.org\/portal\/wp-content\/uploads\/2025\/02\/cropped-cropped-cropped-image_invertida-1.png","width":980,"height":254,"caption":"Audepp"},"image":{"@id":"https:\/\/audepp.org\/portal\/#\/schema\/logo\/image\/"}}]}},"uagb_featured_image_src":{"full":false,"thumbnail":false,"medium":false,"medium_large":false,"large":false,"1536x1536":false,"2048x2048":false,"ultp_layout_landscape_large":false,"ultp_layout_landscape":false,"ultp_layout_portrait":false,"ultp_layout_square":false},"uagb_author_info":{"display_name":"admin","author_link":"https:\/\/audepp.org\/portal\/author\/admin\/"},"uagb_comment_info":0,"uagb_excerpt":"PER\u00cdODO 2026\/2027 Comisi\u00f3n Cient\u00edfica D\u00eda de reuni\u00f3n:\u00a0Jueves 15:00 a 17:00 hrs. Integrantes Mail de la Comisi\u00f3n: comisioncientifica.audepp@gmail.com","_links":{"self":[{"href":"https:\/\/audepp.org\/portal\/wp-json\/wp\/v2\/pages\/12444","targetHints":{"allow":["GET"]}}],"collection":[{"href":"https:\/\/audepp.org\/portal\/wp-json\/wp\/v2\/pages"}],"about":[{"href":"https:\/\/audepp.org\/portal\/wp-json\/wp\/v2\/types\/page"}],"author":[{"embeddable":true,"href":"https:\/\/audepp.org\/portal\/wp-json\/wp\/v2\/users\/1"}],"replies":[{"embeddable":true,"href":"https:\/\/audepp.org\/portal\/wp-json\/wp\/v2\/comments?post=12444"}],"version-history":[{"count":17,"href":"https:\/\/audepp.org\/portal\/wp-json\/wp\/v2\/pages\/12444\/revisions"}],"predecessor-version":[{"id":18354,"href":"https:\/\/audepp.org\/portal\/wp-json\/wp\/v2\/pages\/12444\/revisions\/18354"}],"wp:attachment":[{"href":"https:\/\/audepp.org\/portal\/wp-json\/wp\/v2\/media?parent=12444"}],"curies":[{"name":"wp","href":"https:\/\/api.w.org\/{rel}","templated":true}]}}