{"id":12093,"date":"2020-04-02T15:57:56","date_gmt":"2020-04-02T18:57:56","guid":{"rendered":"http:\/\/localhost\/portal_old\/espacio-silvia-bleichmar\/"},"modified":"2025-08-12T09:05:19","modified_gmt":"2025-08-12T12:05:19","slug":"espacio-silvia-bleichmar","status":"publish","type":"page","link":"https:\/\/audepp.org\/portal\/espacio-silvia-bleichmar\/","title":{"rendered":"Espacio Silvia Bleichmar"},"content":{"rendered":"\n<h4 class=\"wp-block-heading ticss-56fc79b1 has-black-color has-text-color has-link-color wp-elements-f1778002aa1e5f43e24fb2d1fd466a29\" style=\"font-size:32px;font-style:normal;font-weight:700;line-height:1.7\">Espacio Silvia Bleichmar<\/h4>\n\n\n\n<div class=\"wp-block-uagb-container uagb-block-pqooli2z alignfull uagb-is-root-container\"><div class=\"uagb-container-inner-blocks-wrap\">\n<div class=\"wp-block-uagb-image alignleft uagb-block-156zygd4 wp-block-uagb-image--layout-default wp-block-uagb-image--effect-static wp-block-uagb-image--align-left\"><figure class=\"wp-block-uagb-image__figure\"><img decoding=\"async\" srcset=\"https:\/\/audepp.org\/portal\/wp-content\/uploads\/2025\/07\/Bleichmar-Web-1.png ,https:\/\/audepp.org\/portal\/wp-content\/uploads\/2025\/07\/Bleichmar-Web-1.png 780w, https:\/\/audepp.org\/portal\/wp-content\/uploads\/2025\/07\/Bleichmar-Web-1.png 360w\" sizes=\"auto, (max-width: 480px) 150px\" src=\"https:\/\/audepp.org\/portal\/wp-content\/uploads\/2025\/07\/Bleichmar-Web-1.png\" alt=\"\" class=\"uag-image-17192\" width=\"564\" height=\"700\" title=\"Bleichmar-Web\" loading=\"lazy\" role=\"img\"\/><\/figure><\/div>\n\n\n\n<div class=\"wp-block-uagb-container uagb-block-zp7xrabh\">\n<div class=\"wp-block-uagb-info-box uagb-block-zxorcxiq uagb-infobox__content-wrap  uagb-infobox-icon-above-title uagb-infobox-image-valign-top\"><div class=\"uagb-ifb-content\"><div class=\"uagb-ifb-title-wrap\"><\/div><p class=\"uagb-ifb-desc\">Continuar con las propuestas planificadas en tiempo de crisis no es tarea f\u00e1cil. Quedarse paralizado es una reacci\u00f3n posible. Apoyarse en los espacios colectivos y producciones grupales ha sido hist\u00f3ricamente una potencia para enfrentar la adversidad.<br><br>Cuando comenzamos con la idea de poner en funcionamiento un Espacio de estas caracter\u00edsticas no imagin\u00e1bamos los desaf\u00edos que en el 2020 se nos iban a imponer como humanidad y como profesionales de la salud mental. Como en muchos otros momentos nuestras bibliotecas se han visto interpeladas, pero tambi\u00e9n hemos encontrado en ellas apoyo para continuar interviniendo con el sufrimiento ps\u00edquico.<br><br>Queremos compartir con ustedes que desde el 2016 un grupo de colegas de AUDEPP hemos estado profundizando en la obra de Silvia Bleichmar, continuando de esa forma, con la lectura de una autora cuyo pensamiento se anticipa muy lucidamente a las circunstancias actuales de la cl\u00ednica. Bleichmar a trav\u00e9s de sus conceptualizaciones apuesta a una revisi\u00f3n importante de los postulados psicoanal\u00edticos cl\u00e1sicos y propone con una rigurosidad notable nuevos lineamientos metapsicol\u00f3gicos. Su pensamiento articula una profunda sensibilidad cl\u00ednica, precisi\u00f3n conceptual, y di\u00e1logo interdisciplinario; estimulando de esta manera, la permanente revisi\u00f3n de nuestros modos de pensar.<\/p><\/div><\/div>\n<\/div>\n<\/div><\/div>\n\n\n\n<p class=\"ticss-8da0d97a has-black-color has-text-color has-link-color wp-elements-b06defa7c701196674e9d6004b4e21ab\" style=\"font-size:16px;line-height:1.7\">A partir de ese antecedente es que decidimos ir construyendo el Espacio Silvia Bleichmar, con el objetivo de contribuir a la formaci\u00f3n de los socios de AUDEPP, en una l\u00ednea de pensamiento que enriquece considerablemente la escucha cl\u00ednica y que ampl\u00eda posibilidades de intervenci\u00f3n.<\/p>\n\n\n\n<div class=\"wp-block-uagb-container uagb-block-88abb1cd alignfull uagb-is-root-container\"><div class=\"uagb-container-inner-blocks-wrap\">\n<div class=\"wp-block-uagb-container uagb-block-2c83cf3a\">\n<div class=\"wp-block-uagb-info-box uagb-block-e7f57daa uagb-infobox__content-wrap  uagb-infobox-icon-above-title uagb-infobox-image-valign-top\"><div class=\"uagb-ifb-content\"><div class=\"uagb-ifb-title-wrap\"><\/div><p class=\"uagb-ifb-desc\">Buscamos construir un espacio de trabajo sobre un \u201cpensamiento de autor\u201d, por entender que permite integrar diferentes formatos de trabajo y hace posible la integraci\u00f3n de los socios en distintos niveles de participaci\u00f3n, as\u00ed como actividades abiertas al resto de la comunidad.<br><br>Quienes de distintas maneras se hayan acercado a la obra de Bleichmar conocen su implicaci\u00f3n con el lazo social y con el psicoan\u00e1lisis extra muros, as\u00ed como con la noci\u00f3n de un sujeto \u00e9tico; es por ello que entendimos que en este momento poner a disposici\u00f3n este espacio no es menor. En breve difundiremos algunas actividades planificadas, las cuales entendemos ir\u00e1n enriqueciendo el Espacio. <br><br>Cordialmente, equipo coordinador.<br><br><\/p><\/div><\/div>\n<\/div>\n\n\n\n<figure class=\"wp-block-image size-full is-resized\"><img loading=\"lazy\" decoding=\"async\" width=\"1005\" height=\"1024\" src=\"https:\/\/audepp.org\/portal\/wp-content\/uploads\/2025\/07\/espacio-silvia-bleichmar.jpg\" alt=\"\" class=\"wp-image-16749\" style=\"width:474px;height:auto\" srcset=\"https:\/\/audepp.org\/portal\/wp-content\/uploads\/2025\/07\/espacio-silvia-bleichmar.jpg 1005w, https:\/\/audepp.org\/portal\/wp-content\/uploads\/2025\/07\/espacio-silvia-bleichmar-294x300.jpg 294w, https:\/\/audepp.org\/portal\/wp-content\/uploads\/2025\/07\/espacio-silvia-bleichmar-768x783.jpg 768w\" sizes=\"auto, (max-width: 1005px) 100vw, 1005px\" \/><\/figure>\n<\/div><\/div>\n\n\n\n<p class=\"ticss-2eff56bf has-black-color has-text-color has-link-color wp-elements-7e02c35523d79d89c7c409b91a29dac7\" style=\"font-size:16px;line-height:1.7\"><strong>ABRIL 2022<\/strong><\/p>\n\n\n\n<p class=\"ticss-2eff56bf has-black-color has-text-color has-link-color wp-elements-075a8af4bac72cbef98269d31283c86e\" style=\"font-size:16px;line-height:1.7\">Estimados colegas, desde el<strong>&nbsp;Espacio Silvia Bleichmar de AUDEPP<\/strong>&nbsp;compartimos con ustedes el trabajo que fue presentado en el&nbsp;<strong>Congreso de AEAPG&nbsp;<\/strong><em><strong>Cartograf\u00edas del sufrimiento ps\u00edquico. Avatares de la \u00e9poca<\/strong>,&nbsp;<\/em>en el mes de setiembre del a\u00f1o pasado. Lo titulamos&nbsp;<strong><em>Impactos subjetivos en tiempo de pandemia. Puesta en escena de algunos sentidos.<\/em><\/strong>&nbsp;El mismo represent\u00f3 a nuestra instituci\u00f3n dentro de una mesa FLAPPSIP.<\/p>\n\n\n\n<p class=\"ticss-2eff56bf has-black-color has-text-color has-link-color wp-elements-f0eb68410696b3e7d543ee8da84be6d0\" style=\"font-size:16px;line-height:1.7\">Por otra parte pronto estaremos invit\u00e1ndolos a compartir actividades cient\u00edficas a partir de la obra de Bleichmar desde una mirada actual.<\/p>\n\n\n\n<p class=\"ticss-2eff56bf has-black-color has-text-color has-link-color wp-elements-2ccadae1e22bdfaa9f5aa9c3b3074577\" style=\"font-size:16px;line-height:1.7\">Los saludamos afectuosamente.<\/p>\n\n\n\n<p class=\"ticss-2eff56bf no_mb_no_pb has-black-color has-text-color has-link-color wp-elements-ff77f77e7289f305d7dd143d7132db7d\" style=\"font-size:16px;line-height:1.7\"><a href=\"https:\/\/audepp.org\/portal\/wp-content\/uploads\/2025\/08\/AVATARES-DE-EPOCA.pdf\">PDF del TRABAJO: AVATARES-DE-\u00c9POCA.<\/a><\/p>\n\n\n\n<p><\/p>\n","protected":false},"excerpt":{"rendered":"<p>Espacio Silvia Bleichmar A partir de ese antecedente es que decidimos ir construyendo el Espacio Silvia Bleichmar, con el objetivo de contribuir a la formaci\u00f3n de los socios de AUDEPP, en una l\u00ednea de pensamiento que enriquece considerablemente la escucha cl\u00ednica y que ampl\u00eda posibilidades de intervenci\u00f3n. ABRIL 2022 Estimados colegas, desde el&nbsp;Espacio Silvia Bleichmar [&hellip;]<\/p>\n","protected":false},"author":1,"featured_media":0,"parent":0,"menu_order":0,"comment_status":"closed","ping_status":"closed","template":"","meta":{"_uag_custom_page_level_css":"","site-sidebar-layout":"default","site-content-layout":"","ast-site-content-layout":"","site-content-style":"default","site-sidebar-style":"default","ast-global-header-display":"","ast-banner-title-visibility":"","ast-main-header-display":"","ast-hfb-above-header-display":"","ast-hfb-below-header-display":"","ast-hfb-mobile-header-display":"","site-post-title":"","ast-breadcrumbs-content":"","ast-featured-img":"","footer-sml-layout":"","theme-transparent-header-meta":"","adv-header-id-meta":"","stick-header-meta":"","header-above-stick-meta":"","header-main-stick-meta":"","header-below-stick-meta":"","astra-migrate-meta-layouts":"default","ast-page-background-enabled":"default","ast-page-background-meta":{"desktop":{"background-color":"var(--ast-global-color-4)","background-image":"","background-repeat":"repeat","background-position":"center center","background-size":"auto","background-attachment":"scroll","background-type":"","background-media":"","overlay-type":"","overlay-color":"","overlay-opacity":"","overlay-gradient":""},"tablet":{"background-color":"","background-image":"","background-repeat":"repeat","background-position":"center center","background-size":"auto","background-attachment":"scroll","background-type":"","background-media":"","overlay-type":"","overlay-color":"","overlay-opacity":"","overlay-gradient":""},"mobile":{"background-color":"","background-image":"","background-repeat":"repeat","background-position":"center center","background-size":"auto","background-attachment":"scroll","background-type":"","background-media":"","overlay-type":"","overlay-color":"","overlay-opacity":"","overlay-gradient":""}},"ast-content-background-meta":{"desktop":{"background-color":"var(--ast-global-color-5)","background-image":"","background-repeat":"repeat","background-position":"center center","background-size":"auto","background-attachment":"scroll","background-type":"","background-media":"","overlay-type":"","overlay-color":"","overlay-opacity":"","overlay-gradient":""},"tablet":{"background-color":"var(--ast-global-color-5)","background-image":"","background-repeat":"repeat","background-position":"center center","background-size":"auto","background-attachment":"scroll","background-type":"","background-media":"","overlay-type":"","overlay-color":"","overlay-opacity":"","overlay-gradient":""},"mobile":{"background-color":"var(--ast-global-color-5)","background-image":"","background-repeat":"repeat","background-position":"center center","background-size":"auto","background-attachment":"scroll","background-type":"","background-media":"","overlay-type":"","overlay-color":"","overlay-opacity":"","overlay-gradient":""}},"_themeisle_gutenberg_block_has_review":false,"footnotes":""},"class_list":["post-12093","page","type-page","status-publish","hentry"],"yoast_head":"<!-- This site is optimized with the Yoast SEO plugin v25.5 - https:\/\/yoast.com\/wordpress\/plugins\/seo\/ -->\n<title>Espacio Silvia Bleichmar - Audepp<\/title>\n<meta name=\"robots\" content=\"index, follow, max-snippet:-1, max-image-preview:large, max-video-preview:-1\" \/>\n<link rel=\"canonical\" href=\"https:\/\/audepp.org\/portal\/espacio-silvia-bleichmar\/\" \/>\n<meta property=\"og:locale\" content=\"es_ES\" \/>\n<meta property=\"og:type\" content=\"article\" \/>\n<meta property=\"og:title\" content=\"Espacio Silvia Bleichmar - Audepp\" \/>\n<meta property=\"og:description\" content=\"Espacio Silvia Bleichmar A partir de ese antecedente es que decidimos ir construyendo el Espacio Silvia Bleichmar, con el objetivo de contribuir a la formaci\u00f3n de los socios de AUDEPP, en una l\u00ednea de pensamiento que enriquece considerablemente la escucha cl\u00ednica y que ampl\u00eda posibilidades de intervenci\u00f3n. ABRIL 2022 Estimados colegas, desde el&nbsp;Espacio Silvia Bleichmar [&hellip;]\" \/>\n<meta property=\"og:url\" content=\"https:\/\/audepp.org\/portal\/espacio-silvia-bleichmar\/\" \/>\n<meta property=\"og:site_name\" content=\"Audepp\" \/>\n<meta property=\"article:modified_time\" content=\"2025-08-12T12:05:19+00:00\" \/>\n<meta property=\"og:image\" content=\"https:\/\/audepp.org\/portal\/wp-content\/uploads\/2025\/07\/Bleichmar-Web-1.png\" \/>\n<meta name=\"twitter:card\" content=\"summary_large_image\" \/>\n<meta name=\"twitter:label1\" content=\"Tiempo de lectura\" \/>\n\t<meta name=\"twitter:data1\" content=\"3 minutos\" \/>\n<script type=\"application\/ld+json\" class=\"yoast-schema-graph\">{\"@context\":\"https:\/\/schema.org\",\"@graph\":[{\"@type\":\"WebPage\",\"@id\":\"https:\/\/audepp.org\/portal\/espacio-silvia-bleichmar\/\",\"url\":\"https:\/\/audepp.org\/portal\/espacio-silvia-bleichmar\/\",\"name\":\"Espacio Silvia Bleichmar - Audepp\",\"isPartOf\":{\"@id\":\"https:\/\/audepp.org\/portal\/#website\"},\"primaryImageOfPage\":{\"@id\":\"https:\/\/audepp.org\/portal\/espacio-silvia-bleichmar\/#primaryimage\"},\"image\":{\"@id\":\"https:\/\/audepp.org\/portal\/espacio-silvia-bleichmar\/#primaryimage\"},\"thumbnailUrl\":\"https:\/\/audepp.org\/portal\/wp-content\/uploads\/2025\/07\/Bleichmar-Web-1.png\",\"datePublished\":\"2020-04-02T18:57:56+00:00\",\"dateModified\":\"2025-08-12T12:05:19+00:00\",\"breadcrumb\":{\"@id\":\"https:\/\/audepp.org\/portal\/espacio-silvia-bleichmar\/#breadcrumb\"},\"inLanguage\":\"es\",\"potentialAction\":[{\"@type\":\"ReadAction\",\"target\":[\"https:\/\/audepp.org\/portal\/espacio-silvia-bleichmar\/\"]}]},{\"@type\":\"ImageObject\",\"inLanguage\":\"es\",\"@id\":\"https:\/\/audepp.org\/portal\/espacio-silvia-bleichmar\/#primaryimage\",\"url\":\"https:\/\/audepp.org\/portal\/wp-content\/uploads\/2025\/07\/Bleichmar-Web-1.png\",\"contentUrl\":\"https:\/\/audepp.org\/portal\/wp-content\/uploads\/2025\/07\/Bleichmar-Web-1.png\",\"width\":640,\"height\":800},{\"@type\":\"BreadcrumbList\",\"@id\":\"https:\/\/audepp.org\/portal\/espacio-silvia-bleichmar\/#breadcrumb\",\"itemListElement\":[{\"@type\":\"ListItem\",\"position\":1,\"name\":\"Home\",\"item\":\"https:\/\/audepp.org\/portal\/\"},{\"@type\":\"ListItem\",\"position\":2,\"name\":\"Espacio Silvia Bleichmar\"}]},{\"@type\":\"WebSite\",\"@id\":\"https:\/\/audepp.org\/portal\/#website\",\"url\":\"https:\/\/audepp.org\/portal\/\",\"name\":\"Audepp\",\"description\":\"\",\"publisher\":{\"@id\":\"https:\/\/audepp.org\/portal\/#organization\"},\"potentialAction\":[{\"@type\":\"SearchAction\",\"target\":{\"@type\":\"EntryPoint\",\"urlTemplate\":\"https:\/\/audepp.org\/portal\/?s={search_term_string}\"},\"query-input\":{\"@type\":\"PropertyValueSpecification\",\"valueRequired\":true,\"valueName\":\"search_term_string\"}}],\"inLanguage\":\"es\"},{\"@type\":\"Organization\",\"@id\":\"https:\/\/audepp.org\/portal\/#organization\",\"name\":\"Audepp\",\"url\":\"https:\/\/audepp.org\/portal\/\",\"logo\":{\"@type\":\"ImageObject\",\"inLanguage\":\"es\",\"@id\":\"https:\/\/audepp.org\/portal\/#\/schema\/logo\/image\/\",\"url\":\"https:\/\/audepp.org\/portal\/wp-content\/uploads\/2025\/02\/cropped-cropped-cropped-image_invertida-1.png\",\"contentUrl\":\"https:\/\/audepp.org\/portal\/wp-content\/uploads\/2025\/02\/cropped-cropped-cropped-image_invertida-1.png\",\"width\":980,\"height\":254,\"caption\":\"Audepp\"},\"image\":{\"@id\":\"https:\/\/audepp.org\/portal\/#\/schema\/logo\/image\/\"}}]}<\/script>\n<!-- \/ Yoast SEO plugin. -->","yoast_head_json":{"title":"Espacio Silvia Bleichmar - Audepp","robots":{"index":"index","follow":"follow","max-snippet":"max-snippet:-1","max-image-preview":"max-image-preview:large","max-video-preview":"max-video-preview:-1"},"canonical":"https:\/\/audepp.org\/portal\/espacio-silvia-bleichmar\/","og_locale":"es_ES","og_type":"article","og_title":"Espacio Silvia Bleichmar - Audepp","og_description":"Espacio Silvia Bleichmar A partir de ese antecedente es que decidimos ir construyendo el Espacio Silvia Bleichmar, con el objetivo de contribuir a la formaci\u00f3n de los socios de AUDEPP, en una l\u00ednea de pensamiento que enriquece considerablemente la escucha cl\u00ednica y que ampl\u00eda posibilidades de intervenci\u00f3n. ABRIL 2022 Estimados colegas, desde el&nbsp;Espacio Silvia Bleichmar [&hellip;]","og_url":"https:\/\/audepp.org\/portal\/espacio-silvia-bleichmar\/","og_site_name":"Audepp","article_modified_time":"2025-08-12T12:05:19+00:00","og_image":[{"url":"https:\/\/audepp.org\/portal\/wp-content\/uploads\/2025\/07\/Bleichmar-Web-1.png","type":"","width":"","height":""}],"twitter_card":"summary_large_image","twitter_misc":{"Tiempo de lectura":"3 minutos"},"schema":{"@context":"https:\/\/schema.org","@graph":[{"@type":"WebPage","@id":"https:\/\/audepp.org\/portal\/espacio-silvia-bleichmar\/","url":"https:\/\/audepp.org\/portal\/espacio-silvia-bleichmar\/","name":"Espacio Silvia Bleichmar - Audepp","isPartOf":{"@id":"https:\/\/audepp.org\/portal\/#website"},"primaryImageOfPage":{"@id":"https:\/\/audepp.org\/portal\/espacio-silvia-bleichmar\/#primaryimage"},"image":{"@id":"https:\/\/audepp.org\/portal\/espacio-silvia-bleichmar\/#primaryimage"},"thumbnailUrl":"https:\/\/audepp.org\/portal\/wp-content\/uploads\/2025\/07\/Bleichmar-Web-1.png","datePublished":"2020-04-02T18:57:56+00:00","dateModified":"2025-08-12T12:05:19+00:00","breadcrumb":{"@id":"https:\/\/audepp.org\/portal\/espacio-silvia-bleichmar\/#breadcrumb"},"inLanguage":"es","potentialAction":[{"@type":"ReadAction","target":["https:\/\/audepp.org\/portal\/espacio-silvia-bleichmar\/"]}]},{"@type":"ImageObject","inLanguage":"es","@id":"https:\/\/audepp.org\/portal\/espacio-silvia-bleichmar\/#primaryimage","url":"https:\/\/audepp.org\/portal\/wp-content\/uploads\/2025\/07\/Bleichmar-Web-1.png","contentUrl":"https:\/\/audepp.org\/portal\/wp-content\/uploads\/2025\/07\/Bleichmar-Web-1.png","width":640,"height":800},{"@type":"BreadcrumbList","@id":"https:\/\/audepp.org\/portal\/espacio-silvia-bleichmar\/#breadcrumb","itemListElement":[{"@type":"ListItem","position":1,"name":"Home","item":"https:\/\/audepp.org\/portal\/"},{"@type":"ListItem","position":2,"name":"Espacio Silvia Bleichmar"}]},{"@type":"WebSite","@id":"https:\/\/audepp.org\/portal\/#website","url":"https:\/\/audepp.org\/portal\/","name":"Audepp","description":"","publisher":{"@id":"https:\/\/audepp.org\/portal\/#organization"},"potentialAction":[{"@type":"SearchAction","target":{"@type":"EntryPoint","urlTemplate":"https:\/\/audepp.org\/portal\/?s={search_term_string}"},"query-input":{"@type":"PropertyValueSpecification","valueRequired":true,"valueName":"search_term_string"}}],"inLanguage":"es"},{"@type":"Organization","@id":"https:\/\/audepp.org\/portal\/#organization","name":"Audepp","url":"https:\/\/audepp.org\/portal\/","logo":{"@type":"ImageObject","inLanguage":"es","@id":"https:\/\/audepp.org\/portal\/#\/schema\/logo\/image\/","url":"https:\/\/audepp.org\/portal\/wp-content\/uploads\/2025\/02\/cropped-cropped-cropped-image_invertida-1.png","contentUrl":"https:\/\/audepp.org\/portal\/wp-content\/uploads\/2025\/02\/cropped-cropped-cropped-image_invertida-1.png","width":980,"height":254,"caption":"Audepp"},"image":{"@id":"https:\/\/audepp.org\/portal\/#\/schema\/logo\/image\/"}}]}},"uagb_featured_image_src":{"full":false,"thumbnail":false,"medium":false,"medium_large":false,"large":false,"1536x1536":false,"2048x2048":false,"ultp_layout_landscape_large":false,"ultp_layout_landscape":false,"ultp_layout_portrait":false,"ultp_layout_square":false},"uagb_author_info":{"display_name":"admin","author_link":"https:\/\/audepp.org\/portal\/author\/admin\/"},"uagb_comment_info":0,"uagb_excerpt":"Espacio Silvia Bleichmar A partir de ese antecedente es que decidimos ir construyendo el Espacio Silvia Bleichmar, con el objetivo de contribuir a la formaci\u00f3n de los socios de AUDEPP, en una l\u00ednea de pensamiento que enriquece considerablemente la escucha cl\u00ednica y que ampl\u00eda posibilidades de intervenci\u00f3n. ABRIL 2022 Estimados colegas, desde el&nbsp;Espacio Silvia Bleichmar&hellip;","_links":{"self":[{"href":"https:\/\/audepp.org\/portal\/wp-json\/wp\/v2\/pages\/12093","targetHints":{"allow":["GET"]}}],"collection":[{"href":"https:\/\/audepp.org\/portal\/wp-json\/wp\/v2\/pages"}],"about":[{"href":"https:\/\/audepp.org\/portal\/wp-json\/wp\/v2\/types\/page"}],"author":[{"embeddable":true,"href":"https:\/\/audepp.org\/portal\/wp-json\/wp\/v2\/users\/1"}],"replies":[{"embeddable":true,"href":"https:\/\/audepp.org\/portal\/wp-json\/wp\/v2\/comments?post=12093"}],"version-history":[{"count":22,"href":"https:\/\/audepp.org\/portal\/wp-json\/wp\/v2\/pages\/12093\/revisions"}],"predecessor-version":[{"id":17553,"href":"https:\/\/audepp.org\/portal\/wp-json\/wp\/v2\/pages\/12093\/revisions\/17553"}],"wp:attachment":[{"href":"https:\/\/audepp.org\/portal\/wp-json\/wp\/v2\/media?parent=12093"}],"curies":[{"name":"wp","href":"https:\/\/api.w.org\/{rel}","templated":true}]}}