{"id":11645,"date":"2019-12-31T13:04:32","date_gmt":"2019-12-31T16:04:32","guid":{"rendered":"http:\/\/localhost\/portal_old\/comision-de-admision\/"},"modified":"2025-07-24T20:13:29","modified_gmt":"2025-07-24T23:13:29","slug":"comision-de-admision","status":"publish","type":"page","link":"https:\/\/audepp.org\/portal\/comision-de-admision\/","title":{"rendered":"Comisi\u00f3n de Admisi\u00f3n"},"content":{"rendered":"\n<div class=\"wp-block-uagb-container uagb-block-ho3j9fxg alignfull uagb-is-root-container\"><div class=\"uagb-container-inner-blocks-wrap\">\n<div class=\"wp-block-uagb-container uagb-block-as5inivl\">\n<div class=\"wp-block-group is-layout-constrained wp-block-group-is-layout-constrained\">\n<div class=\"wp-block-uagb-container uagb-block-02c70d62\">\n<div class=\"wp-block-uagb-image alignleft uagb-block-bagelvf5 wp-block-uagb-image--layout-default wp-block-uagb-image--effect-static wp-block-uagb-image--align-left\"><figure class=\"wp-block-uagb-image__figure\"><img decoding=\"async\" srcset=\"https:\/\/audepp.org\/portal\/wp-content\/uploads\/2025\/07\/puerta_audepp_vertical-683x1024.png ,https:\/\/audepp.org\/portal\/wp-content\/uploads\/2025\/07\/puerta_audepp_vertical.png 780w, https:\/\/audepp.org\/portal\/wp-content\/uploads\/2025\/07\/puerta_audepp_vertical.png 360w\" sizes=\"auto, (max-width: 480px) 150px\" src=\"https:\/\/audepp.org\/portal\/wp-content\/uploads\/2025\/07\/puerta_audepp_vertical-683x1024.png\" alt=\"\" class=\"uag-image-16970\" width=\"230\" height=\"360\" title=\"puerta_audepp_vertical\" loading=\"lazy\" role=\"img\"\/><\/figure><\/div>\n\n\n\n<div class=\"wp-block-uagb-image alignleft uagb-block-vviottuu wp-block-uagb-image--layout-default wp-block-uagb-image--effect-static wp-block-uagb-image--align-left\"><figure class=\"wp-block-uagb-image__figure\"><img decoding=\"async\" srcset=\"https:\/\/audepp.org\/portal\/wp-content\/uploads\/2025\/07\/bancos_plaza.png ,https:\/\/audepp.org\/portal\/wp-content\/uploads\/2025\/07\/bancos_plaza.png 780w, https:\/\/audepp.org\/portal\/wp-content\/uploads\/2025\/07\/bancos_plaza.png 360w\" sizes=\"auto, (max-width: 480px) 150px\" src=\"https:\/\/audepp.org\/portal\/wp-content\/uploads\/2025\/07\/bancos_plaza.png\" alt=\"\" class=\"uag-image-16929\" width=\"230\" height=\"360\" title=\"bancos_plaza\" loading=\"lazy\" role=\"img\"\/><\/figure><\/div>\n<\/div>\n\n\n\n<div class=\"wp-block-uagb-container uagb-block-e89751df\">\n<div class=\"wp-block-file has-ast-global-color-5-background-color has-background\" style=\"margin-top:var(--wp--preset--spacing--60);margin-bottom:var(--wp--preset--spacing--60)\"><a id=\"wp-block-file--media-477bf706-d6c4-4046-a839-947bde28dde0\" href=\"https:\/\/audepp.org\/portal\/wp-content\/uploads\/2025\/07\/REGLAMENTO-de-Ingreso-AUDEPP-FPS-1.pdf\">Reglamento de Ingreso AUDEPP-FPS<\/a><a href=\"https:\/\/audepp.org\/portal\/wp-content\/uploads\/2025\/07\/REGLAMENTO-de-Ingreso-AUDEPP-FPS-1.pdf\" class=\"wp-block-file__button wp-element-button\" download aria-describedby=\"wp-block-file--media-477bf706-d6c4-4046-a839-947bde28dde0\">DESCARGAR PDF<\/a><\/div>\n<\/div>\n<\/div>\n<\/div>\n\n\n\n<div class=\"wp-block-uagb-container uagb-block-tm8cjufm\">\n<p style=\"font-size:16px;line-height:1.7\">PER\u00cdODO 2023\/2025<\/p>\n\n\n\n<h4 class=\"wp-block-heading ticss-74028f1a has-black-color has-text-color has-link-color wp-elements-e3ccbc07f72297f19fc5fee046988844\" style=\"font-size:32px;font-style:normal;font-weight:700\">Comisi\u00f3n de Admisi\u00f3n<\/h4>\n\n\n\n<p class=\"ticss-94cacda0\" style=\"font-size:16px;line-height:1.7\"><br>La comisi\u00f3n de Admisi\u00f3n es designada por Comisi\u00f3n Directiva y est\u00e1<br>encargada de hacer la selecci\u00f3n y evaluaci\u00f3n de los postulantes a ingresar  <br>la instituci\u00f3n. Esto supone cumplir con requisitos formales (ver en<br>admisiones las condiciones de ingreso) y la realizaci\u00f3n de una prueba escrita sobre un material cl\u00ednico que muestre la posibilidad de escucha anal\u00edtica del postulante.<\/p>\n\n\n\n<p class=\"ticss-94cacda0\" style=\"font-size:16px;font-style:normal;font-weight:700;line-height:1.7\"><br><strong>Integrantes<\/strong><\/p>\n\n\n\n<div class=\"wp-block-uagb-icon-list uagb-block-bhfosj4n\"><div class=\"uagb-icon-list__wrap\">\n<div class=\"wp-block-uagb-icon-list-child uagb-block-joawcv8y\"><span class=\"uagb-icon-list__source-wrap\"><svg xmlns=\"https:\/\/www.w3.org\/2000\/svg\" viewBox=\"0 0 448 512\"><path d=\"M438.6 105.4C451.1 117.9 451.1 138.1 438.6 150.6L182.6 406.6C170.1 419.1 149.9 419.1 137.4 406.6L9.372 278.6C-3.124 266.1-3.124 245.9 9.372 233.4C21.87 220.9 42.13 220.9 54.63 233.4L159.1 338.7L393.4 105.4C405.9 92.88 426.1 92.88 438.6 105.4H438.6z\"><\/path><\/svg><\/span><span class=\"uagb-icon-list__label\">Beatriz Angulo<\/span><\/div>\n\n\n\n<div class=\"wp-block-uagb-icon-list-child uagb-block-xpnrpngl\"><span class=\"uagb-icon-list__source-wrap\"><svg xmlns=\"https:\/\/www.w3.org\/2000\/svg\" viewBox=\"0 0 448 512\"><path d=\"M438.6 105.4C451.1 117.9 451.1 138.1 438.6 150.6L182.6 406.6C170.1 419.1 149.9 419.1 137.4 406.6L9.372 278.6C-3.124 266.1-3.124 245.9 9.372 233.4C21.87 220.9 42.13 220.9 54.63 233.4L159.1 338.7L393.4 105.4C405.9 92.88 426.1 92.88 438.6 105.4H438.6z\"><\/path><\/svg><\/span><span class=\"uagb-icon-list__label\">Ana Blanco<\/span><\/div>\n\n\n\n<div class=\"wp-block-uagb-icon-list-child uagb-block-tdgsztup\"><span class=\"uagb-icon-list__source-wrap\"><svg xmlns=\"https:\/\/www.w3.org\/2000\/svg\" viewBox=\"0 0 448 512\"><path d=\"M438.6 105.4C451.1 117.9 451.1 138.1 438.6 150.6L182.6 406.6C170.1 419.1 149.9 419.1 137.4 406.6L9.372 278.6C-3.124 266.1-3.124 245.9 9.372 233.4C21.87 220.9 42.13 220.9 54.63 233.4L159.1 338.7L393.4 105.4C405.9 92.88 426.1 92.88 438.6 105.4H438.6z\"><\/path><\/svg><\/span><span class=\"uagb-icon-list__label\">Beatriz Cordano<\/span><\/div>\n\n\n\n<div class=\"wp-block-uagb-icon-list-child uagb-block-xj5julyn\"><span class=\"uagb-icon-list__source-wrap\"><svg xmlns=\"https:\/\/www.w3.org\/2000\/svg\" viewBox=\"0 0 448 512\"><path d=\"M438.6 105.4C451.1 117.9 451.1 138.1 438.6 150.6L182.6 406.6C170.1 419.1 149.9 419.1 137.4 406.6L9.372 278.6C-3.124 266.1-3.124 245.9 9.372 233.4C21.87 220.9 42.13 220.9 54.63 233.4L159.1 338.7L393.4 105.4C405.9 92.88 426.1 92.88 438.6 105.4H438.6z\"><\/path><\/svg><\/span><span class=\"uagb-icon-list__label\">Viviana Kohen<\/span><\/div>\n\n\n\n<div class=\"wp-block-uagb-icon-list-child uagb-block-a600fac1\"><span class=\"uagb-icon-list__source-wrap\"><svg xmlns=\"https:\/\/www.w3.org\/2000\/svg\" viewBox=\"0 0 448 512\"><path d=\"M438.6 105.4C451.1 117.9 451.1 138.1 438.6 150.6L182.6 406.6C170.1 419.1 149.9 419.1 137.4 406.6L9.372 278.6C-3.124 266.1-3.124 245.9 9.372 233.4C21.87 220.9 42.13 220.9 54.63 233.4L159.1 338.7L393.4 105.4C405.9 92.88 426.1 92.88 438.6 105.4H438.6z\"><\/path><\/svg><\/span><span class=\"uagb-icon-list__label\">Humberto Giachello<\/span><\/div>\n\n\n\n<div class=\"wp-block-uagb-icon-list-child uagb-block-622bdebd\"><span class=\"uagb-icon-list__source-wrap\"><svg xmlns=\"https:\/\/www.w3.org\/2000\/svg\" viewBox=\"0 0 448 512\"><path d=\"M438.6 105.4C451.1 117.9 451.1 138.1 438.6 150.6L182.6 406.6C170.1 419.1 149.9 419.1 137.4 406.6L9.372 278.6C-3.124 266.1-3.124 245.9 9.372 233.4C21.87 220.9 42.13 220.9 54.63 233.4L159.1 338.7L393.4 105.4C405.9 92.88 426.1 92.88 438.6 105.4H438.6z\"><\/path><\/svg><\/span><span class=\"uagb-icon-list__label\">Marta Negrin<\/span><\/div>\n<\/div><\/div>\n<\/div>\n<\/div><\/div>\n","protected":false},"excerpt":{"rendered":"<p>PER\u00cdODO 2023\/2025 Comisi\u00f3n de Admisi\u00f3n La comisi\u00f3n de Admisi\u00f3n es designada por Comisi\u00f3n Directiva y est\u00e1encargada de hacer la selecci\u00f3n y evaluaci\u00f3n de los postulantes a ingresar la instituci\u00f3n. Esto supone cumplir con requisitos formales (ver enadmisiones las condiciones de ingreso) y la realizaci\u00f3n de una prueba escrita sobre un material cl\u00ednico que muestre la [&hellip;]<\/p>\n","protected":false},"author":1,"featured_media":0,"parent":0,"menu_order":0,"comment_status":"closed","ping_status":"closed","template":"","meta":{"_uag_custom_page_level_css":"","site-sidebar-layout":"default","site-content-layout":"","ast-site-content-layout":"","site-content-style":"default","site-sidebar-style":"default","ast-global-header-display":"","ast-banner-title-visibility":"","ast-main-header-display":"","ast-hfb-above-header-display":"","ast-hfb-below-header-display":"","ast-hfb-mobile-header-display":"","site-post-title":"","ast-breadcrumbs-content":"","ast-featured-img":"","footer-sml-layout":"","theme-transparent-header-meta":"","adv-header-id-meta":"","stick-header-meta":"","header-above-stick-meta":"","header-main-stick-meta":"","header-below-stick-meta":"","astra-migrate-meta-layouts":"default","ast-page-background-enabled":"default","ast-page-background-meta":{"desktop":{"background-color":"var(--ast-global-color-4)","background-image":"","background-repeat":"repeat","background-position":"center center","background-size":"auto","background-attachment":"scroll","background-type":"","background-media":"","overlay-type":"","overlay-color":"","overlay-opacity":"","overlay-gradient":""},"tablet":{"background-color":"","background-image":"","background-repeat":"repeat","background-position":"center center","background-size":"auto","background-attachment":"scroll","background-type":"","background-media":"","overlay-type":"","overlay-color":"","overlay-opacity":"","overlay-gradient":""},"mobile":{"background-color":"","background-image":"","background-repeat":"repeat","background-position":"center center","background-size":"auto","background-attachment":"scroll","background-type":"","background-media":"","overlay-type":"","overlay-color":"","overlay-opacity":"","overlay-gradient":""}},"ast-content-background-meta":{"desktop":{"background-color":"var(--ast-global-color-5)","background-image":"","background-repeat":"repeat","background-position":"center center","background-size":"auto","background-attachment":"scroll","background-type":"","background-media":"","overlay-type":"","overlay-color":"","overlay-opacity":"","overlay-gradient":""},"tablet":{"background-color":"var(--ast-global-color-5)","background-image":"","background-repeat":"repeat","background-position":"center center","background-size":"auto","background-attachment":"scroll","background-type":"","background-media":"","overlay-type":"","overlay-color":"","overlay-opacity":"","overlay-gradient":""},"mobile":{"background-color":"var(--ast-global-color-5)","background-image":"","background-repeat":"repeat","background-position":"center center","background-size":"auto","background-attachment":"scroll","background-type":"","background-media":"","overlay-type":"","overlay-color":"","overlay-opacity":"","overlay-gradient":""}},"_themeisle_gutenberg_block_has_review":false,"footnotes":""},"class_list":["post-11645","page","type-page","status-publish","hentry"],"yoast_head":"<!-- This site is optimized with the Yoast SEO plugin v25.5 - https:\/\/yoast.com\/wordpress\/plugins\/seo\/ -->\n<title>Comisi\u00f3n de Admisi\u00f3n - Audepp<\/title>\n<meta name=\"robots\" content=\"index, follow, max-snippet:-1, max-image-preview:large, max-video-preview:-1\" \/>\n<link rel=\"canonical\" href=\"https:\/\/audepp.org\/portal\/comision-de-admision\/\" \/>\n<meta property=\"og:locale\" content=\"es_ES\" \/>\n<meta property=\"og:type\" content=\"article\" \/>\n<meta property=\"og:title\" content=\"Comisi\u00f3n de Admisi\u00f3n - Audepp\" \/>\n<meta property=\"og:description\" content=\"PER\u00cdODO 2023\/2025 Comisi\u00f3n de Admisi\u00f3n La comisi\u00f3n de Admisi\u00f3n es designada por Comisi\u00f3n Directiva y est\u00e1encargada de hacer la selecci\u00f3n y evaluaci\u00f3n de los postulantes a ingresar la instituci\u00f3n. Esto supone cumplir con requisitos formales (ver enadmisiones las condiciones de ingreso) y la realizaci\u00f3n de una prueba escrita sobre un material cl\u00ednico que muestre la [&hellip;]\" \/>\n<meta property=\"og:url\" content=\"https:\/\/audepp.org\/portal\/comision-de-admision\/\" \/>\n<meta property=\"og:site_name\" content=\"Audepp\" \/>\n<meta property=\"article:modified_time\" content=\"2025-07-24T23:13:29+00:00\" \/>\n<meta property=\"og:image\" content=\"https:\/\/audepp.org\/portal\/wp-content\/uploads\/2025\/07\/puerta_audepp_vertical-683x1024.png\" \/>\n<meta name=\"twitter:card\" content=\"summary_large_image\" \/>\n<script type=\"application\/ld+json\" class=\"yoast-schema-graph\">{\"@context\":\"https:\/\/schema.org\",\"@graph\":[{\"@type\":\"WebPage\",\"@id\":\"https:\/\/audepp.org\/portal\/comision-de-admision\/\",\"url\":\"https:\/\/audepp.org\/portal\/comision-de-admision\/\",\"name\":\"Comisi\u00f3n de Admisi\u00f3n - Audepp\",\"isPartOf\":{\"@id\":\"https:\/\/audepp.org\/portal\/#website\"},\"primaryImageOfPage\":{\"@id\":\"https:\/\/audepp.org\/portal\/comision-de-admision\/#primaryimage\"},\"image\":{\"@id\":\"https:\/\/audepp.org\/portal\/comision-de-admision\/#primaryimage\"},\"thumbnailUrl\":\"https:\/\/audepp.org\/portal\/wp-content\/uploads\/2025\/07\/puerta_audepp_vertical-683x1024.png\",\"datePublished\":\"2019-12-31T16:04:32+00:00\",\"dateModified\":\"2025-07-24T23:13:29+00:00\",\"breadcrumb\":{\"@id\":\"https:\/\/audepp.org\/portal\/comision-de-admision\/#breadcrumb\"},\"inLanguage\":\"es\",\"potentialAction\":[{\"@type\":\"ReadAction\",\"target\":[\"https:\/\/audepp.org\/portal\/comision-de-admision\/\"]}]},{\"@type\":\"ImageObject\",\"inLanguage\":\"es\",\"@id\":\"https:\/\/audepp.org\/portal\/comision-de-admision\/#primaryimage\",\"url\":\"https:\/\/audepp.org\/portal\/wp-content\/uploads\/2025\/07\/puerta_audepp_vertical.png\",\"contentUrl\":\"https:\/\/audepp.org\/portal\/wp-content\/uploads\/2025\/07\/puerta_audepp_vertical.png\",\"width\":1024,\"height\":1536},{\"@type\":\"BreadcrumbList\",\"@id\":\"https:\/\/audepp.org\/portal\/comision-de-admision\/#breadcrumb\",\"itemListElement\":[{\"@type\":\"ListItem\",\"position\":1,\"name\":\"Home\",\"item\":\"https:\/\/audepp.org\/portal\/\"},{\"@type\":\"ListItem\",\"position\":2,\"name\":\"Comisi\u00f3n de Admisi\u00f3n\"}]},{\"@type\":\"WebSite\",\"@id\":\"https:\/\/audepp.org\/portal\/#website\",\"url\":\"https:\/\/audepp.org\/portal\/\",\"name\":\"Audepp\",\"description\":\"\",\"publisher\":{\"@id\":\"https:\/\/audepp.org\/portal\/#organization\"},\"potentialAction\":[{\"@type\":\"SearchAction\",\"target\":{\"@type\":\"EntryPoint\",\"urlTemplate\":\"https:\/\/audepp.org\/portal\/?s={search_term_string}\"},\"query-input\":{\"@type\":\"PropertyValueSpecification\",\"valueRequired\":true,\"valueName\":\"search_term_string\"}}],\"inLanguage\":\"es\"},{\"@type\":\"Organization\",\"@id\":\"https:\/\/audepp.org\/portal\/#organization\",\"name\":\"Audepp\",\"url\":\"https:\/\/audepp.org\/portal\/\",\"logo\":{\"@type\":\"ImageObject\",\"inLanguage\":\"es\",\"@id\":\"https:\/\/audepp.org\/portal\/#\/schema\/logo\/image\/\",\"url\":\"https:\/\/audepp.org\/portal\/wp-content\/uploads\/2025\/02\/cropped-cropped-cropped-image_invertida-1.png\",\"contentUrl\":\"https:\/\/audepp.org\/portal\/wp-content\/uploads\/2025\/02\/cropped-cropped-cropped-image_invertida-1.png\",\"width\":980,\"height\":254,\"caption\":\"Audepp\"},\"image\":{\"@id\":\"https:\/\/audepp.org\/portal\/#\/schema\/logo\/image\/\"}}]}<\/script>\n<!-- \/ Yoast SEO plugin. -->","yoast_head_json":{"title":"Comisi\u00f3n de Admisi\u00f3n - Audepp","robots":{"index":"index","follow":"follow","max-snippet":"max-snippet:-1","max-image-preview":"max-image-preview:large","max-video-preview":"max-video-preview:-1"},"canonical":"https:\/\/audepp.org\/portal\/comision-de-admision\/","og_locale":"es_ES","og_type":"article","og_title":"Comisi\u00f3n de Admisi\u00f3n - Audepp","og_description":"PER\u00cdODO 2023\/2025 Comisi\u00f3n de Admisi\u00f3n La comisi\u00f3n de Admisi\u00f3n es designada por Comisi\u00f3n Directiva y est\u00e1encargada de hacer la selecci\u00f3n y evaluaci\u00f3n de los postulantes a ingresar la instituci\u00f3n. Esto supone cumplir con requisitos formales (ver enadmisiones las condiciones de ingreso) y la realizaci\u00f3n de una prueba escrita sobre un material cl\u00ednico que muestre la [&hellip;]","og_url":"https:\/\/audepp.org\/portal\/comision-de-admision\/","og_site_name":"Audepp","article_modified_time":"2025-07-24T23:13:29+00:00","og_image":[{"url":"https:\/\/audepp.org\/portal\/wp-content\/uploads\/2025\/07\/puerta_audepp_vertical-683x1024.png","type":"","width":"","height":""}],"twitter_card":"summary_large_image","schema":{"@context":"https:\/\/schema.org","@graph":[{"@type":"WebPage","@id":"https:\/\/audepp.org\/portal\/comision-de-admision\/","url":"https:\/\/audepp.org\/portal\/comision-de-admision\/","name":"Comisi\u00f3n de Admisi\u00f3n - Audepp","isPartOf":{"@id":"https:\/\/audepp.org\/portal\/#website"},"primaryImageOfPage":{"@id":"https:\/\/audepp.org\/portal\/comision-de-admision\/#primaryimage"},"image":{"@id":"https:\/\/audepp.org\/portal\/comision-de-admision\/#primaryimage"},"thumbnailUrl":"https:\/\/audepp.org\/portal\/wp-content\/uploads\/2025\/07\/puerta_audepp_vertical-683x1024.png","datePublished":"2019-12-31T16:04:32+00:00","dateModified":"2025-07-24T23:13:29+00:00","breadcrumb":{"@id":"https:\/\/audepp.org\/portal\/comision-de-admision\/#breadcrumb"},"inLanguage":"es","potentialAction":[{"@type":"ReadAction","target":["https:\/\/audepp.org\/portal\/comision-de-admision\/"]}]},{"@type":"ImageObject","inLanguage":"es","@id":"https:\/\/audepp.org\/portal\/comision-de-admision\/#primaryimage","url":"https:\/\/audepp.org\/portal\/wp-content\/uploads\/2025\/07\/puerta_audepp_vertical.png","contentUrl":"https:\/\/audepp.org\/portal\/wp-content\/uploads\/2025\/07\/puerta_audepp_vertical.png","width":1024,"height":1536},{"@type":"BreadcrumbList","@id":"https:\/\/audepp.org\/portal\/comision-de-admision\/#breadcrumb","itemListElement":[{"@type":"ListItem","position":1,"name":"Home","item":"https:\/\/audepp.org\/portal\/"},{"@type":"ListItem","position":2,"name":"Comisi\u00f3n de Admisi\u00f3n"}]},{"@type":"WebSite","@id":"https:\/\/audepp.org\/portal\/#website","url":"https:\/\/audepp.org\/portal\/","name":"Audepp","description":"","publisher":{"@id":"https:\/\/audepp.org\/portal\/#organization"},"potentialAction":[{"@type":"SearchAction","target":{"@type":"EntryPoint","urlTemplate":"https:\/\/audepp.org\/portal\/?s={search_term_string}"},"query-input":{"@type":"PropertyValueSpecification","valueRequired":true,"valueName":"search_term_string"}}],"inLanguage":"es"},{"@type":"Organization","@id":"https:\/\/audepp.org\/portal\/#organization","name":"Audepp","url":"https:\/\/audepp.org\/portal\/","logo":{"@type":"ImageObject","inLanguage":"es","@id":"https:\/\/audepp.org\/portal\/#\/schema\/logo\/image\/","url":"https:\/\/audepp.org\/portal\/wp-content\/uploads\/2025\/02\/cropped-cropped-cropped-image_invertida-1.png","contentUrl":"https:\/\/audepp.org\/portal\/wp-content\/uploads\/2025\/02\/cropped-cropped-cropped-image_invertida-1.png","width":980,"height":254,"caption":"Audepp"},"image":{"@id":"https:\/\/audepp.org\/portal\/#\/schema\/logo\/image\/"}}]}},"uagb_featured_image_src":{"full":false,"thumbnail":false,"medium":false,"medium_large":false,"large":false,"1536x1536":false,"2048x2048":false,"ultp_layout_landscape_large":false,"ultp_layout_landscape":false,"ultp_layout_portrait":false,"ultp_layout_square":false},"uagb_author_info":{"display_name":"admin","author_link":"https:\/\/audepp.org\/portal\/author\/admin\/"},"uagb_comment_info":0,"uagb_excerpt":"PER\u00cdODO 2023\/2025 Comisi\u00f3n de Admisi\u00f3n La comisi\u00f3n de Admisi\u00f3n es designada por Comisi\u00f3n Directiva y est\u00e1encargada de hacer la selecci\u00f3n y evaluaci\u00f3n de los postulantes a ingresar la instituci\u00f3n. Esto supone cumplir con requisitos formales (ver enadmisiones las condiciones de ingreso) y la realizaci\u00f3n de una prueba escrita sobre un material cl\u00ednico que muestre la&hellip;","_links":{"self":[{"href":"https:\/\/audepp.org\/portal\/wp-json\/wp\/v2\/pages\/11645","targetHints":{"allow":["GET"]}}],"collection":[{"href":"https:\/\/audepp.org\/portal\/wp-json\/wp\/v2\/pages"}],"about":[{"href":"https:\/\/audepp.org\/portal\/wp-json\/wp\/v2\/types\/page"}],"author":[{"embeddable":true,"href":"https:\/\/audepp.org\/portal\/wp-json\/wp\/v2\/users\/1"}],"replies":[{"embeddable":true,"href":"https:\/\/audepp.org\/portal\/wp-json\/wp\/v2\/comments?post=11645"}],"version-history":[{"count":32,"href":"https:\/\/audepp.org\/portal\/wp-json\/wp\/v2\/pages\/11645\/revisions"}],"predecessor-version":[{"id":17464,"href":"https:\/\/audepp.org\/portal\/wp-json\/wp\/v2\/pages\/11645\/revisions\/17464"}],"wp:attachment":[{"href":"https:\/\/audepp.org\/portal\/wp-json\/wp\/v2\/media?parent=11645"}],"curies":[{"name":"wp","href":"https:\/\/api.w.org\/{rel}","templated":true}]}}