{"id":11641,"date":"2019-12-31T13:01:33","date_gmt":"2019-12-31T16:01:33","guid":{"rendered":"http:\/\/localhost\/portal_old\/comision-de-cursos-abiertos\/"},"modified":"2025-08-11T12:02:51","modified_gmt":"2025-08-11T15:02:51","slug":"comision-de-cursos-abiertos","status":"publish","type":"page","link":"https:\/\/audepp.org\/portal\/comision-de-cursos-abiertos\/","title":{"rendered":"Comisi\u00f3n de Cursos Abiertos"},"content":{"rendered":"\n<div class=\"wp-block-uagb-container uagb-block-ho3j9fxg alignfull uagb-is-root-container\"><div class=\"uagb-container-inner-blocks-wrap\">\n<div class=\"wp-block-uagb-container uagb-block-as5inivl\">\n<div class=\"wp-block-group is-layout-constrained wp-block-group-is-layout-constrained\">\n<div class=\"wp-block-uagb-container uagb-block-02c70d62\">\n<div class=\"wp-block-uagb-image alignleft uagb-block-bagelvf5 wp-block-uagb-image--layout-default wp-block-uagb-image--effect-static wp-block-uagb-image--align-left\"><figure class=\"wp-block-uagb-image__figure\"><img decoding=\"async\" srcset=\"https:\/\/audepp.org\/portal\/wp-content\/uploads\/2025\/07\/libro_original-1024x683.png ,https:\/\/audepp.org\/portal\/wp-content\/uploads\/2025\/07\/libro_original.png 780w, https:\/\/audepp.org\/portal\/wp-content\/uploads\/2025\/07\/libro_original.png 360w\" sizes=\"auto, (max-width: 480px) 150px\" src=\"https:\/\/audepp.org\/portal\/wp-content\/uploads\/2025\/07\/libro_original-1024x683.png\" alt=\"\" class=\"uag-image-16959\" width=\"444\" height=\"360\" title=\"libro_original\" loading=\"lazy\" role=\"img\"\/><\/figure><\/div>\n<\/div>\n\n\n\n<div class=\"wp-block-uagb-container uagb-block-e89751df\"><\/div>\n<\/div>\n<\/div>\n\n\n\n<div class=\"wp-block-uagb-container uagb-block-tm8cjufm\">\n<p style=\"font-size:16px;line-height:1.7\">PER\u00cdODO 2023\/2025<\/p>\n\n\n\n<h4 class=\"wp-block-heading ticss-74028f1a has-black-color has-text-color has-link-color wp-elements-3d9486be6c9e1fa85964ecfcd18e857a\" style=\"font-size:32px;font-style:normal;font-weight:700\">Comisi\u00f3n de Cursos Abiertos<\/h4>\n\n\n\n<p class=\"ticss-94cacda0\" style=\"font-size:16px;line-height:1.7\"><br>AUDEPP ofrece desde 1994 cursos para profesionales, estudiantes y p\u00fablico en general.<\/p>\n\n\n\n<p class=\"ticss-94cacda0\" style=\"font-size:16px;font-style:normal;font-weight:700;line-height:1.7\"><br><strong>Integrantes<\/strong><\/p>\n\n\n\n<div class=\"wp-block-uagb-icon-list uagb-block-498fb8b7\"><div class=\"uagb-icon-list__wrap\">\n<div class=\"wp-block-uagb-icon-list-child uagb-block-tdgsztup\"><span class=\"uagb-icon-list__source-wrap\"><svg xmlns=\"https:\/\/www.w3.org\/2000\/svg\" viewBox=\"0 0 448 512\"><path d=\"M438.6 105.4C451.1 117.9 451.1 138.1 438.6 150.6L182.6 406.6C170.1 419.1 149.9 419.1 137.4 406.6L9.372 278.6C-3.124 266.1-3.124 245.9 9.372 233.4C21.87 220.9 42.13 220.9 54.63 233.4L159.1 338.7L393.4 105.4C405.9 92.88 426.1 92.88 438.6 105.4H438.6z\"><\/path><\/svg><\/span><span class=\"uagb-icon-list__label\"><strong>Coordinaci\u00f3n:\u00a0<\/strong>Elina Go\u00f1i<\/span><\/div>\n\n\n\n<div class=\"wp-block-uagb-icon-list-child uagb-block-fd0c4ea1\"><span class=\"uagb-icon-list__source-wrap\"><svg xmlns=\"https:\/\/www.w3.org\/2000\/svg\" viewBox=\"0 0 448 512\"><path d=\"M438.6 105.4C451.1 117.9 451.1 138.1 438.6 150.6L182.6 406.6C170.1 419.1 149.9 419.1 137.4 406.6L9.372 278.6C-3.124 266.1-3.124 245.9 9.372 233.4C21.87 220.9 42.13 220.9 54.63 233.4L159.1 338.7L393.4 105.4C405.9 92.88 426.1 92.88 438.6 105.4H438.6z\"><\/path><\/svg><\/span><span class=\"uagb-icon-list__label\">Cecilia Cordones<\/span><\/div>\n\n\n\n<div class=\"wp-block-uagb-icon-list-child uagb-block-7e54fdb2\"><span class=\"uagb-icon-list__source-wrap\"><svg xmlns=\"https:\/\/www.w3.org\/2000\/svg\" viewBox=\"0 0 448 512\"><path d=\"M438.6 105.4C451.1 117.9 451.1 138.1 438.6 150.6L182.6 406.6C170.1 419.1 149.9 419.1 137.4 406.6L9.372 278.6C-3.124 266.1-3.124 245.9 9.372 233.4C21.87 220.9 42.13 220.9 54.63 233.4L159.1 338.7L393.4 105.4C405.9 92.88 426.1 92.88 438.6 105.4H438.6z\"><\/path><\/svg><\/span><span class=\"uagb-icon-list__label\">Alfonsina Souza<\/span><\/div>\n<\/div><\/div>\n<\/div>\n<\/div><\/div>\n\n\n\n<hr class=\"wp-block-separator has-alpha-channel-opacity ticss-46805a3d\"\/>\n\n\n\n<div class=\"wp-block-uagb-container uagb-block-irjsnqke alignfull uagb-is-root-container\"><div class=\"uagb-container-inner-blocks-wrap\">\n<div class=\"wp-block-uagb-container uagb-block-taabirnc\">\n<div class=\"wp-block-uagb-container uagb-block-tssgjkdl\">\n<div class=\"wp-block-uagb-advanced-heading uagb-block-240d7ce2\"><h5 class=\"uagb-heading-text\">Docentes<\/h5><\/div>\n\n\n\n<div class=\"wp-block-uagb-info-box uagb-block-zontegja uagb-infobox__content-wrap  uagb-infobox-icon-above-title uagb-infobox-image-valign-top\"><div class=\"uagb-ifb-content\"><div class=\"uagb-ifb-title-wrap\"><\/div><p class=\"uagb-ifb-desc\">Los cursos son dictados por Psicoterapeutas Habilitantes de AUDEPP&nbsp;con acreditada idoneidad en las tem\u00e1ticas propuestas y con reconocida trayectoria docente en nuestro medio y el extranjero.&nbsp;<\/p><\/div><\/div>\n<\/div>\n\n\n\n<div class=\"wp-block-uagb-container uagb-block-qtiwni5c\">\n<div class=\"wp-block-uagb-advanced-heading uagb-block-b7bbc439\"><h5 class=\"uagb-heading-text\">Certificados<\/h5><\/div>\n\n\n\n<div class=\"wp-block-uagb-info-box uagb-block-l63mjgd8 uagb-infobox__content-wrap  uagb-infobox-icon-above-title uagb-infobox-image-valign-top\"><div class=\"uagb-ifb-content\"><div class=\"uagb-ifb-title-wrap\"><\/div><p class=\"uagb-ifb-desc\">Cada curso exige un 80% de asistencia de las clases dadas para acceder al certificado de asistencia. Si se desea un certificado de aprobaci\u00f3n, requiere de un trabajo final, a ser presentado al equipo docente. <strong>Se otorga&nbsp;certificado de asistencia&nbsp;80% de asistencia a clases dictadas.&nbsp;Se otorga&nbsp;certificado de aprobaci\u00f3n&nbsp;con 80% de asistencia a clases dictadas y presentaci\u00f3n de trabajo final.<\/strong><\/p><\/div><\/div>\n<\/div>\n\n\n\n<div class=\"wp-block-uagb-container uagb-block-2z6wxoxp\">\n<div class=\"wp-block-uagb-advanced-heading uagb-block-9c2bf16c\"><h5 class=\"uagb-heading-text\">Ingreso AUDEPP<\/h5><\/div>\n\n\n\n<div class=\"wp-block-uagb-info-box uagb-block-yzp13g7z uagb-infobox__content-wrap  uagb-infobox-icon-above-title uagb-infobox-image-valign-top\"><div class=\"uagb-ifb-content\"><div class=\"uagb-ifb-title-wrap\"><\/div><p class=\"uagb-ifb-desc\">Los cursos de Teor\u00eda Psicoanal\u00edtica y Supervisi\u00f3n acreditan para el ingreso a AUDEPP.<\/p><\/div><\/div>\n<\/div>\n<\/div>\n<\/div><\/div>\n\n\n\n<hr class=\"wp-block-separator has-alpha-channel-opacity ticss-46805a3d\"\/>\n\n\n\n<div class=\"wp-block-uagb-container uagb-block-mhnkwsdl alignfull uagb-is-root-container\"><div class=\"uagb-container-inner-blocks-wrap\">\n<div class=\"wp-block-uagb-container uagb-block-781e1974\">\n<div class=\"wp-block-uagb-advanced-heading uagb-block-9e9ea854\"><h5 class=\"uagb-heading-text\">Objetivos<\/h5><\/div>\n\n\n\n<div class=\"wp-block-uagb-info-box uagb-block-a875ad01 uagb-infobox__content-wrap  uagb-infobox-icon-above-title uagb-infobox-image-valign-top\"><div class=\"uagb-ifb-content\"><div class=\"uagb-ifb-title-wrap\"><\/div><p class=\"uagb-ifb-desc\">Formaci\u00f3n continua en teor\u00eda y pr\u00e1ctica psicoanal\u00edtica, dirigida a profesionales de la salud. Ofrecemos cursos flexibles adaptados a diferentes ritmos y necesidades formativas.<\/p><\/div><\/div>\n<\/div>\n\n\n\n<div class=\"wp-block-uagb-container uagb-block-e06c7d94\">\n<div class=\"wp-block-uagb-container uagb-block-296908d0\">\n<div class=\"wp-block-uagb-advanced-heading uagb-block-7377b5df\"><h6 class=\"uagb-heading-text\">Ampliando la Pr\u00e1ctica<\/h6><\/div>\n\n\n\n<div class=\"wp-block-uagb-info-box uagb-block-e5acf1ca uagb-infobox__content-wrap  uagb-infobox-icon-above-title uagb-infobox-image-valign-top\"><div class=\"uagb-ifb-content\"><div class=\"uagb-ifb-title-wrap\"><\/div><p class=\"uagb-ifb-desc\">Difundir la teor\u00eda y pr\u00e1ctica Psicoanal\u00edtica en la comunidad toda, contribuyendo a la formaci\u00f3n de psic\u00f3logos, psiquiatras y profesionales de la salud, en una actualizaci\u00f3n permanente acerca de la cl\u00ednica.<\/p><\/div><\/div>\n<\/div>\n\n\n\n<div class=\"wp-block-uagb-container uagb-block-017a8fc9\">\n<div class=\"wp-block-uagb-advanced-heading uagb-block-01b2485c\"><h6 class=\"uagb-heading-text\">Desarrollo Cl\u00ednico<\/h6><\/div>\n\n\n\n<div class=\"wp-block-uagb-info-box uagb-block-e975db5b uagb-infobox__content-wrap  uagb-infobox-icon-above-title uagb-infobox-image-valign-top\"><div class=\"uagb-ifb-content\"><div class=\"uagb-ifb-title-wrap\"><\/div><p class=\"uagb-ifb-desc\">Permite a estudiantes avanzados y profesionales noveles formaci\u00f3n en teor\u00eda psicoanal\u00edtica y supervisi\u00f3n.<\/p><\/div><\/div>\n<\/div>\n\n\n\n<div class=\"wp-block-uagb-container uagb-block-35a86900\">\n<div class=\"wp-block-uagb-advanced-heading uagb-block-9930ab8d\"><h6 class=\"uagb-heading-text\">Cursos Flexibles<\/h6><\/div>\n\n\n\n<div class=\"wp-block-uagb-info-box uagb-block-48c420c9 uagb-infobox__content-wrap  uagb-infobox-icon-above-title uagb-infobox-image-valign-top\"><div class=\"uagb-ifb-content\"><div class=\"uagb-ifb-title-wrap\"><\/div><p class=\"uagb-ifb-desc\">La duraci\u00f3n de cada curso se ajusta al programa presentado por cada equipo docente, siendo algunos anuales, otros semestrales y cursos breves.<\/p><\/div><\/div>\n<\/div>\n<\/div>\n<\/div><\/div>\n","protected":false},"excerpt":{"rendered":"<p>PER\u00cdODO 2023\/2025 Comisi\u00f3n de Cursos Abiertos AUDEPP ofrece desde 1994 cursos para profesionales, estudiantes y p\u00fablico en general. Integrantes Docentes Certificados Ingreso AUDEPP Objetivos Ampliando la Pr\u00e1ctica Desarrollo Cl\u00ednico Cursos Flexibles<\/p>\n","protected":false},"author":1,"featured_media":0,"parent":0,"menu_order":0,"comment_status":"closed","ping_status":"closed","template":"","meta":{"_uag_custom_page_level_css":"","site-sidebar-layout":"default","site-content-layout":"","ast-site-content-layout":"","site-content-style":"default","site-sidebar-style":"default","ast-global-header-display":"","ast-banner-title-visibility":"","ast-main-header-display":"","ast-hfb-above-header-display":"","ast-hfb-below-header-display":"","ast-hfb-mobile-header-display":"","site-post-title":"","ast-breadcrumbs-content":"","ast-featured-img":"","footer-sml-layout":"","theme-transparent-header-meta":"","adv-header-id-meta":"","stick-header-meta":"","header-above-stick-meta":"","header-main-stick-meta":"","header-below-stick-meta":"","astra-migrate-meta-layouts":"default","ast-page-background-enabled":"default","ast-page-background-meta":{"desktop":{"background-color":"var(--ast-global-color-4)","background-image":"","background-repeat":"repeat","background-position":"center center","background-size":"auto","background-attachment":"scroll","background-type":"","background-media":"","overlay-type":"","overlay-color":"","overlay-opacity":"","overlay-gradient":""},"tablet":{"background-color":"","background-image":"","background-repeat":"repeat","background-position":"center center","background-size":"auto","background-attachment":"scroll","background-type":"","background-media":"","overlay-type":"","overlay-color":"","overlay-opacity":"","overlay-gradient":""},"mobile":{"background-color":"","background-image":"","background-repeat":"repeat","background-position":"center center","background-size":"auto","background-attachment":"scroll","background-type":"","background-media":"","overlay-type":"","overlay-color":"","overlay-opacity":"","overlay-gradient":""}},"ast-content-background-meta":{"desktop":{"background-color":"var(--ast-global-color-5)","background-image":"","background-repeat":"repeat","background-position":"center center","background-size":"auto","background-attachment":"scroll","background-type":"","background-media":"","overlay-type":"","overlay-color":"","overlay-opacity":"","overlay-gradient":""},"tablet":{"background-color":"var(--ast-global-color-5)","background-image":"","background-repeat":"repeat","background-position":"center center","background-size":"auto","background-attachment":"scroll","background-type":"","background-media":"","overlay-type":"","overlay-color":"","overlay-opacity":"","overlay-gradient":""},"mobile":{"background-color":"var(--ast-global-color-5)","background-image":"","background-repeat":"repeat","background-position":"center center","background-size":"auto","background-attachment":"scroll","background-type":"","background-media":"","overlay-type":"","overlay-color":"","overlay-opacity":"","overlay-gradient":""}},"_themeisle_gutenberg_block_has_review":false,"footnotes":""},"class_list":["post-11641","page","type-page","status-publish","hentry"],"yoast_head":"<!-- This site is optimized with the Yoast SEO plugin v25.5 - https:\/\/yoast.com\/wordpress\/plugins\/seo\/ -->\n<title>Comisi\u00f3n de Cursos Abiertos - Audepp<\/title>\n<meta name=\"robots\" content=\"index, follow, max-snippet:-1, max-image-preview:large, max-video-preview:-1\" \/>\n<link rel=\"canonical\" href=\"https:\/\/audepp.org\/portal\/comision-de-cursos-abiertos\/\" \/>\n<meta property=\"og:locale\" content=\"es_ES\" \/>\n<meta property=\"og:type\" content=\"article\" \/>\n<meta property=\"og:title\" content=\"Comisi\u00f3n de Cursos Abiertos - Audepp\" \/>\n<meta property=\"og:description\" content=\"PER\u00cdODO 2023\/2025 Comisi\u00f3n de Cursos Abiertos AUDEPP ofrece desde 1994 cursos para profesionales, estudiantes y p\u00fablico en general. Integrantes Docentes Certificados Ingreso AUDEPP Objetivos Ampliando la Pr\u00e1ctica Desarrollo Cl\u00ednico Cursos Flexibles\" \/>\n<meta property=\"og:url\" content=\"https:\/\/audepp.org\/portal\/comision-de-cursos-abiertos\/\" \/>\n<meta property=\"og:site_name\" content=\"Audepp\" \/>\n<meta property=\"article:modified_time\" content=\"2025-08-11T15:02:51+00:00\" \/>\n<meta property=\"og:image\" content=\"https:\/\/audepp.org\/portal\/wp-content\/uploads\/2025\/07\/libro_original-1024x683.png\" \/>\n<meta name=\"twitter:card\" content=\"summary_large_image\" \/>\n<meta name=\"twitter:label1\" content=\"Tiempo de lectura\" \/>\n\t<meta name=\"twitter:data1\" content=\"2 minutos\" \/>\n<script type=\"application\/ld+json\" class=\"yoast-schema-graph\">{\"@context\":\"https:\/\/schema.org\",\"@graph\":[{\"@type\":\"WebPage\",\"@id\":\"https:\/\/audepp.org\/portal\/comision-de-cursos-abiertos\/\",\"url\":\"https:\/\/audepp.org\/portal\/comision-de-cursos-abiertos\/\",\"name\":\"Comisi\u00f3n de Cursos Abiertos - Audepp\",\"isPartOf\":{\"@id\":\"https:\/\/audepp.org\/portal\/#website\"},\"primaryImageOfPage\":{\"@id\":\"https:\/\/audepp.org\/portal\/comision-de-cursos-abiertos\/#primaryimage\"},\"image\":{\"@id\":\"https:\/\/audepp.org\/portal\/comision-de-cursos-abiertos\/#primaryimage\"},\"thumbnailUrl\":\"https:\/\/audepp.org\/portal\/wp-content\/uploads\/2025\/07\/libro_original-1024x683.png\",\"datePublished\":\"2019-12-31T16:01:33+00:00\",\"dateModified\":\"2025-08-11T15:02:51+00:00\",\"breadcrumb\":{\"@id\":\"https:\/\/audepp.org\/portal\/comision-de-cursos-abiertos\/#breadcrumb\"},\"inLanguage\":\"es\",\"potentialAction\":[{\"@type\":\"ReadAction\",\"target\":[\"https:\/\/audepp.org\/portal\/comision-de-cursos-abiertos\/\"]}]},{\"@type\":\"ImageObject\",\"inLanguage\":\"es\",\"@id\":\"https:\/\/audepp.org\/portal\/comision-de-cursos-abiertos\/#primaryimage\",\"url\":\"https:\/\/audepp.org\/portal\/wp-content\/uploads\/2025\/07\/libro_original.png\",\"contentUrl\":\"https:\/\/audepp.org\/portal\/wp-content\/uploads\/2025\/07\/libro_original.png\",\"width\":1536,\"height\":1024},{\"@type\":\"BreadcrumbList\",\"@id\":\"https:\/\/audepp.org\/portal\/comision-de-cursos-abiertos\/#breadcrumb\",\"itemListElement\":[{\"@type\":\"ListItem\",\"position\":1,\"name\":\"Home\",\"item\":\"https:\/\/audepp.org\/portal\/\"},{\"@type\":\"ListItem\",\"position\":2,\"name\":\"Comisi\u00f3n de Cursos Abiertos\"}]},{\"@type\":\"WebSite\",\"@id\":\"https:\/\/audepp.org\/portal\/#website\",\"url\":\"https:\/\/audepp.org\/portal\/\",\"name\":\"Audepp\",\"description\":\"\",\"publisher\":{\"@id\":\"https:\/\/audepp.org\/portal\/#organization\"},\"potentialAction\":[{\"@type\":\"SearchAction\",\"target\":{\"@type\":\"EntryPoint\",\"urlTemplate\":\"https:\/\/audepp.org\/portal\/?s={search_term_string}\"},\"query-input\":{\"@type\":\"PropertyValueSpecification\",\"valueRequired\":true,\"valueName\":\"search_term_string\"}}],\"inLanguage\":\"es\"},{\"@type\":\"Organization\",\"@id\":\"https:\/\/audepp.org\/portal\/#organization\",\"name\":\"Audepp\",\"url\":\"https:\/\/audepp.org\/portal\/\",\"logo\":{\"@type\":\"ImageObject\",\"inLanguage\":\"es\",\"@id\":\"https:\/\/audepp.org\/portal\/#\/schema\/logo\/image\/\",\"url\":\"https:\/\/audepp.org\/portal\/wp-content\/uploads\/2025\/02\/cropped-cropped-cropped-image_invertida-1.png\",\"contentUrl\":\"https:\/\/audepp.org\/portal\/wp-content\/uploads\/2025\/02\/cropped-cropped-cropped-image_invertida-1.png\",\"width\":980,\"height\":254,\"caption\":\"Audepp\"},\"image\":{\"@id\":\"https:\/\/audepp.org\/portal\/#\/schema\/logo\/image\/\"}}]}<\/script>\n<!-- \/ Yoast SEO plugin. -->","yoast_head_json":{"title":"Comisi\u00f3n de Cursos Abiertos - Audepp","robots":{"index":"index","follow":"follow","max-snippet":"max-snippet:-1","max-image-preview":"max-image-preview:large","max-video-preview":"max-video-preview:-1"},"canonical":"https:\/\/audepp.org\/portal\/comision-de-cursos-abiertos\/","og_locale":"es_ES","og_type":"article","og_title":"Comisi\u00f3n de Cursos Abiertos - Audepp","og_description":"PER\u00cdODO 2023\/2025 Comisi\u00f3n de Cursos Abiertos AUDEPP ofrece desde 1994 cursos para profesionales, estudiantes y p\u00fablico en general. Integrantes Docentes Certificados Ingreso AUDEPP Objetivos Ampliando la Pr\u00e1ctica Desarrollo Cl\u00ednico Cursos Flexibles","og_url":"https:\/\/audepp.org\/portal\/comision-de-cursos-abiertos\/","og_site_name":"Audepp","article_modified_time":"2025-08-11T15:02:51+00:00","og_image":[{"url":"https:\/\/audepp.org\/portal\/wp-content\/uploads\/2025\/07\/libro_original-1024x683.png","type":"","width":"","height":""}],"twitter_card":"summary_large_image","twitter_misc":{"Tiempo de lectura":"2 minutos"},"schema":{"@context":"https:\/\/schema.org","@graph":[{"@type":"WebPage","@id":"https:\/\/audepp.org\/portal\/comision-de-cursos-abiertos\/","url":"https:\/\/audepp.org\/portal\/comision-de-cursos-abiertos\/","name":"Comisi\u00f3n de Cursos Abiertos - Audepp","isPartOf":{"@id":"https:\/\/audepp.org\/portal\/#website"},"primaryImageOfPage":{"@id":"https:\/\/audepp.org\/portal\/comision-de-cursos-abiertos\/#primaryimage"},"image":{"@id":"https:\/\/audepp.org\/portal\/comision-de-cursos-abiertos\/#primaryimage"},"thumbnailUrl":"https:\/\/audepp.org\/portal\/wp-content\/uploads\/2025\/07\/libro_original-1024x683.png","datePublished":"2019-12-31T16:01:33+00:00","dateModified":"2025-08-11T15:02:51+00:00","breadcrumb":{"@id":"https:\/\/audepp.org\/portal\/comision-de-cursos-abiertos\/#breadcrumb"},"inLanguage":"es","potentialAction":[{"@type":"ReadAction","target":["https:\/\/audepp.org\/portal\/comision-de-cursos-abiertos\/"]}]},{"@type":"ImageObject","inLanguage":"es","@id":"https:\/\/audepp.org\/portal\/comision-de-cursos-abiertos\/#primaryimage","url":"https:\/\/audepp.org\/portal\/wp-content\/uploads\/2025\/07\/libro_original.png","contentUrl":"https:\/\/audepp.org\/portal\/wp-content\/uploads\/2025\/07\/libro_original.png","width":1536,"height":1024},{"@type":"BreadcrumbList","@id":"https:\/\/audepp.org\/portal\/comision-de-cursos-abiertos\/#breadcrumb","itemListElement":[{"@type":"ListItem","position":1,"name":"Home","item":"https:\/\/audepp.org\/portal\/"},{"@type":"ListItem","position":2,"name":"Comisi\u00f3n de Cursos Abiertos"}]},{"@type":"WebSite","@id":"https:\/\/audepp.org\/portal\/#website","url":"https:\/\/audepp.org\/portal\/","name":"Audepp","description":"","publisher":{"@id":"https:\/\/audepp.org\/portal\/#organization"},"potentialAction":[{"@type":"SearchAction","target":{"@type":"EntryPoint","urlTemplate":"https:\/\/audepp.org\/portal\/?s={search_term_string}"},"query-input":{"@type":"PropertyValueSpecification","valueRequired":true,"valueName":"search_term_string"}}],"inLanguage":"es"},{"@type":"Organization","@id":"https:\/\/audepp.org\/portal\/#organization","name":"Audepp","url":"https:\/\/audepp.org\/portal\/","logo":{"@type":"ImageObject","inLanguage":"es","@id":"https:\/\/audepp.org\/portal\/#\/schema\/logo\/image\/","url":"https:\/\/audepp.org\/portal\/wp-content\/uploads\/2025\/02\/cropped-cropped-cropped-image_invertida-1.png","contentUrl":"https:\/\/audepp.org\/portal\/wp-content\/uploads\/2025\/02\/cropped-cropped-cropped-image_invertida-1.png","width":980,"height":254,"caption":"Audepp"},"image":{"@id":"https:\/\/audepp.org\/portal\/#\/schema\/logo\/image\/"}}]}},"uagb_featured_image_src":{"full":false,"thumbnail":false,"medium":false,"medium_large":false,"large":false,"1536x1536":false,"2048x2048":false,"ultp_layout_landscape_large":false,"ultp_layout_landscape":false,"ultp_layout_portrait":false,"ultp_layout_square":false},"uagb_author_info":{"display_name":"admin","author_link":"https:\/\/audepp.org\/portal\/author\/admin\/"},"uagb_comment_info":0,"uagb_excerpt":"PER\u00cdODO 2023\/2025 Comisi\u00f3n de Cursos Abiertos AUDEPP ofrece desde 1994 cursos para profesionales, estudiantes y p\u00fablico en general. Integrantes Docentes Certificados Ingreso AUDEPP Objetivos Ampliando la Pr\u00e1ctica Desarrollo Cl\u00ednico Cursos Flexibles","_links":{"self":[{"href":"https:\/\/audepp.org\/portal\/wp-json\/wp\/v2\/pages\/11641","targetHints":{"allow":["GET"]}}],"collection":[{"href":"https:\/\/audepp.org\/portal\/wp-json\/wp\/v2\/pages"}],"about":[{"href":"https:\/\/audepp.org\/portal\/wp-json\/wp\/v2\/types\/page"}],"author":[{"embeddable":true,"href":"https:\/\/audepp.org\/portal\/wp-json\/wp\/v2\/users\/1"}],"replies":[{"embeddable":true,"href":"https:\/\/audepp.org\/portal\/wp-json\/wp\/v2\/comments?post=11641"}],"version-history":[{"count":20,"href":"https:\/\/audepp.org\/portal\/wp-json\/wp\/v2\/pages\/11641\/revisions"}],"predecessor-version":[{"id":17515,"href":"https:\/\/audepp.org\/portal\/wp-json\/wp\/v2\/pages\/11641\/revisions\/17515"}],"wp:attachment":[{"href":"https:\/\/audepp.org\/portal\/wp-json\/wp\/v2\/media?parent=11641"}],"curies":[{"name":"wp","href":"https:\/\/api.w.org\/{rel}","templated":true}]}}