{"id":11636,"date":"2019-12-31T12:52:54","date_gmt":"2019-12-31T15:52:54","guid":{"rendered":"http:\/\/localhost\/portal_old\/comision-de-formacion-continua\/"},"modified":"2026-03-04T21:22:38","modified_gmt":"2026-03-05T00:22:38","slug":"comision-de-formacion-continua","status":"publish","type":"page","link":"https:\/\/audepp.org\/portal\/comision-de-formacion-continua\/","title":{"rendered":"Comisi\u00f3n de Formaci\u00f3n Continua"},"content":{"rendered":"\n<div class=\"wp-block-uagb-container uagb-block-tgrijtze alignfull uagb-is-root-container\"><div class=\"uagb-container-inner-blocks-wrap\">\n<div class=\"wp-block-uagb-image alignleft uagb-block-hjvvqpip wp-block-uagb-image--layout-default wp-block-uagb-image--effect-static wp-block-uagb-image--align-left\"><figure class=\"wp-block-uagb-image__figure\"><img decoding=\"async\" srcset=\"https:\/\/audepp.org\/portal\/wp-content\/uploads\/2025\/07\/cuadro_cara_1-681x1024.png ,https:\/\/audepp.org\/portal\/wp-content\/uploads\/2025\/07\/cuadro_cara_1.png 780w, https:\/\/audepp.org\/portal\/wp-content\/uploads\/2025\/07\/cuadro_cara_1.png 360w\" sizes=\"auto, (max-width: 480px) 150px\" src=\"https:\/\/audepp.org\/portal\/wp-content\/uploads\/2025\/07\/cuadro_cara_1-681x1024.png\" alt=\"\" class=\"uag-image-16938\" width=\"564\" height=\"650\" title=\"cuadro_cara_1\" loading=\"lazy\" role=\"img\"\/><\/figure><\/div>\n\n\n\n<div class=\"wp-block-uagb-container uagb-block-dvtwlhov\">\n<p class=\"has-black-color has-text-color has-link-color wp-elements-b4811ba652c67ae695f9923f59d71d21\" style=\"font-size:16px;line-height:1.7\">PER\u00cdODO 2024\/2025<\/p>\n\n\n\n<h4 class=\"wp-block-heading ticss-74028f1a has-black-color has-text-color has-link-color wp-elements-be04985ac4fe2bf92f00d1deb081ac74\" style=\"font-size:32px;font-style:normal;font-weight:700;line-height:1.7\">Comisi\u00f3n de Formaci\u00f3n Continua<\/h4>\n\n\n\n<p class=\"ticss-b636b833 has-black-color has-text-color has-link-color wp-elements-ec05d3085adbe0272d5d1a0c84c6227c\" style=\"font-size:16px;font-style:normal;font-weight:600;line-height:1.7\">D\u00eda de reuni\u00f3n: Lunes 20hs<\/p>\n\n\n\n<p class=\"ticss-94cacda0\"><br><strong>Integrantes<\/strong><\/p>\n\n\n\n<div class=\"wp-block-uagb-icon-list uagb-block-bhfosj4n\"><div class=\"uagb-icon-list__wrap\">\n<div class=\"wp-block-uagb-icon-list-child uagb-block-2ed1326a\"><span class=\"uagb-icon-list__source-wrap\"><svg xmlns=\"https:\/\/www.w3.org\/2000\/svg\" viewBox=\"0 0 448 512\"><path d=\"M438.6 105.4C451.1 117.9 451.1 138.1 438.6 150.6L182.6 406.6C170.1 419.1 149.9 419.1 137.4 406.6L9.372 278.6C-3.124 266.1-3.124 245.9 9.372 233.4C21.87 220.9 42.13 220.9 54.63 233.4L159.1 338.7L393.4 105.4C405.9 92.88 426.1 92.88 438.6 105.4H438.6z\"><\/path><\/svg><\/span><span class=\"uagb-icon-list__label\"><strong>Coordinaci\u00f3n:\u00a0<\/strong>Laura Puig<\/span><\/div>\n\n\n\n<div class=\"wp-block-uagb-icon-list-child uagb-block-joawcv8y\"><span class=\"uagb-icon-list__source-wrap\"><svg xmlns=\"https:\/\/www.w3.org\/2000\/svg\" viewBox=\"0 0 448 512\"><path d=\"M438.6 105.4C451.1 117.9 451.1 138.1 438.6 150.6L182.6 406.6C170.1 419.1 149.9 419.1 137.4 406.6L9.372 278.6C-3.124 266.1-3.124 245.9 9.372 233.4C21.87 220.9 42.13 220.9 54.63 233.4L159.1 338.7L393.4 105.4C405.9 92.88 426.1 92.88 438.6 105.4H438.6z\"><\/path><\/svg><\/span><span class=\"uagb-icon-list__label\">Patricia Ercoli<\/span><\/div>\n\n\n\n<div class=\"wp-block-uagb-icon-list-child uagb-block-xpnrpngl\"><span class=\"uagb-icon-list__source-wrap\"><svg xmlns=\"https:\/\/www.w3.org\/2000\/svg\" viewBox=\"0 0 448 512\"><path d=\"M438.6 105.4C451.1 117.9 451.1 138.1 438.6 150.6L182.6 406.6C170.1 419.1 149.9 419.1 137.4 406.6L9.372 278.6C-3.124 266.1-3.124 245.9 9.372 233.4C21.87 220.9 42.13 220.9 54.63 233.4L159.1 338.7L393.4 105.4C405.9 92.88 426.1 92.88 438.6 105.4H438.6z\"><\/path><\/svg><\/span><span class=\"uagb-icon-list__label\">Mar\u00eda Jos\u00e9 Gallas<\/span><\/div>\n\n\n\n<div class=\"wp-block-uagb-icon-list-child uagb-block-7618ffec\"><span class=\"uagb-icon-list__source-wrap\"><svg xmlns=\"https:\/\/www.w3.org\/2000\/svg\" viewBox=\"0 0 448 512\"><path d=\"M438.6 105.4C451.1 117.9 451.1 138.1 438.6 150.6L182.6 406.6C170.1 419.1 149.9 419.1 137.4 406.6L9.372 278.6C-3.124 266.1-3.124 245.9 9.372 233.4C21.87 220.9 42.13 220.9 54.63 233.4L159.1 338.7L393.4 105.4C405.9 92.88 426.1 92.88 438.6 105.4H438.6z\"><\/path><\/svg><\/span><span class=\"uagb-icon-list__label\">Magdalena Lema, <strong>enlace con Comisi\u00f3n Directiva<\/strong><\/span><\/div>\n\n\n\n<div class=\"wp-block-uagb-icon-list-child uagb-block-81811a09\"><\/div>\n\n\n\n<div class=\"wp-block-uagb-icon-list-child uagb-block-6c0cfb82\"><\/div>\n\n\n\n<div class=\"wp-block-uagb-icon-list-child uagb-block-eb431d0f\"><span class=\"uagb-icon-list__label\"><strong>Mail de la comisi\u00f3n:<\/strong> comformacioncontinua@gmail.com<\/span><\/div>\n<\/div><\/div>\n<\/div>\n<\/div><\/div>\n\n\n\n<hr class=\"wp-block-separator has-alpha-channel-opacity ticss-46805a3d\"\/>\n\n\n\n<p class=\"has-text-align-center ticss-b7c82bcd has-black-color has-text-color has-link-color wp-elements-0a08e5074bb748d4b3718ba1b06b5ebe\" style=\"font-size:28px;line-height:1.7\"><strong>SEMINARIOS 2025<\/strong><\/p>\n\n\n\n<div id=\"section-g-f93i0yy\" class=\"wp-block-gutentor-e7 section-g-f93i0yy gutentor-element gutentor-element-list ticss-a23a7954\"><ul class=\"grid-row gutentor-grid-item-wrap list-indicator-icon\"><li class=\"gutentor-list-item grid-lg-12 grid-md-12 grid-12\"><span class=\"gutentor-single-item gutentor-single-item-0\"><span class=\"gutentor-list-item-wrap g-s-list-wrap g-s-list-i-icon\"><span class=\"gutentor-single-list-item-icon\"><i class=\"list-item-icon fas fa-arrow-right\"><\/i><\/span><span class=\"gutentor-list-item\"><p class=\"gutentor-single-item-title\">Freud y los fil\u00f3sofos: un posible di\u00e1logo &#8211; 2025 <br><em><sup>Docente: Lic. Psic. Laura Silvestri<\/sup><\/em><\/p><\/span><\/span><\/span><\/li><li class=\"gutentor-list-item grid-lg-12 grid-md-12 grid-12\"><span class=\"gutentor-single-item gutentor-single-item-1\"><span class=\"gutentor-list-item-wrap g-s-list-wrap\"><span class=\"gutentor-single-list-item-icon\"><i class=\"list-item-icon fas fa-arrow-right\"><\/i><\/span><span class=\"gutentor-list-item\"><p class=\"gutentor-single-item-title\">Seminario de Bion &#8211; 2025<br><em><sup>Docentes: Dr. Rafael Berta y Lic. Psic. Andr\u00e9s Varela<\/sup><\/em><\/p><\/span><\/span><\/span><\/li><li class=\"gutentor-list-item grid-lg-12 grid-md-12 grid-12\"><span class=\"gutentor-single-item gutentor-single-item-2\"><span class=\"gutentor-list-item-wrap g-s-list-wrap\"><span class=\"gutentor-single-list-item-icon\"><i class=\"list-item-icon fas fa-arrow-right\"><\/i><\/span><span class=\"gutentor-list-item\"><p class=\"gutentor-single-item-title\">En el eje del Principio del Placer. Perspectivas neurops\u00edquicas, evolutivas, psicol\u00f3gicas, sociales y psicoanal\u00edticas del placer. (Adem\u00e1s, compartiremos experiencias gastron\u00f3micas.) \u2013 2025<br><em><sup>Docentes: Dr. Rafael Sibils y Dra. Rosario Oyenard<\/sup><\/em><\/p><\/span><\/span><\/span><\/li><li class=\"gutentor-list-item grid-lg-12 grid-md-12 grid-12\"><span class=\"gutentor-single-item gutentor-single-item-3\"><span class=\"gutentor-list-item-wrap g-s-list-wrap\"><span class=\"gutentor-single-list-item-icon\"><i class=\"list-item-icon fas fa-arrow-right\"><\/i><\/span><span class=\"gutentor-list-item\"><p class=\"gutentor-single-item-title\">Intervenciones cl\u00ednicas desde la perspectiva de D.W.Winnicott \u00bb &#8211; 2025<br><sup><em>Docentes: Psic. Cristina Abal, Lic. Psic. Marita Azambuya<\/em><\/sup><\/p><\/span><\/span><\/span><\/li><li class=\"gutentor-list-item grid-lg-12 grid-md-12 grid-12\"><span class=\"gutentor-single-item gutentor-single-item-4\"><span class=\"gutentor-list-item-wrap g-s-list-wrap\"><span class=\"gutentor-single-list-item-icon\"><i class=\"list-item-icon fas fa-arrow-right\"><\/i><\/span><span class=\"gutentor-list-item\"><p class=\"gutentor-single-item-title\">Albores del Psicoan\u00e1lisis. Las Neurosis en los inicios de la teorizaci\u00f3n y tambi\u00e9n en la actualidad &#8211; 2025<br><sup><em>Docente: Lic. Psic. Gabriela Pollak<\/em><\/sup><\/p><\/span><\/span><\/span><\/li><li class=\"gutentor-list-item grid-lg-12 grid-md-12 grid-12\"><span class=\"gutentor-single-item gutentor-single-item-5\"><span class=\"gutentor-list-item-wrap g-s-list-wrap\"><span class=\"gutentor-single-list-item-icon\"><i class=\"list-item-icon fas fa-arrow-right\"><\/i><\/span><span class=\"gutentor-list-item\"><p class=\"gutentor-single-item-title\">\u00abHablemos de depresiones\u00bb &#8211; 2025<br><em><sup>Coordinadora:\u00a0Lic. Psic. Olga Salgado<\/sup><\/em><\/p><\/span><\/span><\/span><\/li><li class=\"gutentor-list-item grid-lg-12 grid-md-12 grid-12\"><span class=\"gutentor-single-item gutentor-single-item-6\"><span class=\"gutentor-list-item-wrap g-s-list-wrap\"><span class=\"gutentor-single-list-item-icon\"><i class=\"list-item-icon fas fa-arrow-right\"><\/i><\/span><span class=\"gutentor-list-item\"><p class=\"gutentor-single-item-title\">La interpretaci\u00f3n de los sue\u00f1os &#8211; 2025<br><em><sup>Docente: Mag. Abel Fern\u00e1ndez Ferman<\/sup><\/em><\/p><\/span><\/span><\/span><\/li><li class=\"gutentor-list-item grid-lg-12 grid-md-12 grid-12\"><span class=\"gutentor-single-item gutentor-single-item-7\"><span class=\"gutentor-list-item-wrap g-s-list-wrap\"><span class=\"gutentor-single-list-item-icon\"><i class=\"list-item-icon fas fa-arrow-right\"><\/i><\/span><span class=\"gutentor-list-item\"><p class=\"gutentor-single-item-title\">Modelos Cl\u00ednicos del Narcisismo. Dos espejos para Narciso: Hugo Bleichmar y Luis Hornstein.- 2025<br><em><sup>Docentes: Lic.Psic. Violeta Garc\u00eda<\/sup><\/em><\/p><\/span><\/span><\/span><\/li><li class=\"gutentor-list-item grid-lg-12 grid-md-12 grid-12\"><span class=\"gutentor-single-item gutentor-single-item-8\"><span class=\"gutentor-list-item-wrap g-s-list-wrap\"><span class=\"gutentor-single-list-item-icon\"><i class=\"list-item-icon fas fa-arrow-right\"><\/i><\/span><span class=\"gutentor-list-item\"><p class=\"gutentor-single-item-title\">Taller de lecturas: \u00abEscenarios Lacan\u00bb &#8211; 2025<br><em><sup>Docentes: Lics. Psics. Gustavo Castellano y Psics. Alberto Moreno<\/sup><\/em><\/p><\/span><\/span><\/span><\/li><li class=\"gutentor-list-item grid-lg-12 grid-md-12 grid-12\"><span class=\"gutentor-single-item gutentor-single-item-9\"><span class=\"gutentor-list-item-wrap g-s-list-wrap\"><span class=\"gutentor-single-list-item-icon\"><i class=\"list-item-icon fas fa-arrow-right\"><\/i><\/span><span class=\"gutentor-list-item\"><p class=\"gutentor-single-item-title\">Taller de lectura del seminario de Jacques Lacan \u201cEl deseo y su interpretaci\u00f3n\u201d (1958-1959) &#8211; 2025<br><em><sup>Docente: Lic. Psic. Gonzalo Percovich<\/sup><\/em><\/p><\/span><\/span><\/span><\/li><li class=\"gutentor-list-item grid-lg-12 grid-md-12 grid-12\"><span class=\"gutentor-single-item gutentor-single-item-10\"><span class=\"gutentor-list-item-wrap g-s-list-wrap\"><span class=\"gutentor-single-list-item-icon\"><i class=\"list-item-icon fas fa-arrow-right\"><\/i><\/span><span class=\"gutentor-list-item\"><p class=\"gutentor-single-item-title\">Espacio de supervisi\u00f3n en la pr\u00e1ctica cl\u00ednica con ni\u00f1os &#8211; 2025<br><em><sup>Docente: Lic. Psic. Ana Mosca<\/sup><\/em><\/p><\/span><\/span><\/span><\/li><li class=\"gutentor-list-item grid-lg-12 grid-md-12 grid-12\"><span class=\"gutentor-single-item gutentor-single-item-11\"><span class=\"gutentor-list-item-wrap g-s-list-wrap\"><span class=\"gutentor-single-list-item-icon\"><i class=\"list-item-icon fas fa-arrow-right\"><\/i><\/span><span class=\"gutentor-list-item\"><p class=\"gutentor-single-item-title\">Espacio de supervisi\u00f3n adolescentes y adultos &#8211; Teor\u00eda de la Cl\u00ednica: La gravedad en las neurosis &#8211; 2025<br><em><sup>Docente: Lic. Psic. Gabriela Pollak<\/sup><\/em><\/p><\/span><\/span><\/span><\/li><li class=\"gutentor-list-item grid-lg-12 grid-md-12 grid-12\"><span class=\"gutentor-single-item gutentor-single-item-12\"><span class=\"gutentor-list-item-wrap g-s-list-wrap\"><span class=\"gutentor-single-list-item-icon\"><i class=\"list-item-icon fas fa-arrow-right\"><\/i><\/span><span class=\"gutentor-list-item\"><p class=\"gutentor-single-item-title\">Espacio de supervisi\u00f3n en la pr\u00e1ctica cl\u00ednica con ni\u00f1os, adolescentes y adultos &#8211; 2025<br><em><sup>Docente: Lic. Psic. Silvia Adjiman<\/sup><\/em><\/p><\/span><\/span><\/span><\/li><li class=\"gutentor-list-item grid-lg-12 grid-md-12 grid-12\"><span class=\"gutentor-single-item gutentor-single-item-13\"><span class=\"gutentor-list-item-wrap g-s-list-wrap\"><span class=\"gutentor-single-list-item-icon\"><i class=\"list-item-icon fas fa-arrow-right\"><\/i><\/span><span class=\"gutentor-list-item\"><p class=\"gutentor-single-item-title\">Taller de inter-visi\u00f3n desde una perspectiva contempor\u00e1nea \u2013 2025<br><em><sup>Docentes: Lics. Psics. Mar\u00eda de los \u00c1ngeles Maseda y Graciela Montano<\/sup><\/em><\/p><\/span><\/span><\/span><\/li><li class=\"gutentor-list-item grid-lg-12 grid-md-12 grid-12\"><span class=\"gutentor-single-item gutentor-single-item-14\"><span class=\"gutentor-list-item-wrap g-s-list-wrap\"><span class=\"gutentor-single-list-item-icon\"><i class=\"list-item-icon fas fa-arrow-right\"><\/i><\/span><span class=\"gutentor-list-item\"><p class=\"gutentor-single-item-title\">Grupo de estudio &#8211; Psicoan\u00e1lisis contempor\u00e1neo &#8211; 2025 &#8211; <br>Grupo de estudio &#8211; T\u00e9cnica, trabajo y abordaje con pacientes dif\u00edciles. Psicoterapia focalizada en transferencia (TFP). &#8211; 2025<br><em><sup>Docente: Lic. Psic. Magdalena Herrera<\/sup><\/em><\/p><\/span><\/span><\/span><\/li><li class=\"gutentor-list-item grid-lg-12 grid-md-12 grid-12\"><span class=\"gutentor-single-item gutentor-single-item-15\"><span class=\"gutentor-list-item-wrap g-s-list-wrap\"><span class=\"gutentor-single-list-item-icon\"><i class=\"list-item-icon fas fa-arrow-right\"><\/i><\/span><span class=\"gutentor-list-item\"><p class=\"gutentor-single-item-title\">Grupo de estudio &#8211; Grupo Psicoan\u00e1lisis Relacional &#8211; 2025<\/p><\/span><\/span><\/span><\/li><li class=\"gutentor-list-item grid-lg-12 grid-md-12 grid-12\"><span class=\"gutentor-single-item gutentor-single-item-16\"><span class=\"gutentor-list-item-wrap g-s-list-wrap\"><span class=\"gutentor-single-list-item-icon\"><i class=\"list-item-icon fas fa-arrow-right\"><\/i><\/span><span class=\"gutentor-list-item\"><p class=\"gutentor-single-item-title\">Desaf\u00edos y oportunidades de la investigaci\u00f3n en psicoterapia psicoanal\u00edtica. Grupo horizontal de trabajo y profundizaci\u00f3n en la investigaci\u00f3n en psicoterapia psicoanal\u00edtica &#8211; 2025<br><em><sup>Facilitadores: Dr. R.Bernardi, Dr. M.Clavero y Mag. P.Correas<\/sup><\/em><\/p><\/span><\/span><\/span><\/li><\/ul><\/div>\n","protected":false},"excerpt":{"rendered":"<p>PER\u00cdODO 2024\/2025 Comisi\u00f3n de Formaci\u00f3n Continua D\u00eda de reuni\u00f3n: Lunes 20hs Integrantes SEMINARIOS 2025<\/p>\n","protected":false},"author":1,"featured_media":0,"parent":0,"menu_order":0,"comment_status":"closed","ping_status":"closed","template":"","meta":{"_uag_custom_page_level_css":"","site-sidebar-layout":"default","site-content-layout":"","ast-site-content-layout":"","site-content-style":"default","site-sidebar-style":"default","ast-global-header-display":"","ast-banner-title-visibility":"","ast-main-header-display":"","ast-hfb-above-header-display":"","ast-hfb-below-header-display":"","ast-hfb-mobile-header-display":"","site-post-title":"","ast-breadcrumbs-content":"","ast-featured-img":"","footer-sml-layout":"","theme-transparent-header-meta":"","adv-header-id-meta":"","stick-header-meta":"","header-above-stick-meta":"","header-main-stick-meta":"","header-below-stick-meta":"","astra-migrate-meta-layouts":"default","ast-page-background-enabled":"default","ast-page-background-meta":{"desktop":{"background-color":"var(--ast-global-color-4)","background-image":"","background-repeat":"repeat","background-position":"center center","background-size":"auto","background-attachment":"scroll","background-type":"","background-media":"","overlay-type":"","overlay-color":"","overlay-opacity":"","overlay-gradient":""},"tablet":{"background-color":"","background-image":"","background-repeat":"repeat","background-position":"center center","background-size":"auto","background-attachment":"scroll","background-type":"","background-media":"","overlay-type":"","overlay-color":"","overlay-opacity":"","overlay-gradient":""},"mobile":{"background-color":"","background-image":"","background-repeat":"repeat","background-position":"center center","background-size":"auto","background-attachment":"scroll","background-type":"","background-media":"","overlay-type":"","overlay-color":"","overlay-opacity":"","overlay-gradient":""}},"ast-content-background-meta":{"desktop":{"background-color":"var(--ast-global-color-5)","background-image":"","background-repeat":"repeat","background-position":"center center","background-size":"auto","background-attachment":"scroll","background-type":"","background-media":"","overlay-type":"","overlay-color":"","overlay-opacity":"","overlay-gradient":""},"tablet":{"background-color":"var(--ast-global-color-5)","background-image":"","background-repeat":"repeat","background-position":"center center","background-size":"auto","background-attachment":"scroll","background-type":"","background-media":"","overlay-type":"","overlay-color":"","overlay-opacity":"","overlay-gradient":""},"mobile":{"background-color":"var(--ast-global-color-5)","background-image":"","background-repeat":"repeat","background-position":"center center","background-size":"auto","background-attachment":"scroll","background-type":"","background-media":"","overlay-type":"","overlay-color":"","overlay-opacity":"","overlay-gradient":""}},"_themeisle_gutenberg_block_has_review":false,"footnotes":""},"class_list":["post-11636","page","type-page","status-publish","hentry"],"yoast_head":"<!-- This site is optimized with the Yoast SEO plugin v25.5 - https:\/\/yoast.com\/wordpress\/plugins\/seo\/ -->\n<title>Comisi\u00f3n de Formaci\u00f3n Continua - Audepp<\/title>\n<meta name=\"robots\" content=\"index, follow, max-snippet:-1, max-image-preview:large, max-video-preview:-1\" \/>\n<link rel=\"canonical\" href=\"https:\/\/audepp.org\/portal\/comision-de-formacion-continua\/\" \/>\n<meta property=\"og:locale\" content=\"es_ES\" \/>\n<meta property=\"og:type\" content=\"article\" \/>\n<meta property=\"og:title\" content=\"Comisi\u00f3n de Formaci\u00f3n Continua - Audepp\" \/>\n<meta property=\"og:description\" content=\"PER\u00cdODO 2024\/2025 Comisi\u00f3n de Formaci\u00f3n Continua D\u00eda de reuni\u00f3n: Lunes 20hs Integrantes SEMINARIOS 2025\" \/>\n<meta property=\"og:url\" content=\"https:\/\/audepp.org\/portal\/comision-de-formacion-continua\/\" \/>\n<meta property=\"og:site_name\" content=\"Audepp\" \/>\n<meta property=\"article:modified_time\" content=\"2026-03-05T00:22:38+00:00\" \/>\n<meta property=\"og:image\" content=\"https:\/\/audepp.org\/portal\/wp-content\/uploads\/2025\/07\/cuadro_cara_1-681x1024.png\" \/>\n<meta name=\"twitter:card\" content=\"summary_large_image\" \/>\n<meta name=\"twitter:label1\" content=\"Tiempo de lectura\" \/>\n\t<meta name=\"twitter:data1\" content=\"2 minutos\" \/>\n<script type=\"application\/ld+json\" class=\"yoast-schema-graph\">{\"@context\":\"https:\/\/schema.org\",\"@graph\":[{\"@type\":\"WebPage\",\"@id\":\"https:\/\/audepp.org\/portal\/comision-de-formacion-continua\/\",\"url\":\"https:\/\/audepp.org\/portal\/comision-de-formacion-continua\/\",\"name\":\"Comisi\u00f3n de Formaci\u00f3n Continua - Audepp\",\"isPartOf\":{\"@id\":\"https:\/\/audepp.org\/portal\/#website\"},\"primaryImageOfPage\":{\"@id\":\"https:\/\/audepp.org\/portal\/comision-de-formacion-continua\/#primaryimage\"},\"image\":{\"@id\":\"https:\/\/audepp.org\/portal\/comision-de-formacion-continua\/#primaryimage\"},\"thumbnailUrl\":\"https:\/\/audepp.org\/portal\/wp-content\/uploads\/2025\/07\/cuadro_cara_1-681x1024.png\",\"datePublished\":\"2019-12-31T15:52:54+00:00\",\"dateModified\":\"2026-03-05T00:22:38+00:00\",\"breadcrumb\":{\"@id\":\"https:\/\/audepp.org\/portal\/comision-de-formacion-continua\/#breadcrumb\"},\"inLanguage\":\"es\",\"potentialAction\":[{\"@type\":\"ReadAction\",\"target\":[\"https:\/\/audepp.org\/portal\/comision-de-formacion-continua\/\"]}]},{\"@type\":\"ImageObject\",\"inLanguage\":\"es\",\"@id\":\"https:\/\/audepp.org\/portal\/comision-de-formacion-continua\/#primaryimage\",\"url\":\"https:\/\/audepp.org\/portal\/wp-content\/uploads\/2025\/07\/cuadro_cara_1.png\",\"contentUrl\":\"https:\/\/audepp.org\/portal\/wp-content\/uploads\/2025\/07\/cuadro_cara_1.png\",\"width\":1020,\"height\":1534},{\"@type\":\"BreadcrumbList\",\"@id\":\"https:\/\/audepp.org\/portal\/comision-de-formacion-continua\/#breadcrumb\",\"itemListElement\":[{\"@type\":\"ListItem\",\"position\":1,\"name\":\"Home\",\"item\":\"https:\/\/audepp.org\/portal\/\"},{\"@type\":\"ListItem\",\"position\":2,\"name\":\"Comisi\u00f3n de Formaci\u00f3n Continua\"}]},{\"@type\":\"WebSite\",\"@id\":\"https:\/\/audepp.org\/portal\/#website\",\"url\":\"https:\/\/audepp.org\/portal\/\",\"name\":\"Audepp\",\"description\":\"\",\"publisher\":{\"@id\":\"https:\/\/audepp.org\/portal\/#organization\"},\"potentialAction\":[{\"@type\":\"SearchAction\",\"target\":{\"@type\":\"EntryPoint\",\"urlTemplate\":\"https:\/\/audepp.org\/portal\/?s={search_term_string}\"},\"query-input\":{\"@type\":\"PropertyValueSpecification\",\"valueRequired\":true,\"valueName\":\"search_term_string\"}}],\"inLanguage\":\"es\"},{\"@type\":\"Organization\",\"@id\":\"https:\/\/audepp.org\/portal\/#organization\",\"name\":\"Audepp\",\"url\":\"https:\/\/audepp.org\/portal\/\",\"logo\":{\"@type\":\"ImageObject\",\"inLanguage\":\"es\",\"@id\":\"https:\/\/audepp.org\/portal\/#\/schema\/logo\/image\/\",\"url\":\"https:\/\/audepp.org\/portal\/wp-content\/uploads\/2025\/02\/cropped-cropped-cropped-image_invertida-1.png\",\"contentUrl\":\"https:\/\/audepp.org\/portal\/wp-content\/uploads\/2025\/02\/cropped-cropped-cropped-image_invertida-1.png\",\"width\":980,\"height\":254,\"caption\":\"Audepp\"},\"image\":{\"@id\":\"https:\/\/audepp.org\/portal\/#\/schema\/logo\/image\/\"}}]}<\/script>\n<!-- \/ Yoast SEO plugin. -->","yoast_head_json":{"title":"Comisi\u00f3n de Formaci\u00f3n Continua - Audepp","robots":{"index":"index","follow":"follow","max-snippet":"max-snippet:-1","max-image-preview":"max-image-preview:large","max-video-preview":"max-video-preview:-1"},"canonical":"https:\/\/audepp.org\/portal\/comision-de-formacion-continua\/","og_locale":"es_ES","og_type":"article","og_title":"Comisi\u00f3n de Formaci\u00f3n Continua - Audepp","og_description":"PER\u00cdODO 2024\/2025 Comisi\u00f3n de Formaci\u00f3n Continua D\u00eda de reuni\u00f3n: Lunes 20hs Integrantes SEMINARIOS 2025","og_url":"https:\/\/audepp.org\/portal\/comision-de-formacion-continua\/","og_site_name":"Audepp","article_modified_time":"2026-03-05T00:22:38+00:00","og_image":[{"url":"https:\/\/audepp.org\/portal\/wp-content\/uploads\/2025\/07\/cuadro_cara_1-681x1024.png","type":"","width":"","height":""}],"twitter_card":"summary_large_image","twitter_misc":{"Tiempo de lectura":"2 minutos"},"schema":{"@context":"https:\/\/schema.org","@graph":[{"@type":"WebPage","@id":"https:\/\/audepp.org\/portal\/comision-de-formacion-continua\/","url":"https:\/\/audepp.org\/portal\/comision-de-formacion-continua\/","name":"Comisi\u00f3n de Formaci\u00f3n Continua - Audepp","isPartOf":{"@id":"https:\/\/audepp.org\/portal\/#website"},"primaryImageOfPage":{"@id":"https:\/\/audepp.org\/portal\/comision-de-formacion-continua\/#primaryimage"},"image":{"@id":"https:\/\/audepp.org\/portal\/comision-de-formacion-continua\/#primaryimage"},"thumbnailUrl":"https:\/\/audepp.org\/portal\/wp-content\/uploads\/2025\/07\/cuadro_cara_1-681x1024.png","datePublished":"2019-12-31T15:52:54+00:00","dateModified":"2026-03-05T00:22:38+00:00","breadcrumb":{"@id":"https:\/\/audepp.org\/portal\/comision-de-formacion-continua\/#breadcrumb"},"inLanguage":"es","potentialAction":[{"@type":"ReadAction","target":["https:\/\/audepp.org\/portal\/comision-de-formacion-continua\/"]}]},{"@type":"ImageObject","inLanguage":"es","@id":"https:\/\/audepp.org\/portal\/comision-de-formacion-continua\/#primaryimage","url":"https:\/\/audepp.org\/portal\/wp-content\/uploads\/2025\/07\/cuadro_cara_1.png","contentUrl":"https:\/\/audepp.org\/portal\/wp-content\/uploads\/2025\/07\/cuadro_cara_1.png","width":1020,"height":1534},{"@type":"BreadcrumbList","@id":"https:\/\/audepp.org\/portal\/comision-de-formacion-continua\/#breadcrumb","itemListElement":[{"@type":"ListItem","position":1,"name":"Home","item":"https:\/\/audepp.org\/portal\/"},{"@type":"ListItem","position":2,"name":"Comisi\u00f3n de Formaci\u00f3n Continua"}]},{"@type":"WebSite","@id":"https:\/\/audepp.org\/portal\/#website","url":"https:\/\/audepp.org\/portal\/","name":"Audepp","description":"","publisher":{"@id":"https:\/\/audepp.org\/portal\/#organization"},"potentialAction":[{"@type":"SearchAction","target":{"@type":"EntryPoint","urlTemplate":"https:\/\/audepp.org\/portal\/?s={search_term_string}"},"query-input":{"@type":"PropertyValueSpecification","valueRequired":true,"valueName":"search_term_string"}}],"inLanguage":"es"},{"@type":"Organization","@id":"https:\/\/audepp.org\/portal\/#organization","name":"Audepp","url":"https:\/\/audepp.org\/portal\/","logo":{"@type":"ImageObject","inLanguage":"es","@id":"https:\/\/audepp.org\/portal\/#\/schema\/logo\/image\/","url":"https:\/\/audepp.org\/portal\/wp-content\/uploads\/2025\/02\/cropped-cropped-cropped-image_invertida-1.png","contentUrl":"https:\/\/audepp.org\/portal\/wp-content\/uploads\/2025\/02\/cropped-cropped-cropped-image_invertida-1.png","width":980,"height":254,"caption":"Audepp"},"image":{"@id":"https:\/\/audepp.org\/portal\/#\/schema\/logo\/image\/"}}]}},"uagb_featured_image_src":{"full":false,"thumbnail":false,"medium":false,"medium_large":false,"large":false,"1536x1536":false,"2048x2048":false,"ultp_layout_landscape_large":false,"ultp_layout_landscape":false,"ultp_layout_portrait":false,"ultp_layout_square":false},"uagb_author_info":{"display_name":"admin","author_link":"https:\/\/audepp.org\/portal\/author\/admin\/"},"uagb_comment_info":0,"uagb_excerpt":"PER\u00cdODO 2024\/2025 Comisi\u00f3n de Formaci\u00f3n Continua D\u00eda de reuni\u00f3n: Lunes 20hs Integrantes SEMINARIOS 2025","_links":{"self":[{"href":"https:\/\/audepp.org\/portal\/wp-json\/wp\/v2\/pages\/11636","targetHints":{"allow":["GET"]}}],"collection":[{"href":"https:\/\/audepp.org\/portal\/wp-json\/wp\/v2\/pages"}],"about":[{"href":"https:\/\/audepp.org\/portal\/wp-json\/wp\/v2\/types\/page"}],"author":[{"embeddable":true,"href":"https:\/\/audepp.org\/portal\/wp-json\/wp\/v2\/users\/1"}],"replies":[{"embeddable":true,"href":"https:\/\/audepp.org\/portal\/wp-json\/wp\/v2\/comments?post=11636"}],"version-history":[{"count":56,"href":"https:\/\/audepp.org\/portal\/wp-json\/wp\/v2\/pages\/11636\/revisions"}],"predecessor-version":[{"id":18505,"href":"https:\/\/audepp.org\/portal\/wp-json\/wp\/v2\/pages\/11636\/revisions\/18505"}],"wp:attachment":[{"href":"https:\/\/audepp.org\/portal\/wp-json\/wp\/v2\/media?parent=11636"}],"curies":[{"name":"wp","href":"https:\/\/api.w.org\/{rel}","templated":true}]}}