{"id":11633,"date":"2019-12-31T12:40:40","date_gmt":"2019-12-31T15:40:40","guid":{"rendered":"http:\/\/localhost\/portal_old\/comision-de-derivaciones\/"},"modified":"2025-08-11T12:16:44","modified_gmt":"2025-08-11T15:16:44","slug":"comision-de-derivaciones","status":"publish","type":"page","link":"https:\/\/audepp.org\/portal\/comision-de-derivaciones\/","title":{"rendered":"Comisi\u00f3n de Derivaciones"},"content":{"rendered":"\n<div class=\"wp-block-uagb-container uagb-block-1o7aemri alignfull uagb-is-root-container\"><div class=\"uagb-container-inner-blocks-wrap\">\n<div class=\"wp-block-uagb-container uagb-block-iob6atb2\">\n<div class=\"wp-block-uagb-container uagb-block-tm8cjufm\">\n<p style=\"font-size:16px;line-height:1.7\">PER\u00cdODO 2023\/2025<\/p>\n\n\n\n<h4 class=\"wp-block-heading ticss-74028f1a has-black-color has-text-color has-link-color wp-elements-de9b1d449ff1006a38663635335ca9d7\" style=\"font-size:32px;font-style:normal;font-weight:700;line-height:1.7\">Comisi\u00f3n de Derivaciones<\/h4>\n\n\n\n<p class=\"ticss-b636b833\" style=\"font-size:16px;font-style:normal;font-weight:600;line-height:1.7\"><strong>D\u00eda de reuni\u00f3n:<\/strong>\u00a0Viernes 8:00 hs<br><br><strong>Integrantes<\/strong><\/p>\n\n\n\n<div class=\"wp-block-uagb-icon-list uagb-block-bhfosj4n\"><div class=\"uagb-icon-list__wrap\">\n<div class=\"wp-block-uagb-icon-list-child uagb-block-7b3bbd65\"><span class=\"uagb-icon-list__source-wrap\"><svg xmlns=\"https:\/\/www.w3.org\/2000\/svg\" viewBox=\"0 0 448 512\"><path d=\"M438.6 105.4C451.1 117.9 451.1 138.1 438.6 150.6L182.6 406.6C170.1 419.1 149.9 419.1 137.4 406.6L9.372 278.6C-3.124 266.1-3.124 245.9 9.372 233.4C21.87 220.9 42.13 220.9 54.63 233.4L159.1 338.7L393.4 105.4C405.9 92.88 426.1 92.88 438.6 105.4H438.6z\"><\/path><\/svg><\/span><span class=\"uagb-icon-list__label\"><strong>Coordinaci\u00f3n:<\/strong> Mar\u00eda Jos\u00e9 Gallas<\/span><\/div>\n\n\n\n<div class=\"wp-block-uagb-icon-list-child uagb-block-26e48741\"><span class=\"uagb-icon-list__source-wrap\"><svg xmlns=\"https:\/\/www.w3.org\/2000\/svg\" viewBox=\"0 0 448 512\"><path d=\"M438.6 105.4C451.1 117.9 451.1 138.1 438.6 150.6L182.6 406.6C170.1 419.1 149.9 419.1 137.4 406.6L9.372 278.6C-3.124 266.1-3.124 245.9 9.372 233.4C21.87 220.9 42.13 220.9 54.63 233.4L159.1 338.7L393.4 105.4C405.9 92.88 426.1 92.88 438.6 105.4H438.6z\"><\/path><\/svg><\/span><span class=\"uagb-icon-list__label\">Patricia Chiribao<\/span><\/div>\n\n\n\n<div class=\"wp-block-uagb-icon-list-child uagb-block-joawcv8y\"><span class=\"uagb-icon-list__source-wrap\"><svg xmlns=\"https:\/\/www.w3.org\/2000\/svg\" viewBox=\"0 0 448 512\"><path d=\"M438.6 105.4C451.1 117.9 451.1 138.1 438.6 150.6L182.6 406.6C170.1 419.1 149.9 419.1 137.4 406.6L9.372 278.6C-3.124 266.1-3.124 245.9 9.372 233.4C21.87 220.9 42.13 220.9 54.63 233.4L159.1 338.7L393.4 105.4C405.9 92.88 426.1 92.88 438.6 105.4H438.6z\"><\/path><\/svg><\/span><span class=\"uagb-icon-list__label\">Ma. Eugenia Corbo<\/span><\/div>\n\n\n\n<div class=\"wp-block-uagb-icon-list-child uagb-block-xpnrpngl\"><span class=\"uagb-icon-list__source-wrap\"><svg xmlns=\"https:\/\/www.w3.org\/2000\/svg\" viewBox=\"0 0 448 512\"><path d=\"M438.6 105.4C451.1 117.9 451.1 138.1 438.6 150.6L182.6 406.6C170.1 419.1 149.9 419.1 137.4 406.6L9.372 278.6C-3.124 266.1-3.124 245.9 9.372 233.4C21.87 220.9 42.13 220.9 54.63 233.4L159.1 338.7L393.4 105.4C405.9 92.88 426.1 92.88 438.6 105.4H438.6z\"><\/path><\/svg><\/span><span class=\"uagb-icon-list__label\">Florencia Jurado<\/span><\/div>\n\n\n\n<div class=\"wp-block-uagb-icon-list-child uagb-block-c8e2df7d\"><span class=\"uagb-icon-list__source-wrap\"><svg xmlns=\"https:\/\/www.w3.org\/2000\/svg\" viewBox=\"0 0 448 512\"><path d=\"M438.6 105.4C451.1 117.9 451.1 138.1 438.6 150.6L182.6 406.6C170.1 419.1 149.9 419.1 137.4 406.6L9.372 278.6C-3.124 266.1-3.124 245.9 9.372 233.4C21.87 220.9 42.13 220.9 54.63 233.4L159.1 338.7L393.4 105.4C405.9 92.88 426.1 92.88 438.6 105.4H438.6z\"><\/path><\/svg><\/span><span class=\"uagb-icon-list__label\">Cecilia Rey<\/span><\/div>\n\n\n\n<div class=\"wp-block-uagb-icon-list-child uagb-block-b4e3a222\"><span class=\"uagb-icon-list__source-wrap\"><svg xmlns=\"https:\/\/www.w3.org\/2000\/svg\" viewBox=\"0 0 448 512\"><path d=\"M438.6 105.4C451.1 117.9 451.1 138.1 438.6 150.6L182.6 406.6C170.1 419.1 149.9 419.1 137.4 406.6L9.372 278.6C-3.124 266.1-3.124 245.9 9.372 233.4C21.87 220.9 42.13 220.9 54.63 233.4L159.1 338.7L393.4 105.4C405.9 92.88 426.1 92.88 438.6 105.4H438.6z\"><\/path><\/svg><\/span><span class=\"uagb-icon-list__label\">Luc\u00eda Vald\u00e9z<\/span><\/div>\n<\/div><\/div>\n\n\n\n<p class=\"ticss-59f58ced\" style=\"font-size:16px;line-height:1.7\">AUDEPP&nbsp;como instituci\u00f3n dispone de una comisi\u00f3n que ofrece atenci\u00f3n psicoterap\u00e9utica a la comunidad.<\/p>\n\n\n\n<p class=\"ticss-59f58ced no_mb_no_pb\" style=\"font-size:16px;line-height:1.7\">Su principal tarea es recibir a consultantes interesados en comenzar un proceso psicoterap\u00e9utico y realizar las derivaciones correspondientes a psicoterapeutas que cuentan con el aval \u00e9tico y profesional de la instituci\u00f3n. El programa cuenta con una propuesta de arancel reducido, dirigido a: ni\u00f1os, adolescentes, adultos, adultos mayores, parejas y familias. <strong>Solicitamos a las personas interesadas comunicarse con secretar\u00eda de AUDEPP, tel\u00e9fono 24022066 \/ 24084985.<\/strong> All\u00ed se le pondr\u00e1 en contacto con un miembro de la comisi\u00f3n donde se coordinar\u00e1\u00a0d\u00eda\u00a0y\u00a0hora.<\/p>\n<\/div>\n\n\n\n<div class=\"wp-block-uagb-image alignleft uagb-block-gv1lhxs7 wp-block-uagb-image--layout-default wp-block-uagb-image--effect-static wp-block-uagb-image--align-left\"><figure class=\"wp-block-uagb-image__figure\"><img decoding=\"async\" srcset=\"https:\/\/audepp.org\/portal\/wp-content\/uploads\/2025\/07\/cuadro_marron-683x1024.png ,https:\/\/audepp.org\/portal\/wp-content\/uploads\/2025\/07\/cuadro_marron.png 780w, https:\/\/audepp.org\/portal\/wp-content\/uploads\/2025\/07\/cuadro_marron.png 360w\" sizes=\"auto, (max-width: 480px) 150px\" src=\"https:\/\/audepp.org\/portal\/wp-content\/uploads\/2025\/07\/cuadro_marron-683x1024.png\" alt=\"\" class=\"uag-image-16942\" width=\"564\" height=\"650\" title=\"cuadro_marron\" loading=\"lazy\" role=\"img\"\/><\/figure><\/div>\n<\/div>\n<\/div><\/div>\n","protected":false},"excerpt":{"rendered":"<p>PER\u00cdODO 2023\/2025 Comisi\u00f3n de Derivaciones D\u00eda de reuni\u00f3n:\u00a0Viernes 8:00 hs Integrantes AUDEPP&nbsp;como instituci\u00f3n dispone de una comisi\u00f3n que ofrece atenci\u00f3n psicoterap\u00e9utica a la comunidad. Su principal tarea es recibir a consultantes interesados en comenzar un proceso psicoterap\u00e9utico y realizar las derivaciones correspondientes a psicoterapeutas que cuentan con el aval \u00e9tico y profesional de la instituci\u00f3n. [&hellip;]<\/p>\n","protected":false},"author":1,"featured_media":0,"parent":0,"menu_order":0,"comment_status":"closed","ping_status":"closed","template":"","meta":{"_uag_custom_page_level_css":"","site-sidebar-layout":"default","site-content-layout":"","ast-site-content-layout":"","site-content-style":"default","site-sidebar-style":"default","ast-global-header-display":"","ast-banner-title-visibility":"","ast-main-header-display":"","ast-hfb-above-header-display":"","ast-hfb-below-header-display":"","ast-hfb-mobile-header-display":"","site-post-title":"","ast-breadcrumbs-content":"","ast-featured-img":"","footer-sml-layout":"","theme-transparent-header-meta":"","adv-header-id-meta":"","stick-header-meta":"","header-above-stick-meta":"","header-main-stick-meta":"","header-below-stick-meta":"","astra-migrate-meta-layouts":"default","ast-page-background-enabled":"default","ast-page-background-meta":{"desktop":{"background-color":"var(--ast-global-color-4)","background-image":"","background-repeat":"repeat","background-position":"center center","background-size":"auto","background-attachment":"scroll","background-type":"","background-media":"","overlay-type":"","overlay-color":"","overlay-opacity":"","overlay-gradient":""},"tablet":{"background-color":"","background-image":"","background-repeat":"repeat","background-position":"center center","background-size":"auto","background-attachment":"scroll","background-type":"","background-media":"","overlay-type":"","overlay-color":"","overlay-opacity":"","overlay-gradient":""},"mobile":{"background-color":"","background-image":"","background-repeat":"repeat","background-position":"center center","background-size":"auto","background-attachment":"scroll","background-type":"","background-media":"","overlay-type":"","overlay-color":"","overlay-opacity":"","overlay-gradient":""}},"ast-content-background-meta":{"desktop":{"background-color":"var(--ast-global-color-5)","background-image":"","background-repeat":"repeat","background-position":"center center","background-size":"auto","background-attachment":"scroll","background-type":"","background-media":"","overlay-type":"","overlay-color":"","overlay-opacity":"","overlay-gradient":""},"tablet":{"background-color":"var(--ast-global-color-5)","background-image":"","background-repeat":"repeat","background-position":"center center","background-size":"auto","background-attachment":"scroll","background-type":"","background-media":"","overlay-type":"","overlay-color":"","overlay-opacity":"","overlay-gradient":""},"mobile":{"background-color":"var(--ast-global-color-5)","background-image":"","background-repeat":"repeat","background-position":"center center","background-size":"auto","background-attachment":"scroll","background-type":"","background-media":"","overlay-type":"","overlay-color":"","overlay-opacity":"","overlay-gradient":""}},"_themeisle_gutenberg_block_has_review":false,"footnotes":""},"class_list":["post-11633","page","type-page","status-publish","hentry"],"yoast_head":"<!-- This site is optimized with the Yoast SEO plugin v25.5 - https:\/\/yoast.com\/wordpress\/plugins\/seo\/ -->\n<title>Comisi\u00f3n de Derivaciones - Audepp<\/title>\n<meta name=\"robots\" content=\"index, follow, max-snippet:-1, max-image-preview:large, max-video-preview:-1\" \/>\n<link rel=\"canonical\" href=\"https:\/\/audepp.org\/portal\/comision-de-derivaciones\/\" \/>\n<meta property=\"og:locale\" content=\"es_ES\" \/>\n<meta property=\"og:type\" content=\"article\" \/>\n<meta property=\"og:title\" content=\"Comisi\u00f3n de Derivaciones - Audepp\" \/>\n<meta property=\"og:description\" content=\"PER\u00cdODO 2023\/2025 Comisi\u00f3n de Derivaciones D\u00eda de reuni\u00f3n:\u00a0Viernes 8:00 hs Integrantes AUDEPP&nbsp;como instituci\u00f3n dispone de una comisi\u00f3n que ofrece atenci\u00f3n psicoterap\u00e9utica a la comunidad. Su principal tarea es recibir a consultantes interesados en comenzar un proceso psicoterap\u00e9utico y realizar las derivaciones correspondientes a psicoterapeutas que cuentan con el aval \u00e9tico y profesional de la instituci\u00f3n. [&hellip;]\" \/>\n<meta property=\"og:url\" content=\"https:\/\/audepp.org\/portal\/comision-de-derivaciones\/\" \/>\n<meta property=\"og:site_name\" content=\"Audepp\" \/>\n<meta property=\"article:modified_time\" content=\"2025-08-11T15:16:44+00:00\" \/>\n<meta property=\"og:image\" content=\"https:\/\/audepp.org\/portal\/wp-content\/uploads\/2025\/07\/cuadro_marron-683x1024.png\" \/>\n<meta name=\"twitter:card\" content=\"summary_large_image\" \/>\n<meta name=\"twitter:label1\" content=\"Tiempo de lectura\" \/>\n\t<meta name=\"twitter:data1\" content=\"1 minuto\" \/>\n<script type=\"application\/ld+json\" class=\"yoast-schema-graph\">{\"@context\":\"https:\/\/schema.org\",\"@graph\":[{\"@type\":\"WebPage\",\"@id\":\"https:\/\/audepp.org\/portal\/comision-de-derivaciones\/\",\"url\":\"https:\/\/audepp.org\/portal\/comision-de-derivaciones\/\",\"name\":\"Comisi\u00f3n de Derivaciones - Audepp\",\"isPartOf\":{\"@id\":\"https:\/\/audepp.org\/portal\/#website\"},\"primaryImageOfPage\":{\"@id\":\"https:\/\/audepp.org\/portal\/comision-de-derivaciones\/#primaryimage\"},\"image\":{\"@id\":\"https:\/\/audepp.org\/portal\/comision-de-derivaciones\/#primaryimage\"},\"thumbnailUrl\":\"https:\/\/audepp.org\/portal\/wp-content\/uploads\/2025\/07\/cuadro_marron-683x1024.png\",\"datePublished\":\"2019-12-31T15:40:40+00:00\",\"dateModified\":\"2025-08-11T15:16:44+00:00\",\"breadcrumb\":{\"@id\":\"https:\/\/audepp.org\/portal\/comision-de-derivaciones\/#breadcrumb\"},\"inLanguage\":\"es\",\"potentialAction\":[{\"@type\":\"ReadAction\",\"target\":[\"https:\/\/audepp.org\/portal\/comision-de-derivaciones\/\"]}]},{\"@type\":\"ImageObject\",\"inLanguage\":\"es\",\"@id\":\"https:\/\/audepp.org\/portal\/comision-de-derivaciones\/#primaryimage\",\"url\":\"https:\/\/audepp.org\/portal\/wp-content\/uploads\/2025\/07\/cuadro_marron.png\",\"contentUrl\":\"https:\/\/audepp.org\/portal\/wp-content\/uploads\/2025\/07\/cuadro_marron.png\",\"width\":1024,\"height\":1536},{\"@type\":\"BreadcrumbList\",\"@id\":\"https:\/\/audepp.org\/portal\/comision-de-derivaciones\/#breadcrumb\",\"itemListElement\":[{\"@type\":\"ListItem\",\"position\":1,\"name\":\"Home\",\"item\":\"https:\/\/audepp.org\/portal\/\"},{\"@type\":\"ListItem\",\"position\":2,\"name\":\"Comisi\u00f3n de Derivaciones\"}]},{\"@type\":\"WebSite\",\"@id\":\"https:\/\/audepp.org\/portal\/#website\",\"url\":\"https:\/\/audepp.org\/portal\/\",\"name\":\"Audepp\",\"description\":\"\",\"publisher\":{\"@id\":\"https:\/\/audepp.org\/portal\/#organization\"},\"potentialAction\":[{\"@type\":\"SearchAction\",\"target\":{\"@type\":\"EntryPoint\",\"urlTemplate\":\"https:\/\/audepp.org\/portal\/?s={search_term_string}\"},\"query-input\":{\"@type\":\"PropertyValueSpecification\",\"valueRequired\":true,\"valueName\":\"search_term_string\"}}],\"inLanguage\":\"es\"},{\"@type\":\"Organization\",\"@id\":\"https:\/\/audepp.org\/portal\/#organization\",\"name\":\"Audepp\",\"url\":\"https:\/\/audepp.org\/portal\/\",\"logo\":{\"@type\":\"ImageObject\",\"inLanguage\":\"es\",\"@id\":\"https:\/\/audepp.org\/portal\/#\/schema\/logo\/image\/\",\"url\":\"https:\/\/audepp.org\/portal\/wp-content\/uploads\/2025\/02\/cropped-cropped-cropped-image_invertida-1.png\",\"contentUrl\":\"https:\/\/audepp.org\/portal\/wp-content\/uploads\/2025\/02\/cropped-cropped-cropped-image_invertida-1.png\",\"width\":980,\"height\":254,\"caption\":\"Audepp\"},\"image\":{\"@id\":\"https:\/\/audepp.org\/portal\/#\/schema\/logo\/image\/\"}}]}<\/script>\n<!-- \/ Yoast SEO plugin. -->","yoast_head_json":{"title":"Comisi\u00f3n de Derivaciones - Audepp","robots":{"index":"index","follow":"follow","max-snippet":"max-snippet:-1","max-image-preview":"max-image-preview:large","max-video-preview":"max-video-preview:-1"},"canonical":"https:\/\/audepp.org\/portal\/comision-de-derivaciones\/","og_locale":"es_ES","og_type":"article","og_title":"Comisi\u00f3n de Derivaciones - Audepp","og_description":"PER\u00cdODO 2023\/2025 Comisi\u00f3n de Derivaciones D\u00eda de reuni\u00f3n:\u00a0Viernes 8:00 hs Integrantes AUDEPP&nbsp;como instituci\u00f3n dispone de una comisi\u00f3n que ofrece atenci\u00f3n psicoterap\u00e9utica a la comunidad. Su principal tarea es recibir a consultantes interesados en comenzar un proceso psicoterap\u00e9utico y realizar las derivaciones correspondientes a psicoterapeutas que cuentan con el aval \u00e9tico y profesional de la instituci\u00f3n. [&hellip;]","og_url":"https:\/\/audepp.org\/portal\/comision-de-derivaciones\/","og_site_name":"Audepp","article_modified_time":"2025-08-11T15:16:44+00:00","og_image":[{"url":"https:\/\/audepp.org\/portal\/wp-content\/uploads\/2025\/07\/cuadro_marron-683x1024.png","type":"","width":"","height":""}],"twitter_card":"summary_large_image","twitter_misc":{"Tiempo de lectura":"1 minuto"},"schema":{"@context":"https:\/\/schema.org","@graph":[{"@type":"WebPage","@id":"https:\/\/audepp.org\/portal\/comision-de-derivaciones\/","url":"https:\/\/audepp.org\/portal\/comision-de-derivaciones\/","name":"Comisi\u00f3n de Derivaciones - Audepp","isPartOf":{"@id":"https:\/\/audepp.org\/portal\/#website"},"primaryImageOfPage":{"@id":"https:\/\/audepp.org\/portal\/comision-de-derivaciones\/#primaryimage"},"image":{"@id":"https:\/\/audepp.org\/portal\/comision-de-derivaciones\/#primaryimage"},"thumbnailUrl":"https:\/\/audepp.org\/portal\/wp-content\/uploads\/2025\/07\/cuadro_marron-683x1024.png","datePublished":"2019-12-31T15:40:40+00:00","dateModified":"2025-08-11T15:16:44+00:00","breadcrumb":{"@id":"https:\/\/audepp.org\/portal\/comision-de-derivaciones\/#breadcrumb"},"inLanguage":"es","potentialAction":[{"@type":"ReadAction","target":["https:\/\/audepp.org\/portal\/comision-de-derivaciones\/"]}]},{"@type":"ImageObject","inLanguage":"es","@id":"https:\/\/audepp.org\/portal\/comision-de-derivaciones\/#primaryimage","url":"https:\/\/audepp.org\/portal\/wp-content\/uploads\/2025\/07\/cuadro_marron.png","contentUrl":"https:\/\/audepp.org\/portal\/wp-content\/uploads\/2025\/07\/cuadro_marron.png","width":1024,"height":1536},{"@type":"BreadcrumbList","@id":"https:\/\/audepp.org\/portal\/comision-de-derivaciones\/#breadcrumb","itemListElement":[{"@type":"ListItem","position":1,"name":"Home","item":"https:\/\/audepp.org\/portal\/"},{"@type":"ListItem","position":2,"name":"Comisi\u00f3n de Derivaciones"}]},{"@type":"WebSite","@id":"https:\/\/audepp.org\/portal\/#website","url":"https:\/\/audepp.org\/portal\/","name":"Audepp","description":"","publisher":{"@id":"https:\/\/audepp.org\/portal\/#organization"},"potentialAction":[{"@type":"SearchAction","target":{"@type":"EntryPoint","urlTemplate":"https:\/\/audepp.org\/portal\/?s={search_term_string}"},"query-input":{"@type":"PropertyValueSpecification","valueRequired":true,"valueName":"search_term_string"}}],"inLanguage":"es"},{"@type":"Organization","@id":"https:\/\/audepp.org\/portal\/#organization","name":"Audepp","url":"https:\/\/audepp.org\/portal\/","logo":{"@type":"ImageObject","inLanguage":"es","@id":"https:\/\/audepp.org\/portal\/#\/schema\/logo\/image\/","url":"https:\/\/audepp.org\/portal\/wp-content\/uploads\/2025\/02\/cropped-cropped-cropped-image_invertida-1.png","contentUrl":"https:\/\/audepp.org\/portal\/wp-content\/uploads\/2025\/02\/cropped-cropped-cropped-image_invertida-1.png","width":980,"height":254,"caption":"Audepp"},"image":{"@id":"https:\/\/audepp.org\/portal\/#\/schema\/logo\/image\/"}}]}},"uagb_featured_image_src":{"full":false,"thumbnail":false,"medium":false,"medium_large":false,"large":false,"1536x1536":false,"2048x2048":false,"ultp_layout_landscape_large":false,"ultp_layout_landscape":false,"ultp_layout_portrait":false,"ultp_layout_square":false},"uagb_author_info":{"display_name":"admin","author_link":"https:\/\/audepp.org\/portal\/author\/admin\/"},"uagb_comment_info":0,"uagb_excerpt":"PER\u00cdODO 2023\/2025 Comisi\u00f3n de Derivaciones D\u00eda de reuni\u00f3n:\u00a0Viernes 8:00 hs Integrantes AUDEPP&nbsp;como instituci\u00f3n dispone de una comisi\u00f3n que ofrece atenci\u00f3n psicoterap\u00e9utica a la comunidad. Su principal tarea es recibir a consultantes interesados en comenzar un proceso psicoterap\u00e9utico y realizar las derivaciones correspondientes a psicoterapeutas que cuentan con el aval \u00e9tico y profesional de la instituci\u00f3n.&hellip;","_links":{"self":[{"href":"https:\/\/audepp.org\/portal\/wp-json\/wp\/v2\/pages\/11633","targetHints":{"allow":["GET"]}}],"collection":[{"href":"https:\/\/audepp.org\/portal\/wp-json\/wp\/v2\/pages"}],"about":[{"href":"https:\/\/audepp.org\/portal\/wp-json\/wp\/v2\/types\/page"}],"author":[{"embeddable":true,"href":"https:\/\/audepp.org\/portal\/wp-json\/wp\/v2\/users\/1"}],"replies":[{"embeddable":true,"href":"https:\/\/audepp.org\/portal\/wp-json\/wp\/v2\/comments?post=11633"}],"version-history":[{"count":14,"href":"https:\/\/audepp.org\/portal\/wp-json\/wp\/v2\/pages\/11633\/revisions"}],"predecessor-version":[{"id":17586,"href":"https:\/\/audepp.org\/portal\/wp-json\/wp\/v2\/pages\/11633\/revisions\/17586"}],"wp:attachment":[{"href":"https:\/\/audepp.org\/portal\/wp-json\/wp\/v2\/media?parent=11633"}],"curies":[{"name":"wp","href":"https:\/\/api.w.org\/{rel}","templated":true}]}}