{"id":11619,"date":"2019-12-31T12:22:11","date_gmt":"2019-12-31T15:22:11","guid":{"rendered":"http:\/\/localhost\/portal_old\/comision-publicaciones\/"},"modified":"2025-08-11T12:06:08","modified_gmt":"2025-08-11T15:06:08","slug":"consejo-editorial-de-equinoccio","status":"publish","type":"page","link":"https:\/\/audepp.org\/portal\/consejo-editorial-de-equinoccio\/","title":{"rendered":"Consejo Editorial de Equinoccio"},"content":{"rendered":"\n<div class=\"wp-block-uagb-container uagb-block-p7hmpy15 alignfull uagb-is-root-container\"><div class=\"uagb-container-inner-blocks-wrap\">\n<div class=\"wp-block-uagb-container uagb-block-c4ijad3y\">\n<div class=\"wp-block-uagb-container uagb-block-tm8cjufm\">\n<p>PER\u00cdODO 2023\/2025<\/p>\n\n\n\n<h3 class=\"wp-block-heading ticss-74028f1a has-black-color has-text-color has-link-color wp-elements-2a89b01af4eb1d22cf8be059d53d8bd2\" style=\"font-size:32px;font-style:normal;font-weight:700;line-height:1.7\">Consejo Editorial de Equinoccio<\/h3>\n\n\n\n<p class=\"ticss-b636b833\" style=\"font-size:16px;font-style:normal;font-weight:600;line-height:1.7\">D\u00eda de reuni\u00f3n: Viernes 12:30 hs (quincenal)<\/p>\n\n\n\n<p class=\"ticss-b636b833\" style=\"font-size:15px;font-style:normal;font-weight:600\"><br><\/p>\n\n\n\n<p style=\"font-size:16px;line-height:1.7\">Las publicaciones institucionales son el lugar donde se plasma el trabajo cient\u00edfico, ya sea este personal o emanado de los grupos. Tambi\u00e9n expone ante un p\u00fablico m\u00e1s amplio la validez y el alcance de nuestra visi\u00f3n del psicoan\u00e1lisis, su vigencia y los hallazgos que la investigaci\u00f3n sistem\u00e1tica viene aport\u00e1ndonos. Equinoccio es una revista bi anual y tiene un tema central cada vez. Adem\u00e1s de la versi\u00f3n en papel contamos con una versi\u00f3n digital que ser\u00e1 colocada en los espacios de recuperaci\u00f3n de producci\u00f3n cient\u00edfica de mayor consulta a nivel&nbsp; internacional.<\/p>\n\n\n\n<p class=\"ticss-2d17814a\" style=\"font-size:16px;line-height:1.7\"><strong>Integrantes<\/strong><\/p>\n\n\n\n<div class=\"wp-block-uagb-icon-list uagb-block-bhfosj4n\"><div class=\"uagb-icon-list__wrap\">\n<div class=\"wp-block-uagb-icon-list-child uagb-block-cfc0bfdd\"><span class=\"uagb-icon-list__source-wrap\"><svg xmlns=\"https:\/\/www.w3.org\/2000\/svg\" viewBox=\"0 0 448 512\"><path d=\"M438.6 105.4C451.1 117.9 451.1 138.1 438.6 150.6L182.6 406.6C170.1 419.1 149.9 419.1 137.4 406.6L9.372 278.6C-3.124 266.1-3.124 245.9 9.372 233.4C21.87 220.9 42.13 220.9 54.63 233.4L159.1 338.7L393.4 105.4C405.9 92.88 426.1 92.88 438.6 105.4H438.6z\"><\/path><\/svg><\/span><span class=\"uagb-icon-list__label\"><strong>Coordinaci\u00f3n:<\/strong> Laura de Souza<\/span><\/div>\n\n\n\n<div class=\"wp-block-uagb-icon-list-child uagb-block-joawcv8y\"><span class=\"uagb-icon-list__source-wrap\"><svg xmlns=\"https:\/\/www.w3.org\/2000\/svg\" viewBox=\"0 0 448 512\"><path d=\"M438.6 105.4C451.1 117.9 451.1 138.1 438.6 150.6L182.6 406.6C170.1 419.1 149.9 419.1 137.4 406.6L9.372 278.6C-3.124 266.1-3.124 245.9 9.372 233.4C21.87 220.9 42.13 220.9 54.63 233.4L159.1 338.7L393.4 105.4C405.9 92.88 426.1 92.88 438.6 105.4H438.6z\"><\/path><\/svg><\/span><span class=\"uagb-icon-list__label\">Diego Monetti<\/span><\/div>\n\n\n\n<div class=\"wp-block-uagb-icon-list-child uagb-block-xpnrpngl\"><span class=\"uagb-icon-list__source-wrap\"><svg xmlns=\"https:\/\/www.w3.org\/2000\/svg\" viewBox=\"0 0 448 512\"><path d=\"M438.6 105.4C451.1 117.9 451.1 138.1 438.6 150.6L182.6 406.6C170.1 419.1 149.9 419.1 137.4 406.6L9.372 278.6C-3.124 266.1-3.124 245.9 9.372 233.4C21.87 220.9 42.13 220.9 54.63 233.4L159.1 338.7L393.4 105.4C405.9 92.88 426.1 92.88 438.6 105.4H438.6z\"><\/path><\/svg><\/span><span class=\"uagb-icon-list__label\">Mar\u00eda Eugenia Noble<\/span><\/div>\n\n\n\n<div class=\"wp-block-uagb-icon-list-child uagb-block-tdgsztup\"><span class=\"uagb-icon-list__source-wrap\"><svg xmlns=\"https:\/\/www.w3.org\/2000\/svg\" viewBox=\"0 0 448 512\"><path d=\"M438.6 105.4C451.1 117.9 451.1 138.1 438.6 150.6L182.6 406.6C170.1 419.1 149.9 419.1 137.4 406.6L9.372 278.6C-3.124 266.1-3.124 245.9 9.372 233.4C21.87 220.9 42.13 220.9 54.63 233.4L159.1 338.7L393.4 105.4C405.9 92.88 426.1 92.88 438.6 105.4H438.6z\"><\/path><\/svg><\/span><span class=\"uagb-icon-list__label\">Mariana Payr\u00e1<\/span><\/div>\n\n\n\n<div class=\"wp-block-uagb-icon-list-child uagb-block-xj5julyn\"><span class=\"uagb-icon-list__source-wrap\"><svg xmlns=\"https:\/\/www.w3.org\/2000\/svg\" viewBox=\"0 0 448 512\"><path d=\"M438.6 105.4C451.1 117.9 451.1 138.1 438.6 150.6L182.6 406.6C170.1 419.1 149.9 419.1 137.4 406.6L9.372 278.6C-3.124 266.1-3.124 245.9 9.372 233.4C21.87 220.9 42.13 220.9 54.63 233.4L159.1 338.7L393.4 105.4C405.9 92.88 426.1 92.88 438.6 105.4H438.6z\"><\/path><\/svg><\/span><span class=\"uagb-icon-list__label\">Mariano Revello<\/span><\/div>\n\n\n\n<div class=\"wp-block-uagb-icon-list-child uagb-block-572f646c\"><span class=\"uagb-icon-list__source-wrap\"><svg xmlns=\"https:\/\/www.w3.org\/2000\/svg\" viewBox=\"0 0 448 512\"><path d=\"M438.6 105.4C451.1 117.9 451.1 138.1 438.6 150.6L182.6 406.6C170.1 419.1 149.9 419.1 137.4 406.6L9.372 278.6C-3.124 266.1-3.124 245.9 9.372 233.4C21.87 220.9 42.13 220.9 54.63 233.4L159.1 338.7L393.4 105.4C405.9 92.88 426.1 92.88 438.6 105.4H438.6z\"><\/path><\/svg><\/span><span class=\"uagb-icon-list__label\">Leticia Pombo<\/span><\/div>\n<\/div><\/div>\n<\/div>\n<\/div>\n\n\n\n<div class=\"wp-block-uagb-image uagb-block-cznwdaxh wp-block-uagb-image--layout-default wp-block-uagb-image--effect-static wp-block-uagb-image--align-none\"><figure class=\"wp-block-uagb-image__figure\"><img decoding=\"async\" srcset=\"https:\/\/audepp.org\/portal\/wp-content\/uploads\/2025\/07\/vidrio_mejorado-1024x683.png ,https:\/\/audepp.org\/portal\/wp-content\/uploads\/2025\/07\/vidrio_mejorado.png 780w, https:\/\/audepp.org\/portal\/wp-content\/uploads\/2025\/07\/vidrio_mejorado.png 360w\" sizes=\"auto, (max-width: 480px) 150px\" src=\"https:\/\/audepp.org\/portal\/wp-content\/uploads\/2025\/07\/vidrio_mejorado-1024x683.png\" alt=\"\" class=\"uag-image-16973\" width=\"564\" height=\"720\" title=\"vidrio_mejorado\" loading=\"lazy\" role=\"img\"\/><\/figure><\/div>\n<\/div><\/div>\n","protected":false},"excerpt":{"rendered":"<p>PER\u00cdODO 2023\/2025 Consejo Editorial de Equinoccio D\u00eda de reuni\u00f3n: Viernes 12:30 hs (quincenal) Las publicaciones institucionales son el lugar donde se plasma el trabajo cient\u00edfico, ya sea este personal o emanado de los grupos. Tambi\u00e9n expone ante un p\u00fablico m\u00e1s amplio la validez y el alcance de nuestra visi\u00f3n del psicoan\u00e1lisis, su vigencia y los [&hellip;]<\/p>\n","protected":false},"author":1,"featured_media":0,"parent":0,"menu_order":0,"comment_status":"closed","ping_status":"closed","template":"","meta":{"_uag_custom_page_level_css":"","site-sidebar-layout":"default","site-content-layout":"","ast-site-content-layout":"","site-content-style":"default","site-sidebar-style":"default","ast-global-header-display":"","ast-banner-title-visibility":"","ast-main-header-display":"","ast-hfb-above-header-display":"","ast-hfb-below-header-display":"","ast-hfb-mobile-header-display":"","site-post-title":"","ast-breadcrumbs-content":"","ast-featured-img":"","footer-sml-layout":"","theme-transparent-header-meta":"","adv-header-id-meta":"","stick-header-meta":"","header-above-stick-meta":"","header-main-stick-meta":"","header-below-stick-meta":"","astra-migrate-meta-layouts":"default","ast-page-background-enabled":"default","ast-page-background-meta":{"desktop":{"background-color":"var(--ast-global-color-4)","background-image":"","background-repeat":"repeat","background-position":"center center","background-size":"auto","background-attachment":"scroll","background-type":"","background-media":"","overlay-type":"","overlay-color":"","overlay-opacity":"","overlay-gradient":""},"tablet":{"background-color":"","background-image":"","background-repeat":"repeat","background-position":"center center","background-size":"auto","background-attachment":"scroll","background-type":"","background-media":"","overlay-type":"","overlay-color":"","overlay-opacity":"","overlay-gradient":""},"mobile":{"background-color":"","background-image":"","background-repeat":"repeat","background-position":"center center","background-size":"auto","background-attachment":"scroll","background-type":"","background-media":"","overlay-type":"","overlay-color":"","overlay-opacity":"","overlay-gradient":""}},"ast-content-background-meta":{"desktop":{"background-color":"var(--ast-global-color-5)","background-image":"","background-repeat":"repeat","background-position":"center center","background-size":"auto","background-attachment":"scroll","background-type":"","background-media":"","overlay-type":"","overlay-color":"","overlay-opacity":"","overlay-gradient":""},"tablet":{"background-color":"var(--ast-global-color-5)","background-image":"","background-repeat":"repeat","background-position":"center center","background-size":"auto","background-attachment":"scroll","background-type":"","background-media":"","overlay-type":"","overlay-color":"","overlay-opacity":"","overlay-gradient":""},"mobile":{"background-color":"var(--ast-global-color-5)","background-image":"","background-repeat":"repeat","background-position":"center center","background-size":"auto","background-attachment":"scroll","background-type":"","background-media":"","overlay-type":"","overlay-color":"","overlay-opacity":"","overlay-gradient":""}},"_themeisle_gutenberg_block_has_review":false,"footnotes":""},"class_list":["post-11619","page","type-page","status-publish","hentry"],"yoast_head":"<!-- This site is optimized with the Yoast SEO plugin v25.5 - https:\/\/yoast.com\/wordpress\/plugins\/seo\/ -->\n<title>Consejo Editorial de Equinoccio - Audepp<\/title>\n<meta name=\"robots\" content=\"index, follow, max-snippet:-1, max-image-preview:large, max-video-preview:-1\" \/>\n<link rel=\"canonical\" href=\"https:\/\/audepp.org\/portal\/consejo-editorial-de-equinoccio\/\" \/>\n<meta property=\"og:locale\" content=\"es_ES\" \/>\n<meta property=\"og:type\" content=\"article\" \/>\n<meta property=\"og:title\" content=\"Consejo Editorial de Equinoccio - Audepp\" \/>\n<meta property=\"og:description\" content=\"PER\u00cdODO 2023\/2025 Consejo Editorial de Equinoccio D\u00eda de reuni\u00f3n: Viernes 12:30 hs (quincenal) Las publicaciones institucionales son el lugar donde se plasma el trabajo cient\u00edfico, ya sea este personal o emanado de los grupos. Tambi\u00e9n expone ante un p\u00fablico m\u00e1s amplio la validez y el alcance de nuestra visi\u00f3n del psicoan\u00e1lisis, su vigencia y los [&hellip;]\" \/>\n<meta property=\"og:url\" content=\"https:\/\/audepp.org\/portal\/consejo-editorial-de-equinoccio\/\" \/>\n<meta property=\"og:site_name\" content=\"Audepp\" \/>\n<meta property=\"article:modified_time\" content=\"2025-08-11T15:06:08+00:00\" \/>\n<meta property=\"og:image\" content=\"https:\/\/audepp.org\/portal\/wp-content\/uploads\/2025\/07\/vidrio_mejorado-1024x683.png\" \/>\n<meta name=\"twitter:card\" content=\"summary_large_image\" \/>\n<meta name=\"twitter:label1\" content=\"Tiempo de lectura\" \/>\n\t<meta name=\"twitter:data1\" content=\"1 minuto\" \/>\n<script type=\"application\/ld+json\" class=\"yoast-schema-graph\">{\"@context\":\"https:\/\/schema.org\",\"@graph\":[{\"@type\":\"WebPage\",\"@id\":\"https:\/\/audepp.org\/portal\/consejo-editorial-de-equinoccio\/\",\"url\":\"https:\/\/audepp.org\/portal\/consejo-editorial-de-equinoccio\/\",\"name\":\"Consejo Editorial de Equinoccio - Audepp\",\"isPartOf\":{\"@id\":\"https:\/\/audepp.org\/portal\/#website\"},\"primaryImageOfPage\":{\"@id\":\"https:\/\/audepp.org\/portal\/consejo-editorial-de-equinoccio\/#primaryimage\"},\"image\":{\"@id\":\"https:\/\/audepp.org\/portal\/consejo-editorial-de-equinoccio\/#primaryimage\"},\"thumbnailUrl\":\"https:\/\/audepp.org\/portal\/wp-content\/uploads\/2025\/07\/vidrio_mejorado-1024x683.png\",\"datePublished\":\"2019-12-31T15:22:11+00:00\",\"dateModified\":\"2025-08-11T15:06:08+00:00\",\"breadcrumb\":{\"@id\":\"https:\/\/audepp.org\/portal\/consejo-editorial-de-equinoccio\/#breadcrumb\"},\"inLanguage\":\"es\",\"potentialAction\":[{\"@type\":\"ReadAction\",\"target\":[\"https:\/\/audepp.org\/portal\/consejo-editorial-de-equinoccio\/\"]}]},{\"@type\":\"ImageObject\",\"inLanguage\":\"es\",\"@id\":\"https:\/\/audepp.org\/portal\/consejo-editorial-de-equinoccio\/#primaryimage\",\"url\":\"https:\/\/audepp.org\/portal\/wp-content\/uploads\/2025\/07\/vidrio_mejorado.png\",\"contentUrl\":\"https:\/\/audepp.org\/portal\/wp-content\/uploads\/2025\/07\/vidrio_mejorado.png\",\"width\":1536,\"height\":1024},{\"@type\":\"BreadcrumbList\",\"@id\":\"https:\/\/audepp.org\/portal\/consejo-editorial-de-equinoccio\/#breadcrumb\",\"itemListElement\":[{\"@type\":\"ListItem\",\"position\":1,\"name\":\"Home\",\"item\":\"https:\/\/audepp.org\/portal\/\"},{\"@type\":\"ListItem\",\"position\":2,\"name\":\"Consejo Editorial de Equinoccio\"}]},{\"@type\":\"WebSite\",\"@id\":\"https:\/\/audepp.org\/portal\/#website\",\"url\":\"https:\/\/audepp.org\/portal\/\",\"name\":\"Audepp\",\"description\":\"\",\"publisher\":{\"@id\":\"https:\/\/audepp.org\/portal\/#organization\"},\"potentialAction\":[{\"@type\":\"SearchAction\",\"target\":{\"@type\":\"EntryPoint\",\"urlTemplate\":\"https:\/\/audepp.org\/portal\/?s={search_term_string}\"},\"query-input\":{\"@type\":\"PropertyValueSpecification\",\"valueRequired\":true,\"valueName\":\"search_term_string\"}}],\"inLanguage\":\"es\"},{\"@type\":\"Organization\",\"@id\":\"https:\/\/audepp.org\/portal\/#organization\",\"name\":\"Audepp\",\"url\":\"https:\/\/audepp.org\/portal\/\",\"logo\":{\"@type\":\"ImageObject\",\"inLanguage\":\"es\",\"@id\":\"https:\/\/audepp.org\/portal\/#\/schema\/logo\/image\/\",\"url\":\"https:\/\/audepp.org\/portal\/wp-content\/uploads\/2025\/02\/cropped-cropped-cropped-image_invertida-1.png\",\"contentUrl\":\"https:\/\/audepp.org\/portal\/wp-content\/uploads\/2025\/02\/cropped-cropped-cropped-image_invertida-1.png\",\"width\":980,\"height\":254,\"caption\":\"Audepp\"},\"image\":{\"@id\":\"https:\/\/audepp.org\/portal\/#\/schema\/logo\/image\/\"}}]}<\/script>\n<!-- \/ Yoast SEO plugin. -->","yoast_head_json":{"title":"Consejo Editorial de Equinoccio - Audepp","robots":{"index":"index","follow":"follow","max-snippet":"max-snippet:-1","max-image-preview":"max-image-preview:large","max-video-preview":"max-video-preview:-1"},"canonical":"https:\/\/audepp.org\/portal\/consejo-editorial-de-equinoccio\/","og_locale":"es_ES","og_type":"article","og_title":"Consejo Editorial de Equinoccio - Audepp","og_description":"PER\u00cdODO 2023\/2025 Consejo Editorial de Equinoccio D\u00eda de reuni\u00f3n: Viernes 12:30 hs (quincenal) Las publicaciones institucionales son el lugar donde se plasma el trabajo cient\u00edfico, ya sea este personal o emanado de los grupos. Tambi\u00e9n expone ante un p\u00fablico m\u00e1s amplio la validez y el alcance de nuestra visi\u00f3n del psicoan\u00e1lisis, su vigencia y los [&hellip;]","og_url":"https:\/\/audepp.org\/portal\/consejo-editorial-de-equinoccio\/","og_site_name":"Audepp","article_modified_time":"2025-08-11T15:06:08+00:00","og_image":[{"url":"https:\/\/audepp.org\/portal\/wp-content\/uploads\/2025\/07\/vidrio_mejorado-1024x683.png","type":"","width":"","height":""}],"twitter_card":"summary_large_image","twitter_misc":{"Tiempo de lectura":"1 minuto"},"schema":{"@context":"https:\/\/schema.org","@graph":[{"@type":"WebPage","@id":"https:\/\/audepp.org\/portal\/consejo-editorial-de-equinoccio\/","url":"https:\/\/audepp.org\/portal\/consejo-editorial-de-equinoccio\/","name":"Consejo Editorial de Equinoccio - Audepp","isPartOf":{"@id":"https:\/\/audepp.org\/portal\/#website"},"primaryImageOfPage":{"@id":"https:\/\/audepp.org\/portal\/consejo-editorial-de-equinoccio\/#primaryimage"},"image":{"@id":"https:\/\/audepp.org\/portal\/consejo-editorial-de-equinoccio\/#primaryimage"},"thumbnailUrl":"https:\/\/audepp.org\/portal\/wp-content\/uploads\/2025\/07\/vidrio_mejorado-1024x683.png","datePublished":"2019-12-31T15:22:11+00:00","dateModified":"2025-08-11T15:06:08+00:00","breadcrumb":{"@id":"https:\/\/audepp.org\/portal\/consejo-editorial-de-equinoccio\/#breadcrumb"},"inLanguage":"es","potentialAction":[{"@type":"ReadAction","target":["https:\/\/audepp.org\/portal\/consejo-editorial-de-equinoccio\/"]}]},{"@type":"ImageObject","inLanguage":"es","@id":"https:\/\/audepp.org\/portal\/consejo-editorial-de-equinoccio\/#primaryimage","url":"https:\/\/audepp.org\/portal\/wp-content\/uploads\/2025\/07\/vidrio_mejorado.png","contentUrl":"https:\/\/audepp.org\/portal\/wp-content\/uploads\/2025\/07\/vidrio_mejorado.png","width":1536,"height":1024},{"@type":"BreadcrumbList","@id":"https:\/\/audepp.org\/portal\/consejo-editorial-de-equinoccio\/#breadcrumb","itemListElement":[{"@type":"ListItem","position":1,"name":"Home","item":"https:\/\/audepp.org\/portal\/"},{"@type":"ListItem","position":2,"name":"Consejo Editorial de Equinoccio"}]},{"@type":"WebSite","@id":"https:\/\/audepp.org\/portal\/#website","url":"https:\/\/audepp.org\/portal\/","name":"Audepp","description":"","publisher":{"@id":"https:\/\/audepp.org\/portal\/#organization"},"potentialAction":[{"@type":"SearchAction","target":{"@type":"EntryPoint","urlTemplate":"https:\/\/audepp.org\/portal\/?s={search_term_string}"},"query-input":{"@type":"PropertyValueSpecification","valueRequired":true,"valueName":"search_term_string"}}],"inLanguage":"es"},{"@type":"Organization","@id":"https:\/\/audepp.org\/portal\/#organization","name":"Audepp","url":"https:\/\/audepp.org\/portal\/","logo":{"@type":"ImageObject","inLanguage":"es","@id":"https:\/\/audepp.org\/portal\/#\/schema\/logo\/image\/","url":"https:\/\/audepp.org\/portal\/wp-content\/uploads\/2025\/02\/cropped-cropped-cropped-image_invertida-1.png","contentUrl":"https:\/\/audepp.org\/portal\/wp-content\/uploads\/2025\/02\/cropped-cropped-cropped-image_invertida-1.png","width":980,"height":254,"caption":"Audepp"},"image":{"@id":"https:\/\/audepp.org\/portal\/#\/schema\/logo\/image\/"}}]}},"uagb_featured_image_src":{"full":false,"thumbnail":false,"medium":false,"medium_large":false,"large":false,"1536x1536":false,"2048x2048":false,"ultp_layout_landscape_large":false,"ultp_layout_landscape":false,"ultp_layout_portrait":false,"ultp_layout_square":false},"uagb_author_info":{"display_name":"admin","author_link":"https:\/\/audepp.org\/portal\/author\/admin\/"},"uagb_comment_info":0,"uagb_excerpt":"PER\u00cdODO 2023\/2025 Consejo Editorial de Equinoccio D\u00eda de reuni\u00f3n: Viernes 12:30 hs (quincenal) Las publicaciones institucionales son el lugar donde se plasma el trabajo cient\u00edfico, ya sea este personal o emanado de los grupos. Tambi\u00e9n expone ante un p\u00fablico m\u00e1s amplio la validez y el alcance de nuestra visi\u00f3n del psicoan\u00e1lisis, su vigencia y los&hellip;","_links":{"self":[{"href":"https:\/\/audepp.org\/portal\/wp-json\/wp\/v2\/pages\/11619","targetHints":{"allow":["GET"]}}],"collection":[{"href":"https:\/\/audepp.org\/portal\/wp-json\/wp\/v2\/pages"}],"about":[{"href":"https:\/\/audepp.org\/portal\/wp-json\/wp\/v2\/types\/page"}],"author":[{"embeddable":true,"href":"https:\/\/audepp.org\/portal\/wp-json\/wp\/v2\/users\/1"}],"replies":[{"embeddable":true,"href":"https:\/\/audepp.org\/portal\/wp-json\/wp\/v2\/comments?post=11619"}],"version-history":[{"count":10,"href":"https:\/\/audepp.org\/portal\/wp-json\/wp\/v2\/pages\/11619\/revisions"}],"predecessor-version":[{"id":17519,"href":"https:\/\/audepp.org\/portal\/wp-json\/wp\/v2\/pages\/11619\/revisions\/17519"}],"wp:attachment":[{"href":"https:\/\/audepp.org\/portal\/wp-json\/wp\/v2\/media?parent=11619"}],"curies":[{"name":"wp","href":"https:\/\/api.w.org\/{rel}","templated":true}]}}